{"id":2440,"date":"2019-12-13T15:02:12","date_gmt":"2019-12-13T23:02:12","guid":{"rendered":"https:\/\/serr.disabilityrightsca.org\/?page_id=2440"},"modified":"2020-07-14T15:40:38","modified_gmt":"2020-07-14T22:40:38","slug":"8-20-what-rights-do-i-have-if-i-disagree-with-the-section-504-determination-about-my-childs-behavior","status":"publish","type":"page","link":"https:\/\/serr.disabilityrightsca.org\/sp\/serr-manual\/capitulo-8-informacion-sobre-la-disciplina-de-alumnos-con-discapacidades\/8-20-what-rights-do-i-have-if-i-disagree-with-the-section-504-determination-about-my-childs-behavior\/","title":{"rendered":"(8.20) What rights do I have if I disagree with the Section 504 determination about my child\u2019s behavior?"},"content":{"rendered":"\n<p>Si no est\u00e1 de acuerdo con la\ndeterminaci\u00f3n de que la conducta no est\u00e1 relacionada con la discapacidad del\nalumno, o con la propuesta de colocaci\u00f3n cuando se determina que la conducta s\u00ed\nfue resultado de la discapacidad, puede solicitar una audiencia conforme al\nart\u00edculo 504. Los reglamentos requieren que dicha audiencia sea imparcial y que\nlos padres tengan la oportunidad de participar y de tener un representante\nlegal. [34 C.F.R. 104.36]. A diferencia de los procedimientos disciplinarios de\neducaci\u00f3n especial, cada distrito escolar establece sus propios procedimientos\npara la audiencia conforme al art\u00edculo 504. El distrito elige a un funcionario\nde la audiencia para que tome una decisi\u00f3n acerca del desacuerdo. La OCR ha\nestablecido que los empleados y los miembros del consejo de su distrito no\npueden obrar como funcionarios de la audiencia. Si otro distrito celebr\u00f3 un\ncontrato conjunto con su distrito para brindar servicios a los alumnos con\ndiscapacidades, sus empleados tampoco pueden obrar como funcionarios de la\naudiencia. [<em>Letter to Anonymous<\/em>,18 IDELR 230 (OCR 1991)]. <\/p>\n\n\n\n<p>Existe otra distinci\u00f3n importante entre\nlos procedimientos disciplinarios de educaci\u00f3n especial y aquellos contemplados\nen el art\u00edculo 504. <strong>A diferencia de los\nprocedimientos disciplinarios de la ley IDEA, los del art\u00edculo 504 no\ncontemplan una disposici\u00f3n de \u201cno innovar\u201d.<\/strong> Por lo tanto, la colocaci\u00f3n de\nun alumno conforme a este art\u00edculo podr\u00eda modificarse, o este podr\u00eda ser\nexpulsado mientras la audiencia sigue pendiente. No obstante, la OCR ha\nsugerido que todo cambio de colocaci\u00f3n de un alumno anterior a la objeci\u00f3n de\nlos padres respecto de la decisi\u00f3n \u201cparece socavar los derechos conferidos por\nel debido proceso\u201d y que un \u201csistema justo de debido proceso implicar\u00eda que el\ndistrito escolar esperara los resultados del proceso antes de implementar el\ncambio\u201d. [<em>Letter to Zirkel<\/em>,22 IDELR 667(1995)].<\/p>\n\n\n\n<p>Si la conducta se relaciona con el\nconsumo actual de alcohol o drogas ilegales, los distritos escolares pueden\ntomar medidas disciplinarias contra un alumno con una discapacidad de la misma\nmanera en que lo har\u00edan con un alumno sin discapacidades. Los procedimientos\ndel debido proceso descritos anteriormente no se aplican cuando las medidas\ndisciplinarias se deben al consumo actual de drogas ilegales o alcohol por\nparte de los alumnos con discapacidades. [29 U.S.C. Sec. 705(20)(C)(iv)].<\/p>\n","protected":false},"excerpt":{"rendered":"<p>Si no est\u00e1 de acuerdo con la determinaci\u00f3n de que la conducta no est\u00e1 relacionada con la discapacidad del alumno, o con la propuesta de&hellip;<\/p>\n","protected":false},"author":1,"featured_media":0,"parent":343,"menu_order":20,"comment_status":"closed","ping_status":"closed","template":"","meta":{"footnotes":""},"class_list":["post-2440","page","type-page","status-publish","hentry"],"_links":{"self":[{"href":"https:\/\/serr.disabilityrightsca.org\/sp\/wp-json\/wp\/v2\/pages\/2440","targetHints":{"allow":["GET"]}}],"collection":[{"href":"https:\/\/serr.disabilityrightsca.org\/sp\/wp-json\/wp\/v2\/pages"}],"about":[{"href":"https:\/\/serr.disabilityrightsca.org\/sp\/wp-json\/wp\/v2\/types\/page"}],"author":[{"embeddable":true,"href":"https:\/\/serr.disabilityrightsca.org\/sp\/wp-json\/wp\/v2\/users\/1"}],"replies":[{"embeddable":true,"href":"https:\/\/serr.disabilityrightsca.org\/sp\/wp-json\/wp\/v2\/comments?post=2440"}],"version-history":[{"count":2,"href":"https:\/\/serr.disabilityrightsca.org\/sp\/wp-json\/wp\/v2\/pages\/2440\/revisions"}],"predecessor-version":[{"id":3790,"href":"https:\/\/serr.disabilityrightsca.org\/sp\/wp-json\/wp\/v2\/pages\/2440\/revisions\/3790"}],"up":[{"embeddable":true,"href":"https:\/\/serr.disabilityrightsca.org\/sp\/wp-json\/wp\/v2\/pages\/343"}],"wp:attachment":[{"href":"https:\/\/serr.disabilityrightsca.org\/sp\/wp-json\/wp\/v2\/media?parent=2440"}],"curies":[{"name":"wp","href":"https:\/\/api.w.org\/{rel}","templated":true}]}}