{"id":2442,"date":"2019-12-13T15:03:08","date_gmt":"2019-12-13T23:03:08","guid":{"rendered":"https:\/\/serr.disabilityrightsca.org\/?page_id=2442"},"modified":"2020-07-14T15:41:33","modified_gmt":"2020-07-14T22:41:33","slug":"8-21-que-derechos-tiene-mi-hijo-de-regresar-a-la-escuela-en-el-distrito-que-lo-expulso","status":"publish","type":"page","link":"https:\/\/serr.disabilityrightsca.org\/sp\/serr-manual\/capitulo-8-informacion-sobre-la-disciplina-de-alumnos-con-discapacidades\/8-21-que-derechos-tiene-mi-hijo-de-regresar-a-la-escuela-en-el-distrito-que-lo-expulso\/","title":{"rendered":"(8.21) \u00bfQu\u00e9 derechos tiene mi hijo de regresar a la escuela en el distrito que lo expuls\u00f3?"},"content":{"rendered":"\n<p>El Consejo de Educaci\u00f3n del distrito\ndebe adoptar las normas y los reglamentos locales que establecen un\nprocedimiento para procesar las solicitudes de readmisi\u00f3n de los alumnos\nexpulsados. Sin embargo, la readmisi\u00f3n no es autom\u00e1tica. Su distrito escolar debe\ndeterminar si su hijo puede regresar. [Cal. Ed. Code Sec. 48916]. <\/p>\n\n\n\n<p>El consejo, despu\u00e9s de votar a favor de\nla expulsi\u00f3n de su hijo, puede suspenderla por hasta un a\u00f1o. Durante este\nplazo, se dice que el ni\u00f1o est\u00e1 \u201cen per\u00edodo de prueba\u201d. Es posible revocar este\nper\u00edodo e imponer la expulsi\u00f3n si su hijo incurre en un acto por el cual podr\u00eda\nhaber sido suspendido o expulsado o si infringe el c\u00f3digo de conducta\nestudiantil del distrito. Despu\u00e9s de un a\u00f1o de prueba exitoso, debe ser\nreincorporado. El distrito puede eliminar de los registros de su hijo toda la\ninformaci\u00f3n relacionada con la expulsi\u00f3n suspendida, pero no est\u00e1 obligado a\nhacerlo. [Cal. Ed. Code Sec. 48917]. <\/p>\n\n\n\n<p>La orden de expulsi\u00f3n debe especificar\nla fecha en la que su hijo puede solicitar la readmisi\u00f3n. Esta fecha no puede\nser posterior al \u00faltimo d\u00eda del semestre siguiente al semestre en el que fue\nexpulsado, pero s\u00ed puede ser <em>anterior<\/em>.\nLa orden puede incluir un plan de rehabilitaci\u00f3n que su hijo debe seguir\ndurante el per\u00edodo de expulsi\u00f3n, as\u00ed como una evaluaci\u00f3n que se realiza en el\nmomento de solicitar la readmisi\u00f3n. El plan tambi\u00e9n puede incluir\nrecomendaciones para mejorar el rendimiento acad\u00e9mico, tutor\u00edas, evaluaciones\nde educaci\u00f3n especial, capacitaciones laborales, asesoramiento, empleo, servicios\ncomunitarios u otros programas de rehabilitaci\u00f3n. [Cal. Ed. Code Sec. 48916].\nSi alguno de los motivos de la expulsi\u00f3n est\u00e1 relacionado con el consumo de\nsustancias controladas o alcohol, el distrito puede exigir, como condici\u00f3n para\nla readmisi\u00f3n y tras obtener su consentimiento, que su hijo se inscriba en un\nprograma de rehabilitaci\u00f3n a cargo del condado. [Cal. Ed. Code Sec. 48916.5]. <\/p>\n","protected":false},"excerpt":{"rendered":"<p>El Consejo de Educaci\u00f3n del distrito debe adoptar las normas y los reglamentos locales que establecen un procedimiento para procesar las solicitudes de readmisi\u00f3n de&hellip;<\/p>\n","protected":false},"author":1,"featured_media":0,"parent":343,"menu_order":21,"comment_status":"closed","ping_status":"closed","template":"","meta":{"footnotes":""},"class_list":["post-2442","page","type-page","status-publish","hentry"],"_links":{"self":[{"href":"https:\/\/serr.disabilityrightsca.org\/sp\/wp-json\/wp\/v2\/pages\/2442","targetHints":{"allow":["GET"]}}],"collection":[{"href":"https:\/\/serr.disabilityrightsca.org\/sp\/wp-json\/wp\/v2\/pages"}],"about":[{"href":"https:\/\/serr.disabilityrightsca.org\/sp\/wp-json\/wp\/v2\/types\/page"}],"author":[{"embeddable":true,"href":"https:\/\/serr.disabilityrightsca.org\/sp\/wp-json\/wp\/v2\/users\/1"}],"replies":[{"embeddable":true,"href":"https:\/\/serr.disabilityrightsca.org\/sp\/wp-json\/wp\/v2\/comments?post=2442"}],"version-history":[{"count":2,"href":"https:\/\/serr.disabilityrightsca.org\/sp\/wp-json\/wp\/v2\/pages\/2442\/revisions"}],"predecessor-version":[{"id":3791,"href":"https:\/\/serr.disabilityrightsca.org\/sp\/wp-json\/wp\/v2\/pages\/2442\/revisions\/3791"}],"up":[{"embeddable":true,"href":"https:\/\/serr.disabilityrightsca.org\/sp\/wp-json\/wp\/v2\/pages\/343"}],"wp:attachment":[{"href":"https:\/\/serr.disabilityrightsca.org\/sp\/wp-json\/wp\/v2\/media?parent=2442"}],"curies":[{"name":"wp","href":"https:\/\/api.w.org\/{rel}","templated":true}]}}