{"id":2451,"date":"2019-12-13T15:45:37","date_gmt":"2019-12-13T23:45:37","guid":{"rendered":"https:\/\/serr.disabilityrightsca.org\/?page_id=2451"},"modified":"2022-04-18T10:17:15","modified_gmt":"2022-04-18T17:17:15","slug":"8-25-que-puedo-hacer-si-los-maestros-u-otros-miembros-del-personal-escolar-abusan-fisica-o-emocionalmente-de-mi-hijo","status":"publish","type":"page","link":"https:\/\/serr.disabilityrightsca.org\/sp\/serr-manual\/capitulo-8-informacion-sobre-la-disciplina-de-alumnos-con-discapacidades\/8-25-que-puedo-hacer-si-los-maestros-u-otros-miembros-del-personal-escolar-abusan-fisica-o-emocionalmente-de-mi-hijo\/","title":{"rendered":"(8.25) \u00bfQu\u00e9 puedo hacer si los maestros u otros miembros del personal escolar abusan f\u00edsica o emocionalmente de mi hijo?"},"content":{"rendered":"\n<p>Una opci\u00f3n es presentar una queja de cumplimiento ante el Departamento de Educaci\u00f3n de California (CDE). El alcance de las quejas de cumplimiento ahora incluye &#8220;preocupaciones de seguridad f\u00edsica que interfieren con la provisi\u00f3n de una FAPE&#8221;. [5 C.C.R. Sec. 3201.] V\u00e9ase <a href=\"https:\/\/serr.disabilityrightsca.org\/sp\/serr-manual\/chapter-6-informacion-sobre-el-debido-proceso-y-los-procedimientos-de-cumplimiento\/\" data-type=\"page\" data-id=\"337\">el Cap\u00edtulo 6, Informaci\u00f3n sobre el debido proceso\/procedimientos de cumplimiento<\/a>.\u00a0 Tambi\u00e9n puede presentar una queja de cumplimiento si el distrito escolar viola cualquiera de las leyes estatales con respecto a las intervenciones de comportamiento\u00a0 de emergencia.\u00a0 [C\u00f3digo de Ed. Cal. Sec. 56523(e); 5 C.C.R. Sec. 3201(b). ] V\u00e9ase <a href=\"https:\/\/serr.disabilityrightsca.org\/sp\/serr-manual\/capitulo-8-informacion-sobre-la-disciplina-de-alumnos-con-discapacidades\/\" data-type=\"page\" data-id=\"343\">el Cap\u00edtulo 8, Informaci\u00f3n sobre la disciplina de los estudiantes con discapacidades.<\/a><\/p>\n\n\n\n<p>Otra opci\u00f3n es presentar una queja de Procedimientos Uniformes de Quejas, o UCP, ante el distrito escolar. El alcance de la UCP incluye acusaciones de &#8220;discriminaci\u00f3n ilegal, acoso, intimidaci\u00f3n o intimidaci\u00f3n&#8221; contra estudiantes con discapacidades. [C\u00f3digo de Ed. De Cal. Sec. 33315(a)(F); 5 C.C.R. Sec. 4630.]&nbsp;<\/p>\n\n\n\n<p>Una queja de UCP se puede presentar directamente ante el CDE si el demandante solicita el anonimato y &#8220;estar\u00eda en peligro de represalia y sufrir\u00eda un da\u00f1o inmediato e irreparable&#8221; si el demandante presentara la queja ante el distrito escolar.&nbsp; El CDE tiene discreci\u00f3n para intervenir directamente y no remitir la queja para una investigaci\u00f3n local. [5 C.C.R. Secs. 4611(a) &amp; 4650(a)(2).]&nbsp;<\/p>\n","protected":false},"excerpt":{"rendered":"<p>Una opci\u00f3n es presentar una queja de cumplimiento ante el Departamento de Educaci\u00f3n de California (CDE). El alcance de las quejas de cumplimiento ahora incluye&hellip;<\/p>\n","protected":false},"author":1,"featured_media":0,"parent":343,"menu_order":25,"comment_status":"closed","ping_status":"closed","template":"","meta":{"footnotes":""},"class_list":["post-2451","page","type-page","status-publish","hentry"],"_links":{"self":[{"href":"https:\/\/serr.disabilityrightsca.org\/sp\/wp-json\/wp\/v2\/pages\/2451","targetHints":{"allow":["GET"]}}],"collection":[{"href":"https:\/\/serr.disabilityrightsca.org\/sp\/wp-json\/wp\/v2\/pages"}],"about":[{"href":"https:\/\/serr.disabilityrightsca.org\/sp\/wp-json\/wp\/v2\/types\/page"}],"author":[{"embeddable":true,"href":"https:\/\/serr.disabilityrightsca.org\/sp\/wp-json\/wp\/v2\/users\/1"}],"replies":[{"embeddable":true,"href":"https:\/\/serr.disabilityrightsca.org\/sp\/wp-json\/wp\/v2\/comments?post=2451"}],"version-history":[{"count":7,"href":"https:\/\/serr.disabilityrightsca.org\/sp\/wp-json\/wp\/v2\/pages\/2451\/revisions"}],"predecessor-version":[{"id":4514,"href":"https:\/\/serr.disabilityrightsca.org\/sp\/wp-json\/wp\/v2\/pages\/2451\/revisions\/4514"}],"up":[{"embeddable":true,"href":"https:\/\/serr.disabilityrightsca.org\/sp\/wp-json\/wp\/v2\/pages\/343"}],"wp:attachment":[{"href":"https:\/\/serr.disabilityrightsca.org\/sp\/wp-json\/wp\/v2\/media?parent=2451"}],"curies":[{"name":"wp","href":"https:\/\/api.w.org\/{rel}","templated":true}]}}