{"id":2508,"date":"2019-12-26T15:33:30","date_gmt":"2019-12-26T23:33:30","guid":{"rendered":"https:\/\/serr.disabilityrightsca.org\/?page_id=2508"},"modified":"2021-07-19T16:15:08","modified_gmt":"2021-07-19T23:15:08","slug":"capitulo-9-informacion-sobre-los-servicios-entre-organismos-ab-3632","status":"publish","type":"page","link":"https:\/\/serr.disabilityrightsca.org\/sp\/serr-manual\/capitulo-9-informacion-sobre-los-servicios-entre-organismos-ab-3632\/","title":{"rendered":"Cap\u00edtulo 9: Informaci\u00f3n sobre los servicios entre organismos (AB 3632)"},"content":{"rendered":"\n<div class=\"print-fullchapter-wrap\"><div class=\"print-fullchapter\"><a href=\"https:\/\/serr.disabilityrightsca.org\/sp\/print-chapter-9\/\">Imprimir todo el cap\u00edtulo<\/a><\/div><\/div>\n\n\n\n<div class=\"menu-chapter-9-container\"><ul id=\"menu-chapter-9\" class=\"menu\"><li id=\"menu-item-2515\" class=\"menu-item menu-item-type-post_type menu-item-object-page menu-item-2515\"><a href=\"https:\/\/serr.disabilityrightsca.org\/sp\/serr-manual\/capitulo-9-informacion-sobre-los-servicios-entre-organismos-ab-3632\/9-1-que-son-los-servicios-relacionados-entre-organismos\/\">(9.1) \u00bfQu\u00e9 son los servicios relacionados entre organismos?<\/a><\/li>\n<li id=\"menu-item-2584\" class=\"menu-item menu-item-type-post_type menu-item-object-page menu-item-2584\"><a href=\"https:\/\/serr.disabilityrightsca.org\/sp\/serr-manual\/capitulo-9-informacion-sobre-los-servicios-entre-organismos-ab-3632\/9-2-el-organismo-de-salud-mental-comunitaria-del-condado-solia-ofrecer-terapia-ambulatoria-de-salud-mental-servicios-de-colocacion-en-programas-de-tratamiento-de-dia-y-servicios-de-colocacion-resid\/\">(9.2) El organismo de salud mental comunitaria del condado sol\u00eda ofrecer terapia ambulatoria de salud mental, servicios de colocaci\u00f3n en programas de tratamiento de d\u00eda y servicios de colocaci\u00f3n residencial conforme al AB 3632. \u00bfAhora qui\u00e9n es responsable de brindar esos servicios?<\/a><\/li>\n<li id=\"menu-item-2585\" class=\"menu-item menu-item-type-post_type menu-item-object-page menu-item-2585\"><a href=\"https:\/\/serr.disabilityrightsca.org\/sp\/serr-manual\/capitulo-9-informacion-sobre-los-servicios-entre-organismos-ab-3632\/9-3-donde-puedo-leer-las-leyes-que-rigen-los-servicios-relacionados-entre-organismos\/\">(9.3) \u00bfD\u00f3nde puedo leer las leyes que rigen los servicios relacionados entre organismos?<\/a><\/li>\n<li id=\"menu-item-2586\" class=\"menu-item menu-item-type-post_type menu-item-object-page menu-item-2586\"><a href=\"https:\/\/serr.disabilityrightsca.org\/sp\/serr-manual\/capitulo-9-informacion-sobre-los-servicios-entre-organismos-ab-3632\/9-4-el-ab-3632-es-la-unica-via-para-que-un-alumno-de-educacion-especial-de-california-pueda-recibir-terapia-fisica-u-ocupacional\/\">(9.4) \u00bfEl AB 3632 es la \u00fanica v\u00eda para que un alumno de educaci\u00f3n especial de California pueda recibir terapia f\u00edsica u ocupacional?<\/a><\/li>\n<li id=\"menu-item-2587\" class=\"menu-item menu-item-type-post_type menu-item-object-page menu-item-2587\"><a href=\"https:\/\/serr.disabilityrightsca.org\/sp\/serr-manual\/capitulo-9-informacion-sobre-los-servicios-entre-organismos-ab-3632\/9-5-de-que-modo-los-distritos-escolares-participan-en-este-proceso-cuando-hay-otros-organismos-que-se-encargan-de-brindar-los-servicios\/\">(9.5) \u00bfDe qu\u00e9 modo los distritos escolares participan en este proceso cuando hay otros organismos que se encargan de brindar los servicios?<\/a><\/li>\n<li id=\"menu-item-2588\" class=\"menu-item menu-item-type-post_type menu-item-object-page menu-item-2588\"><a href=\"https:\/\/serr.disabilityrightsca.org\/sp\/serr-manual\/capitulo-9-informacion-sobre-los-servicios-entre-organismos-ab-3632\/9-6-si-ccs-lleva-a-cabo-una-evaluacion-que-debe-incluirse-en-el-informe-por-escrito\/\">(9.6) Si CCS lleva a cabo una evaluaci\u00f3n, \u00bfqu\u00e9 debe incluirse en el informe por escrito?<\/a><\/li>\n<li id=\"menu-item-2589\" class=\"menu-item menu-item-type-post_type menu-item-object-page menu-item-2589\"><a href=\"https:\/\/serr.disabilityrightsca.org\/sp\/serr-manual\/capitulo-9-informacion-sobre-los-servicios-entre-organismos-ab-3632\/9-7-de-que-manera-ccs-participa-en-el-desarrollo-del-iep-de-un-nino\/\">(9.7) \u00bfDe qu\u00e9 manera CCS participa en el desarrollo del IEP de un ni\u00f1o?<\/a><\/li>\n<li id=\"menu-item-2590\" class=\"menu-item menu-item-type-post_type menu-item-object-page menu-item-2590\"><a href=\"https:\/\/serr.disabilityrightsca.org\/sp\/serr-manual\/capitulo-9-informacion-sobre-los-servicios-entre-organismos-ab-3632\/9-8-los-procedimientos-de-debido-proceso-o-de-reclamo-de-cumplimiento-de-educacion-especial-se-aplican-a-los-desacuerdos-o-problemas-con-ccs\/\">(9.8) \u00bfSe aplican los procedimientos de quejas de debido proceso y cumplimiento de la educaci\u00f3n especial a los desacuerdos o problemas con CCS?<\/a><\/li>\n<li id=\"menu-item-2591\" class=\"menu-item menu-item-type-post_type menu-item-object-page menu-item-2591\"><a href=\"https:\/\/serr.disabilityrightsca.org\/sp\/serr-manual\/capitulo-9-informacion-sobre-los-servicios-entre-organismos-ab-3632\/9-9-un-organismo-no-educativo-ccs-puede-modificar-un-servicio-detallado-en-el-iep-de-mi-hijo-sin-mi-consentimiento\/\">(9.9) \u00bfUn organismo no educativo (CCS) puede modificar un servicio detallado en el IEP de mi hijo sin mi consentimiento?<\/a><\/li>\n<li id=\"menu-item-2592\" class=\"menu-item menu-item-type-post_type menu-item-object-page menu-item-2592\"><a href=\"https:\/\/serr.disabilityrightsca.org\/sp\/serr-manual\/capitulo-9-informacion-sobre-los-servicios-entre-organismos-ab-3632\/9-10-que-alumnos-reciben-sus-servicios-de-terapia-fisica-u-ocupacional-por-parte-de-ccs\/\">(9.10) \u00bfQu\u00e9 alumnos reciben sus servicios de terapia f\u00edsica u ocupacional por parte de CCS?<\/a><\/li>\n<li id=\"menu-item-2593\" class=\"menu-item menu-item-type-post_type menu-item-object-page menu-item-2593\"><a href=\"https:\/\/serr.disabilityrightsca.org\/sp\/serr-manual\/capitulo-9-informacion-sobre-los-servicios-entre-organismos-ab-3632\/9-11-cuales-son-los-servicios-entre-organismos-que-un-alumno-puede-recibir-por-parte-de-ccs\/\">(9.11) \u00bfCu\u00e1les son los servicios entre organismos que un alumno puede recibir por parte de CCS?<\/a><\/li>\n<li id=\"menu-item-2594\" class=\"menu-item menu-item-type-post_type menu-item-object-page menu-item-2594\"><a href=\"https:\/\/serr.disabilityrightsca.org\/sp\/serr-manual\/capitulo-9-informacion-sobre-los-servicios-entre-organismos-ab-3632\/9-12-de-que-modo-mi-hijo-puede-recibir-una-derivacion-evaluacion-y-servicios-por-parte-de-ccs\/\">(9.12) \u00bfDe qu\u00e9 modo mi hijo puede recibir una derivaci\u00f3n, evaluaci\u00f3n y servicios por parte de CCS?<\/a><\/li>\n<li id=\"menu-item-2595\" class=\"menu-item menu-item-type-post_type menu-item-object-page menu-item-2595\"><a href=\"https:\/\/serr.disabilityrightsca.org\/sp\/serr-manual\/capitulo-9-informacion-sobre-los-servicios-entre-organismos-ab-3632\/9-13-los-ninos-con-discapacidades-de-entre-cero-y-cinco-anos-de-edad-pueden-recibir-servicios-conforme-al-ab-3632\/\">(9.13) Can children with disabilities ages 0 \u2013 5 receive services under AB 3632?<\/a><\/li>\n<li id=\"menu-item-2596\" class=\"menu-item menu-item-type-post_type menu-item-object-page menu-item-2596\"><a href=\"https:\/\/serr.disabilityrightsca.org\/sp\/serr-manual\/capitulo-9-informacion-sobre-los-servicios-entre-organismos-ab-3632\/9-14-una-vez-que-los-servicios-ab-3632-se-incluyen-en-el-iep-ccs-puede-demorar-su-prestacion\/\">(9.14) Una vez que los servicios AB 3632 se incluyen en el IEP, \u00bfCCS puede demorar su prestaci\u00f3n?<\/a><\/li>\n<li id=\"menu-item-2597\" class=\"menu-item menu-item-type-post_type menu-item-object-page menu-item-2597\"><a href=\"https:\/\/serr.disabilityrightsca.org\/sp\/serr-manual\/capitulo-9-informacion-sobre-los-servicios-entre-organismos-ab-3632\/9-15-un-organismo-publico-coloco-a-mi-hijo-en-un-establecimiento-en-otro-estado-pero-no-por-medio-del-distrito-escolar-u-otro-organismo-educativo-quien-es-responsable-de-cubrir-los-costos-de\/\">(9.15) Un organismo p\u00fablico coloc\u00f3 a mi hijo en un establecimiento en otro estado, pero no por medio del distrito escolar u otro organismo educativo. \u00bfQui\u00e9n es responsable de cubrir los costos de su educaci\u00f3n, colocaci\u00f3n residencial y tratamiento?<\/a><\/li>\n<li id=\"menu-item-2598\" class=\"menu-item menu-item-type-post_type menu-item-object-page menu-item-2598\"><a href=\"https:\/\/serr.disabilityrightsca.org\/sp\/serr-manual\/capitulo-9-informacion-sobre-los-servicios-entre-organismos-ab-3632\/9-16-mi-hijo-ha-sido-asignado-temporalmente-a-un-hospital-psiquiatrico-en-otro-condado-y-es-posible-que-necesite-un-centro-residencial-de-tratamiento-quien-es-responsable-de-brindar-los-servi\/\">(9.16) Mi hijo ha sido asignado temporalmente a un hospital psiqui\u00e1trico en otro condado y es posible que necesite un centro residencial de tratamiento. \u00bfQui\u00e9n es responsable de brindar los servicios educativos?<\/a><\/li>\n<li id=\"menu-item-2599\" class=\"menu-item menu-item-type-post_type menu-item-object-page menu-item-2599\"><a href=\"https:\/\/serr.disabilityrightsca.org\/sp\/serr-manual\/capitulo-9-informacion-sobre-los-servicios-entre-organismos-ab-3632\/9-17-si-un-alumno-necesita-tratamiento-residencial-para-beneficiarse-de-la-educacion-debe-estar-bajo-tutela-judicial-los-padres-deben-abonar-parte-de-los-costos-del-tratamiento-residen\/\">(9.17) Si un alumno necesita tratamiento residencial para beneficiarse de la educaci\u00f3n, \u00bfdebe estar bajo tutela judicial? \u00bfLos padres deben abonar parte de los costos del tratamiento residencial?<\/a><\/li>\n<li id=\"menu-item-2600\" class=\"menu-item menu-item-type-post_type menu-item-object-page menu-item-2600\"><a href=\"https:\/\/serr.disabilityrightsca.org\/sp\/serr-manual\/capitulo-9-informacion-sobre-los-servicios-entre-organismos-ab-3632\/9-18-cuales-son-las-diferencias-entre-una-colocacion-residencial-exigida-por-orden-judicial-y-una-colocacion-conforme-al-iep\/\">(9.18) \u00bfCu\u00e1les son las diferencias entre una colocaci\u00f3n residencial exigida por orden judicial y una colocaci\u00f3n conforme al IEP?<\/a><\/li>\n<li id=\"menu-item-2601\" class=\"menu-item menu-item-type-post_type menu-item-object-page menu-item-2601\"><a href=\"https:\/\/serr.disabilityrightsca.org\/sp\/serr-manual\/capitulo-9-informacion-sobre-los-servicios-entre-organismos-ab-3632\/9-19-el-caso-de-mi-hijo-se-encuentra-pendiente-en-el-tribunal-de-menores-hay-algo-que-pueda-hacer-para-evitar-o-minimizar-las-consecuencias-de-una-colocacion-residencial-exigida-por-orden-jud\/\">(9.19) El caso de mi hijo se encuentra pendiente en el tribunal de menores. \u00bfHay algo que pueda hacer para evitar o minimizar las consecuencias de una colocaci\u00f3n residencial exigida por orden judicial?<\/a><\/li>\n<li id=\"menu-item-2602\" class=\"menu-item menu-item-type-post_type menu-item-object-page menu-item-2602\"><a href=\"https:\/\/serr.disabilityrightsca.org\/sp\/serr-manual\/capitulo-9-informacion-sobre-los-servicios-entre-organismos-ab-3632\/9-20-el-tribunal-coloco-a-mi-hijo-en-un-centro-de-menores-quien-es-responsable-de-brindarle-los-servicios\/\">(9.20) El tribunal coloc\u00f3 a mi hijo en un centro de menores. \u00bfQui\u00e9n es responsable de brindarle los servicios?<\/a><\/li>\n<li id=\"menu-item-2603\" class=\"menu-item menu-item-type-post_type menu-item-object-page menu-item-2603\"><a href=\"https:\/\/serr.disabilityrightsca.org\/sp\/serr-manual\/capitulo-9-informacion-sobre-los-servicios-entre-organismos-ab-3632\/9-21-si-mi-hijo-ingresa-en-la-autoridad-de-menores-de-california-california-youth-authority-continuara-recibiendo-sus-servicios-de-educacion-especial\/\">(9.21) Si mi hijo ingresa en la Autoridad de Menores de California (California Youth Authority), \u00bfcontinuar\u00e1 recibiendo sus servicios de educaci\u00f3n especial?<\/a><\/li>\n<li id=\"menu-item-2604\" class=\"menu-item menu-item-type-post_type menu-item-object-page menu-item-2604\"><a href=\"https:\/\/serr.disabilityrightsca.org\/sp\/serr-manual\/capitulo-9-informacion-sobre-los-servicios-entre-organismos-ab-3632\/9-22-el-tribunal-puede-ayudarme-a-obtener-servicios-de-educacion-especial-para-mi-hijo\/\">(9.22) \u00bfEl tribunal puede ayudarme a obtener servicios de educaci\u00f3n especial para mi hijo?<\/a><\/li>\n<li id=\"menu-item-2605\" class=\"menu-item menu-item-type-post_type menu-item-object-page menu-item-2605\"><a href=\"https:\/\/serr.disabilityrightsca.org\/sp\/serr-manual\/capitulo-9-informacion-sobre-los-servicios-entre-organismos-ab-3632\/9-23-se-suspenderan-los-servicios-ab-3632-cuando-mi-hijo-cumpla-18-anos\/\">(9.23) \u00bfSe suspender\u00e1n los servicios AB 3632 cuando mi hijo cumpla 18 a\u00f1os?<\/a><\/li>\n<li id=\"menu-item-2606\" class=\"menu-item menu-item-type-post_type menu-item-object-page menu-item-2606\"><a href=\"https:\/\/serr.disabilityrightsca.org\/sp\/serr-manual\/capitulo-9-informacion-sobre-los-servicios-entre-organismos-ab-3632\/9-24-quien-toma-las-decisiones-en-nombre-de-un-alumno-de-educacion-especial-cuyos-padres-ya-no-tienen-derecho-sobre-este-o-no-estan-involucrados-en-su-vida\/\">(9.24) \u00bfQui\u00e9n toma las decisiones en nombre de un alumno de educaci\u00f3n especial cuyos padres ya no tienen derecho sobre este o no est\u00e1n involucrados en su vida?<\/a><\/li>\n<li id=\"menu-item-2607\" class=\"menu-item menu-item-type-post_type menu-item-object-page menu-item-2607\"><a href=\"https:\/\/serr.disabilityrightsca.org\/sp\/serr-manual\/capitulo-9-informacion-sobre-los-servicios-entre-organismos-ab-3632\/9-25-quien-puede-actuar-como-padre-sustituto-y-cuales-son-sus-responsabilidades\/\">(9.25) \u00bfQui\u00e9n puede actuar como padre sustituto y cu\u00e1les son sus responsabilidades?<\/a><\/li>\n<li id=\"menu-item-2608\" class=\"menu-item menu-item-type-post_type menu-item-object-page menu-item-2608\"><a href=\"https:\/\/serr.disabilityrightsca.org\/sp\/serr-manual\/capitulo-9-informacion-sobre-los-servicios-entre-organismos-ab-3632\/9-26-por-cuanto-tiempo-deberia-prestar-sus-servicios-un-padre-sustituto-designado\/\">(9.26) \u00bfPor cu\u00e1nto tiempo deber\u00eda prestar sus servicios un padre sustituto designado?<\/a><\/li>\n<li id=\"menu-item-2614\" class=\"menu-item menu-item-type-post_type menu-item-object-page menu-item-2614\"><a href=\"https:\/\/serr.disabilityrightsca.org\/sp\/serr-manual\/capitulo-9-informacion-sobre-los-servicios-entre-organismos-ab-3632\/9-27-soy-padre-de-acogida-de-un-alumno-de-educacion-especial-cuales-son-mis-derechos\/\">(9.27) Soy padre de acogida de un alumno de educaci\u00f3n especial. \u00bfCu\u00e1les son mis derechos?<\/a><\/li>\n<li id=\"menu-item-2615\" class=\"menu-item menu-item-type-post_type menu-item-object-page menu-item-2615\"><a href=\"https:\/\/serr.disabilityrightsca.org\/sp\/serr-manual\/capitulo-9-informacion-sobre-los-servicios-entre-organismos-ab-3632\/9-28-soy-abuelo-de-un-alumno-de-educacion-especial-y-el-nino-vive-conmigo-estoy-autorizado-para-actuar-como-padre-en-el-proceso-de-educacion-especial\/\">(9.28) Soy abuelo de un alumno de educaci\u00f3n especial y el ni\u00f1o vive conmigo. \u00bfEstoy autorizado para actuar como \u201cpadre\u201d en el proceso de educaci\u00f3n especial?<\/a><\/li>\n<li id=\"menu-item-2616\" class=\"menu-item menu-item-type-post_type menu-item-object-page menu-item-2616\"><a href=\"https:\/\/serr.disabilityrightsca.org\/sp\/serr-manual\/capitulo-9-informacion-sobre-los-servicios-entre-organismos-ab-3632\/9-29-los-funcionarios-de-libertad-condicional-y-los-trabajadores-sociales-pueden-asistir-a-las-reuniones-del-iep-sin-el-consentimiento-de-los-padres\/\">(9.29) \u00bfLos funcionarios de libertad condicional y los trabajadores sociales pueden asistir a las reuniones del IEP sin el consentimiento de los padres?<\/a><\/li>\n<li id=\"menu-item-2617\" class=\"menu-item menu-item-type-post_type menu-item-object-page menu-item-2617\"><a href=\"https:\/\/serr.disabilityrightsca.org\/sp\/serr-manual\/capitulo-9-informacion-sobre-los-servicios-entre-organismos-ab-3632\/9-30-un-funcionario-de-libertad-condicional-o-un-trabajador-social-activos-pueden-actuar-como-padre-sustituto-y-autorizar-servicios-para-mi-hijo-en-un-iep\/\">(9.30) \u00bfUn funcionario de libertad condicional o un trabajador social activos pueden actuar como padre sustituto y autorizar servicios para mi hijo en un IEP?<\/a><\/li>\n<li id=\"menu-item-2618\" class=\"menu-item menu-item-type-post_type menu-item-object-page menu-item-2618\"><a href=\"https:\/\/serr.disabilityrightsca.org\/sp\/serr-manual\/capitulo-9-informacion-sobre-los-servicios-entre-organismos-ab-3632\/9-31-ademas-de-los-organismos-de-ccs-existen-otros-servicios-entre-organismos-para-los-alumnos-de-educacion-especial-conforme-al-ab-3632\/\">(9.31)  Adem\u00e1s de los organismos de CCS, \u00bfexisten otros servicios entre organismos para los alumnos de educaci\u00f3n especial conforme al AB 3632?<\/a><\/li>\n<\/ul><\/div>\n","protected":false},"excerpt":{"rendered":"<p>Imprimir todo el cap\u00edtulo<\/p>\n","protected":false},"author":1,"featured_media":0,"parent":326,"menu_order":9,"comment_status":"closed","ping_status":"closed","template":"","meta":{"footnotes":""},"class_list":["post-2508","page","type-page","status-publish","hentry"],"_links":{"self":[{"href":"https:\/\/serr.disabilityrightsca.org\/sp\/wp-json\/wp\/v2\/pages\/2508","targetHints":{"allow":["GET"]}}],"collection":[{"href":"https:\/\/serr.disabilityrightsca.org\/sp\/wp-json\/wp\/v2\/pages"}],"about":[{"href":"https:\/\/serr.disabilityrightsca.org\/sp\/wp-json\/wp\/v2\/types\/page"}],"author":[{"embeddable":true,"href":"https:\/\/serr.disabilityrightsca.org\/sp\/wp-json\/wp\/v2\/users\/1"}],"replies":[{"embeddable":true,"href":"https:\/\/serr.disabilityrightsca.org\/sp\/wp-json\/wp\/v2\/comments?post=2508"}],"version-history":[{"count":6,"href":"https:\/\/serr.disabilityrightsca.org\/sp\/wp-json\/wp\/v2\/pages\/2508\/revisions"}],"predecessor-version":[{"id":4412,"href":"https:\/\/serr.disabilityrightsca.org\/sp\/wp-json\/wp\/v2\/pages\/2508\/revisions\/4412"}],"up":[{"embeddable":true,"href":"https:\/\/serr.disabilityrightsca.org\/sp\/wp-json\/wp\/v2\/pages\/326"}],"wp:attachment":[{"href":"https:\/\/serr.disabilityrightsca.org\/sp\/wp-json\/wp\/v2\/media?parent=2508"}],"curies":[{"name":"wp","href":"https:\/\/api.w.org\/{rel}","templated":true}]}}