{"id":2513,"date":"2019-12-26T15:47:56","date_gmt":"2019-12-26T23:47:56","guid":{"rendered":"https:\/\/serr.disabilityrightsca.org\/?page_id=2513"},"modified":"2020-07-14T15:59:11","modified_gmt":"2020-07-14T22:59:11","slug":"9-1-que-son-los-servicios-relacionados-entre-organismos","status":"publish","type":"page","link":"https:\/\/serr.disabilityrightsca.org\/sp\/serr-manual\/capitulo-9-informacion-sobre-los-servicios-entre-organismos-ab-3632\/9-1-que-son-los-servicios-relacionados-entre-organismos\/","title":{"rendered":"(9.1) \u00bfQu\u00e9 son los servicios relacionados entre organismos?"},"content":{"rendered":"\n<p>Los servicios\nrelacionados entre organismos para la educaci\u00f3n especial suelen conocerse como\nservicios del Proyecto de Ley 3632 (Assembly Bill [AB] 3632) o servicios del\ncap\u00edtulo 26.5 del C\u00f3digo de Gobierno de California (California Government\nCode). En este cap\u00edtulo se utilizar\u00e1 la denominaci\u00f3n m\u00e1s com\u00fan de estos\nservicios, AB 3632, para hacer referencia a todos los servicios relacionados\nentre organismos. En 1986, la Asamblea Legislativa de California decidi\u00f3\nutilizar organismos estatales y del condado (que no fueran el distrito escolar)\npara brindar determinados servicios relacionados a fin de maximizar y coordinar\nmejor los recursos p\u00fablicos para ayudar a los alumnos con discapacidades.<\/p>\n\n\n\n<p>En lugar de que los\ndistritos asuman responsabilidad por determinados servicios de salud, la\nAsamblea Legislativa decidi\u00f3 celebrar acuerdos rec\u00edprocos con otros organismos\nestatales para brindarles estos servicios a los alumnos. Los principales\nservicios relacionados entre organismos son la terapia f\u00edsica y la terapia\nocupacional, ofrecidos por Servicios para los Ni\u00f1os de California (California\nChildren\u2019s Services, CCS). <\/p>\n","protected":false},"excerpt":{"rendered":"<p>Los servicios relacionados entre organismos para la educaci\u00f3n especial suelen conocerse como servicios del Proyecto de Ley 3632 (Assembly Bill [AB] 3632) o servicios del&hellip;<\/p>\n","protected":false},"author":1,"featured_media":0,"parent":2508,"menu_order":1,"comment_status":"closed","ping_status":"closed","template":"","meta":{"footnotes":""},"class_list":["post-2513","page","type-page","status-publish","hentry"],"_links":{"self":[{"href":"https:\/\/serr.disabilityrightsca.org\/sp\/wp-json\/wp\/v2\/pages\/2513","targetHints":{"allow":["GET"]}}],"collection":[{"href":"https:\/\/serr.disabilityrightsca.org\/sp\/wp-json\/wp\/v2\/pages"}],"about":[{"href":"https:\/\/serr.disabilityrightsca.org\/sp\/wp-json\/wp\/v2\/types\/page"}],"author":[{"embeddable":true,"href":"https:\/\/serr.disabilityrightsca.org\/sp\/wp-json\/wp\/v2\/users\/1"}],"replies":[{"embeddable":true,"href":"https:\/\/serr.disabilityrightsca.org\/sp\/wp-json\/wp\/v2\/comments?post=2513"}],"version-history":[{"count":2,"href":"https:\/\/serr.disabilityrightsca.org\/sp\/wp-json\/wp\/v2\/pages\/2513\/revisions"}],"predecessor-version":[{"id":3799,"href":"https:\/\/serr.disabilityrightsca.org\/sp\/wp-json\/wp\/v2\/pages\/2513\/revisions\/3799"}],"up":[{"embeddable":true,"href":"https:\/\/serr.disabilityrightsca.org\/sp\/wp-json\/wp\/v2\/pages\/2508"}],"wp:attachment":[{"href":"https:\/\/serr.disabilityrightsca.org\/sp\/wp-json\/wp\/v2\/media?parent=2513"}],"curies":[{"name":"wp","href":"https:\/\/api.w.org\/{rel}","templated":true}]}}