{"id":2517,"date":"2019-12-26T16:01:52","date_gmt":"2019-12-27T00:01:52","guid":{"rendered":"https:\/\/serr.disabilityrightsca.org\/?page_id=2517"},"modified":"2020-08-18T12:54:21","modified_gmt":"2020-08-18T19:54:21","slug":"9-2-el-organismo-de-salud-mental-comunitaria-del-condado-solia-ofrecer-terapia-ambulatoria-de-salud-mental-servicios-de-colocacion-en-programas-de-tratamiento-de-dia-y-servicios-de-colocacion-resid","status":"publish","type":"page","link":"https:\/\/serr.disabilityrightsca.org\/sp\/serr-manual\/capitulo-9-informacion-sobre-los-servicios-entre-organismos-ab-3632\/9-2-el-organismo-de-salud-mental-comunitaria-del-condado-solia-ofrecer-terapia-ambulatoria-de-salud-mental-servicios-de-colocacion-en-programas-de-tratamiento-de-dia-y-servicios-de-colocacion-resid\/","title":{"rendered":"(9.2) El organismo de salud mental comunitaria del condado sol\u00eda ofrecer terapia ambulatoria de salud mental, servicios de colocaci\u00f3n en programas de tratamiento de d\u00eda y servicios de colocaci\u00f3n residencial conforme al AB 3632. \u00bfAhora qui\u00e9n es responsable de brindar esos servicios?"},"content":{"rendered":"\n<p>Hasta octubre de 2010, los servicios AB 3632 inclu\u00edan tambi\u00e9n servicios de salud mental a trav\u00e9s de organismos de salud mental del condado (CMH). Estos servicios ya no se brindan conforme al AB 3632. El distrito escolar es responsable de la evaluaci\u00f3n y la prestaci\u00f3n de servicios de educaci\u00f3n especial, como la instrucci\u00f3n en un peque\u00f1o centro de salud mental o en un centro residencial de tratamiento, y servicios relacionados (o servicios e instrucci\u00f3n designados conforme a las leyes de California), como servicios psicol\u00f3gicos, cuando son necesarios para que un ni\u00f1o pueda beneficiarse de su educaci\u00f3n especial. Algunos distritos escolares celebraron acuerdos entre organismos de salud mental del condado, de modo que estos puedan continuar brindando terapia ambulatoria de salud mental y servicios de tratamiento de d\u00eda mediante el proceso del Programa de Educaci\u00f3n Individualizada (Individualized Education Program, IEP). Comun\u00edquese con su distrito escolar para saber c\u00f3mo se brindan esos servicios en su distrito y condado. Consulte el cap\u00edtulo 5, Informaci\u00f3n sobre los servicios relacionados.<\/p>\n","protected":false},"excerpt":{"rendered":"<p>Hasta octubre de 2010, los servicios AB 3632 inclu\u00edan tambi\u00e9n servicios de salud mental a trav\u00e9s de organismos de salud mental del condado (CMH). Estos&hellip;<\/p>\n","protected":false},"author":1,"featured_media":0,"parent":2508,"menu_order":2,"comment_status":"closed","ping_status":"closed","template":"","meta":{"footnotes":""},"class_list":["post-2517","page","type-page","status-publish","hentry"],"_links":{"self":[{"href":"https:\/\/serr.disabilityrightsca.org\/sp\/wp-json\/wp\/v2\/pages\/2517","targetHints":{"allow":["GET"]}}],"collection":[{"href":"https:\/\/serr.disabilityrightsca.org\/sp\/wp-json\/wp\/v2\/pages"}],"about":[{"href":"https:\/\/serr.disabilityrightsca.org\/sp\/wp-json\/wp\/v2\/types\/page"}],"author":[{"embeddable":true,"href":"https:\/\/serr.disabilityrightsca.org\/sp\/wp-json\/wp\/v2\/users\/1"}],"replies":[{"embeddable":true,"href":"https:\/\/serr.disabilityrightsca.org\/sp\/wp-json\/wp\/v2\/comments?post=2517"}],"version-history":[{"count":4,"href":"https:\/\/serr.disabilityrightsca.org\/sp\/wp-json\/wp\/v2\/pages\/2517\/revisions"}],"predecessor-version":[{"id":3801,"href":"https:\/\/serr.disabilityrightsca.org\/sp\/wp-json\/wp\/v2\/pages\/2517\/revisions\/3801"}],"up":[{"embeddable":true,"href":"https:\/\/serr.disabilityrightsca.org\/sp\/wp-json\/wp\/v2\/pages\/2508"}],"wp:attachment":[{"href":"https:\/\/serr.disabilityrightsca.org\/sp\/wp-json\/wp\/v2\/media?parent=2517"}],"curies":[{"name":"wp","href":"https:\/\/api.w.org\/{rel}","templated":true}]}}