{"id":2519,"date":"2019-12-26T16:04:55","date_gmt":"2019-12-27T00:04:55","guid":{"rendered":"https:\/\/serr.disabilityrightsca.org\/?page_id=2519"},"modified":"2020-07-14T16:01:38","modified_gmt":"2020-07-14T23:01:38","slug":"9-3-donde-puedo-leer-las-leyes-que-rigen-los-servicios-relacionados-entre-organismos","status":"publish","type":"page","link":"https:\/\/serr.disabilityrightsca.org\/sp\/serr-manual\/capitulo-9-informacion-sobre-los-servicios-entre-organismos-ab-3632\/9-3-donde-puedo-leer-las-leyes-que-rigen-los-servicios-relacionados-entre-organismos\/","title":{"rendered":"(9.3) \u00bfD\u00f3nde puedo leer las leyes que rigen los servicios relacionados entre organismos?"},"content":{"rendered":"\n<p>Estas leyes se encuentran en los art\u00edculos 7570-7588 del C\u00f3digo de Gobierno de California y en los art\u00edculos 60000-60610 del t\u00edtulo 2 del C\u00f3digo de Reglamentos de California (California Code of Regulations, C.C.R.). Adem\u00e1s, los distritos escolares deben celebrar acuerdos entre organismos locales de CCS, los cuales deben incluir los detalles necesarios para facilitar la prestaci\u00f3n de los servicios. Los padres y defensores que tengan dificultades para acceder a los servicios deben obtener una copia de estos acuerdos. Los acuerdos entre organismos no pueden contradecir las leyes estatales o federales ni reducir la cantidad de servicios.<\/p>\n","protected":false},"excerpt":{"rendered":"<p>Estas leyes se encuentran en los art\u00edculos 7570-7588 del C\u00f3digo de Gobierno de California y en los art\u00edculos 60000-60610 del t\u00edtulo 2 del C\u00f3digo de&hellip;<\/p>\n","protected":false},"author":1,"featured_media":0,"parent":2508,"menu_order":3,"comment_status":"closed","ping_status":"closed","template":"","meta":{"footnotes":""},"class_list":["post-2519","page","type-page","status-publish","hentry"],"_links":{"self":[{"href":"https:\/\/serr.disabilityrightsca.org\/sp\/wp-json\/wp\/v2\/pages\/2519","targetHints":{"allow":["GET"]}}],"collection":[{"href":"https:\/\/serr.disabilityrightsca.org\/sp\/wp-json\/wp\/v2\/pages"}],"about":[{"href":"https:\/\/serr.disabilityrightsca.org\/sp\/wp-json\/wp\/v2\/types\/page"}],"author":[{"embeddable":true,"href":"https:\/\/serr.disabilityrightsca.org\/sp\/wp-json\/wp\/v2\/users\/1"}],"replies":[{"embeddable":true,"href":"https:\/\/serr.disabilityrightsca.org\/sp\/wp-json\/wp\/v2\/comments?post=2519"}],"version-history":[{"count":2,"href":"https:\/\/serr.disabilityrightsca.org\/sp\/wp-json\/wp\/v2\/pages\/2519\/revisions"}],"predecessor-version":[{"id":3802,"href":"https:\/\/serr.disabilityrightsca.org\/sp\/wp-json\/wp\/v2\/pages\/2519\/revisions\/3802"}],"up":[{"embeddable":true,"href":"https:\/\/serr.disabilityrightsca.org\/sp\/wp-json\/wp\/v2\/pages\/2508"}],"wp:attachment":[{"href":"https:\/\/serr.disabilityrightsca.org\/sp\/wp-json\/wp\/v2\/media?parent=2519"}],"curies":[{"name":"wp","href":"https:\/\/api.w.org\/{rel}","templated":true}]}}