{"id":2521,"date":"2019-12-26T16:05:52","date_gmt":"2019-12-27T00:05:52","guid":{"rendered":"https:\/\/serr.disabilityrightsca.org\/?page_id=2521"},"modified":"2020-08-18T12:55:08","modified_gmt":"2020-08-18T19:55:08","slug":"9-4-el-ab-3632-es-la-unica-via-para-que-un-alumno-de-educacion-especial-de-california-pueda-recibir-terapia-fisica-u-ocupacional","status":"publish","type":"page","link":"https:\/\/serr.disabilityrightsca.org\/sp\/serr-manual\/capitulo-9-informacion-sobre-los-servicios-entre-organismos-ab-3632\/9-4-el-ab-3632-es-la-unica-via-para-que-un-alumno-de-educacion-especial-de-california-pueda-recibir-terapia-fisica-u-ocupacional\/","title":{"rendered":"(9.4) \u00bfEl AB 3632 es la \u00fanica v\u00eda para que un alumno de educaci\u00f3n especial de California pueda recibir terapia f\u00edsica u ocupacional?"},"content":{"rendered":"\n<p>No. Los distritos\nescolares son responsables de brindar estos servicios relacionados cuando los\ndem\u00e1s organismos no los brindan y son necesarios para que un alumno se\nbeneficie de la educaci\u00f3n especial. Los distritos no pueden negarse a incluir\nservicios en un IEP solo por no haber podido identificar una fuente de\nfinanciamiento. [Cal. Gov. Code Sec. 7572(c)]. El AB 3632 aclara\nespec\u00edficamente que, cuando CCS determina que los servicios de terapia f\u00edsica u\nocupacional no son necesarios por motivos m\u00e9dicos, estos quedan a cargo de la\nescuela local en caso de ser necesarios para que el ni\u00f1o pueda beneficiarse de\nla educaci\u00f3n especial. [Cal. Gov. Code Sec. 7575(a)(2)]. Asimismo, cuando los\norganismos de CCS no ofrecen servicios de terapia f\u00edsica u ocupacional debido a\nsus propias normas o requisitos de elegibilidad, los distritos escolares deben\nbrindar estos servicios si son necesarios para que un ni\u00f1o pueda beneficiarse\nde la educaci\u00f3n especial. [34 C.F.R. Sec. 300.34(a); Cal. Ed. Code Sec. 56031].\nLa terapia f\u00edsica y la terapia ocupacional est\u00e1n y siempre han estado incluidas\nentre los servicios relacionados de educaci\u00f3n especial disponibles conforme a\nlas leyes estatales [Cal. Ed. Code Secs. 56363(b)(6) &amp; (10)] y federales\n[34 C.F.R. Secs. 300.34(c)(6)(9) &amp; (10)] cuando son necesarias por motivos\neducativos. <\/p>\n\n\n\n<p>Si otros organismos que\nse supone que deben brindar estos servicios dejan de hacerlo por alg\u00fan motivo,\nel distrito escolar debe asumir la responsabilidad. [20 U.S.C. Sec. 1412(a)(12)(B)(ii)].\nAdem\u00e1s, las leyes federales exigen que el estado garantice la continuidad\ndurante los per\u00edodos de conflicto acerca de los servicios que estaban a cargo\nde un organismo no educativo. [20 U.S.C. Sec. 412(a)(12)(A)]. Usted siempre\ndeber\u00eda intentar que estos servicios se identifiquen en el IEP como necesarios\ndesde un punto de vista educativo o como necesarios para que el alumno se\nbeneficie de la educaci\u00f3n especial. En \u00faltima instancia, es responsabilidad del\nsuperintendente de instrucci\u00f3n p\u00fablica garantizar que se brinden los servicios\nentre organismos. [Gov. Code Sec. 7570].<\/p>\n\n\n\n<p>A fin de obtener estos servicios relacionados, los padres siempre pueden obtener y presentar una evaluaci\u00f3n independiente ante el distrito escolar. El equipo del IEP debe tomarla en consideraci\u00f3n. [Gov. Code Sec. 7572(d)(2)]. Para obtener m\u00e1s informaci\u00f3n sobre c\u00f3mo obtener una evaluaci\u00f3n independiente con fondos p\u00fablicos, consulte el <a href=\"https:\/\/serr.disabilityrightsca.org\/sp\/serr-manual\/capitulo-2-informacion-sobre-las-evaluaciones\/\">cap\u00edtulo 2, Informaci\u00f3n sobre las evaluaciones<\/a>.<\/p>\n","protected":false},"excerpt":{"rendered":"<p>No. Los distritos escolares son responsables de brindar estos servicios relacionados cuando los dem\u00e1s organismos no los brindan y son necesarios para que un alumno&hellip;<\/p>\n","protected":false},"author":1,"featured_media":0,"parent":2508,"menu_order":4,"comment_status":"closed","ping_status":"closed","template":"","meta":{"footnotes":""},"class_list":["post-2521","page","type-page","status-publish","hentry"],"_links":{"self":[{"href":"https:\/\/serr.disabilityrightsca.org\/sp\/wp-json\/wp\/v2\/pages\/2521","targetHints":{"allow":["GET"]}}],"collection":[{"href":"https:\/\/serr.disabilityrightsca.org\/sp\/wp-json\/wp\/v2\/pages"}],"about":[{"href":"https:\/\/serr.disabilityrightsca.org\/sp\/wp-json\/wp\/v2\/types\/page"}],"author":[{"embeddable":true,"href":"https:\/\/serr.disabilityrightsca.org\/sp\/wp-json\/wp\/v2\/users\/1"}],"replies":[{"embeddable":true,"href":"https:\/\/serr.disabilityrightsca.org\/sp\/wp-json\/wp\/v2\/comments?post=2521"}],"version-history":[{"count":4,"href":"https:\/\/serr.disabilityrightsca.org\/sp\/wp-json\/wp\/v2\/pages\/2521\/revisions"}],"predecessor-version":[{"id":4275,"href":"https:\/\/serr.disabilityrightsca.org\/sp\/wp-json\/wp\/v2\/pages\/2521\/revisions\/4275"}],"up":[{"embeddable":true,"href":"https:\/\/serr.disabilityrightsca.org\/sp\/wp-json\/wp\/v2\/pages\/2508"}],"wp:attachment":[{"href":"https:\/\/serr.disabilityrightsca.org\/sp\/wp-json\/wp\/v2\/media?parent=2521"}],"curies":[{"name":"wp","href":"https:\/\/api.w.org\/{rel}","templated":true}]}}