{"id":2527,"date":"2019-12-26T16:13:25","date_gmt":"2019-12-27T00:13:25","guid":{"rendered":"https:\/\/serr.disabilityrightsca.org\/?page_id=2527"},"modified":"2020-07-14T16:04:49","modified_gmt":"2020-07-14T23:04:49","slug":"9-7-de-que-manera-ccs-participa-en-el-desarrollo-del-iep-de-un-nino","status":"publish","type":"page","link":"https:\/\/serr.disabilityrightsca.org\/sp\/serr-manual\/capitulo-9-informacion-sobre-los-servicios-entre-organismos-ab-3632\/9-7-de-que-manera-ccs-participa-en-el-desarrollo-del-iep-de-un-nino\/","title":{"rendered":"(9.7) \u00bfDe qu\u00e9 manera CCS participa en el desarrollo del IEP de un ni\u00f1o?"},"content":{"rendered":"\n<p>CCS debe revisar y debatir los resultados de la evaluaci\u00f3n con los padres y los miembros pertinentes del equipo del IEP antes de la reuni\u00f3n. Si los padres y CCS discrepan acerca de la recomendaci\u00f3n, los padres deben recibir una notificaci\u00f3n por escrito y pueden exigir que la persona que llev\u00f3 a cabo la evaluaci\u00f3n asista a la reuni\u00f3n del IEP. [Cal. Gov. Code Sec.7572(d)(1)]. De modo similar, si un padre obtiene una evaluaci\u00f3n independiente, la persona que lleva a cabo la evaluaci\u00f3n de CCS debe tenerla en cuenta. Es posible que tambi\u00e9n se le exija a la persona a cargo de revisar la evaluaci\u00f3n independiente que asista a la reuni\u00f3n, si los padres lo solicitan. [Cal. Gov. Code Sec. 7572(c)(2)].<\/p>\n","protected":false},"excerpt":{"rendered":"<p>CCS debe revisar y debatir los resultados de la evaluaci\u00f3n con los padres y los miembros pertinentes del equipo del IEP antes de la reuni\u00f3n.&hellip;<\/p>\n","protected":false},"author":1,"featured_media":0,"parent":2508,"menu_order":7,"comment_status":"closed","ping_status":"closed","template":"","meta":{"footnotes":""},"class_list":["post-2527","page","type-page","status-publish","hentry"],"_links":{"self":[{"href":"https:\/\/serr.disabilityrightsca.org\/sp\/wp-json\/wp\/v2\/pages\/2527","targetHints":{"allow":["GET"]}}],"collection":[{"href":"https:\/\/serr.disabilityrightsca.org\/sp\/wp-json\/wp\/v2\/pages"}],"about":[{"href":"https:\/\/serr.disabilityrightsca.org\/sp\/wp-json\/wp\/v2\/types\/page"}],"author":[{"embeddable":true,"href":"https:\/\/serr.disabilityrightsca.org\/sp\/wp-json\/wp\/v2\/users\/1"}],"replies":[{"embeddable":true,"href":"https:\/\/serr.disabilityrightsca.org\/sp\/wp-json\/wp\/v2\/comments?post=2527"}],"version-history":[{"count":2,"href":"https:\/\/serr.disabilityrightsca.org\/sp\/wp-json\/wp\/v2\/pages\/2527\/revisions"}],"predecessor-version":[{"id":3806,"href":"https:\/\/serr.disabilityrightsca.org\/sp\/wp-json\/wp\/v2\/pages\/2527\/revisions\/3806"}],"up":[{"embeddable":true,"href":"https:\/\/serr.disabilityrightsca.org\/sp\/wp-json\/wp\/v2\/pages\/2508"}],"wp:attachment":[{"href":"https:\/\/serr.disabilityrightsca.org\/sp\/wp-json\/wp\/v2\/media?parent=2527"}],"curies":[{"name":"wp","href":"https:\/\/api.w.org\/{rel}","templated":true}]}}