{"id":2532,"date":"2019-12-26T16:16:46","date_gmt":"2019-12-27T00:16:46","guid":{"rendered":"https:\/\/serr.disabilityrightsca.org\/?page_id=2532"},"modified":"2020-07-14T16:06:29","modified_gmt":"2020-07-14T23:06:29","slug":"9-9-un-organismo-no-educativo-ccs-puede-modificar-un-servicio-detallado-en-el-iep-de-mi-hijo-sin-mi-consentimiento","status":"publish","type":"page","link":"https:\/\/serr.disabilityrightsca.org\/sp\/serr-manual\/capitulo-9-informacion-sobre-los-servicios-entre-organismos-ab-3632\/9-9-un-organismo-no-educativo-ccs-puede-modificar-un-servicio-detallado-en-el-iep-de-mi-hijo-sin-mi-consentimiento\/","title":{"rendered":"(9.9) \u00bfUn organismo no educativo (CCS) puede modificar un servicio detallado en el IEP de mi hijo sin mi consentimiento?"},"content":{"rendered":"\n<p>No. Antes de poder\nmodificar o suspender los servicios de su hijo, es necesario que usted d\u00e9 su\nconsentimiento por escrito. Debe realizarse una reuni\u00f3n del IEP a fin de\nmodificar o suspender los servicios incluidos en un IEP firmado. [Cal.\nEd. Code Sec. 56343(b)]. Adem\u00e1s,\nlas leyes federales exigen que un organismo p\u00fablico (incluido el distrito\nescolar o CCS) notifique a los padres con antelaci\u00f3n razonable antes de\nproponer iniciar o cambiar la identificaci\u00f3n, la evaluaci\u00f3n o la colocaci\u00f3n\neducativa de su hijo, o la provisi\u00f3n de una \u201ceducaci\u00f3n p\u00fablica, adecuada y\ngratuita\u201d (free appropriate public education, FAPE) (incluidos los servicios\nrelacionados). [34 C.F.R. Sec. 300.2]. La \u201cnotificaci\u00f3n previa por escrito\u201d\ndebe cumplir con lo siguiente: <\/p>\n\n\n\n<p>(1)\nDescribir la medida que el organismo propone tomar y el motivo. <\/p>\n\n\n\n<p>(2)\nDescribir las alternativas que se consideraron y los motivos por los que se\nrechazaron. <\/p>\n\n\n\n<p>(3)\nBrindar una descripci\u00f3n de cada evaluaci\u00f3n, procedimiento, prueba, registro o\ninforme en los que se basa la medida propuesta.<\/p>\n\n\n\n<p>(4)\nBrindar una descripci\u00f3n de su derecho a objetar la medida propuesta, que puede\nincluir la reducci\u00f3n o la suspensi\u00f3n de un servicio. [34 C.F.R. Secs. 300.503\n&amp; 300.504]. <\/p>\n\n\n\n<p>Luego los cambios de\nservicios propuestos se someten al proceso del IEP y a los procedimientos de\ndebido proceso, en caso de ser necesario. Mientras los procedimientos de debido\nproceso se encuentran pendientes, su hijo debe continuar recibiendo los\nservicios que se brindaban antes del cambio propuesto. [20 U.S.C. Sec.\n1415(j); 34 C.F.R. Sec. 300.518(a); Cal. Ed. Code Sec. 56505(d)]. Consulte el cap\u00edtulo 4, Informaci\u00f3n sobre el\nproceso del IEP. <\/p>\n","protected":false},"excerpt":{"rendered":"<p>No. Antes de poder modificar o suspender los servicios de su hijo, es necesario que usted d\u00e9 su consentimiento por escrito. Debe realizarse una reuni\u00f3n&hellip;<\/p>\n","protected":false},"author":1,"featured_media":0,"parent":2508,"menu_order":9,"comment_status":"closed","ping_status":"closed","template":"","meta":{"footnotes":""},"class_list":["post-2532","page","type-page","status-publish","hentry"],"_links":{"self":[{"href":"https:\/\/serr.disabilityrightsca.org\/sp\/wp-json\/wp\/v2\/pages\/2532","targetHints":{"allow":["GET"]}}],"collection":[{"href":"https:\/\/serr.disabilityrightsca.org\/sp\/wp-json\/wp\/v2\/pages"}],"about":[{"href":"https:\/\/serr.disabilityrightsca.org\/sp\/wp-json\/wp\/v2\/types\/page"}],"author":[{"embeddable":true,"href":"https:\/\/serr.disabilityrightsca.org\/sp\/wp-json\/wp\/v2\/users\/1"}],"replies":[{"embeddable":true,"href":"https:\/\/serr.disabilityrightsca.org\/sp\/wp-json\/wp\/v2\/comments?post=2532"}],"version-history":[{"count":3,"href":"https:\/\/serr.disabilityrightsca.org\/sp\/wp-json\/wp\/v2\/pages\/2532\/revisions"}],"predecessor-version":[{"id":3808,"href":"https:\/\/serr.disabilityrightsca.org\/sp\/wp-json\/wp\/v2\/pages\/2532\/revisions\/3808"}],"up":[{"embeddable":true,"href":"https:\/\/serr.disabilityrightsca.org\/sp\/wp-json\/wp\/v2\/pages\/2508"}],"wp:attachment":[{"href":"https:\/\/serr.disabilityrightsca.org\/sp\/wp-json\/wp\/v2\/media?parent=2532"}],"curies":[{"name":"wp","href":"https:\/\/api.w.org\/{rel}","templated":true}]}}