{"id":2544,"date":"2019-12-26T16:29:59","date_gmt":"2019-12-27T00:29:59","guid":{"rendered":"https:\/\/serr.disabilityrightsca.org\/?page_id=2544"},"modified":"2020-07-14T16:10:36","modified_gmt":"2020-07-14T23:10:36","slug":"9-15-un-organismo-publico-coloco-a-mi-hijo-en-un-establecimiento-en-otro-estado-pero-no-por-medio-del-distrito-escolar-u-otro-organismo-educativo-quien-es-responsable-de-cubrir-los-costos-de","status":"publish","type":"page","link":"https:\/\/serr.disabilityrightsca.org\/sp\/serr-manual\/capitulo-9-informacion-sobre-los-servicios-entre-organismos-ab-3632\/9-15-un-organismo-publico-coloco-a-mi-hijo-en-un-establecimiento-en-otro-estado-pero-no-por-medio-del-distrito-escolar-u-otro-organismo-educativo-quien-es-responsable-de-cubrir-los-costos-de\/","title":{"rendered":"(9.15) Un organismo p\u00fablico coloc\u00f3 a mi hijo en un establecimiento en otro estado, pero no por medio del distrito escolar u otro organismo educativo. \u00bfQui\u00e9n es responsable de cubrir los costos de su educaci\u00f3n, colocaci\u00f3n residencial y tratamiento?"},"content":{"rendered":"\n<p>Todo organismo p\u00fablico que no sea educativo y que coloque a su hijo con una discapacidad (o que se sospecha que tiene una discapacidad) en un establecimiento fuera del estado sin la participaci\u00f3n del distrito escolar, del \u00c1rea del Plan Local de Educaci\u00f3n Especial (Special Education Local Plan Area, SELPA) o de la Oficina de Educaci\u00f3n del Condado (County Office of Education) del lugar de residencia de los padres o del tutor debe asumir total responsabilidad financiera por los costos de la colocaci\u00f3n residencial de su hijo, su programa de educaci\u00f3n especial y los servicios relacionados en el otro estado, salvo que un organismo estatal o local en el otro estado asuma la responsabilidad. [Cal. Gov. Code Sec. 7579(d)].<\/p>\n","protected":false},"excerpt":{"rendered":"<p>Todo organismo p\u00fablico que no sea educativo y que coloque a su hijo con una discapacidad (o que se sospecha que tiene una discapacidad) en&hellip;<\/p>\n","protected":false},"author":1,"featured_media":0,"parent":2508,"menu_order":15,"comment_status":"closed","ping_status":"closed","template":"","meta":{"footnotes":""},"class_list":["post-2544","page","type-page","status-publish","hentry"],"_links":{"self":[{"href":"https:\/\/serr.disabilityrightsca.org\/sp\/wp-json\/wp\/v2\/pages\/2544","targetHints":{"allow":["GET"]}}],"collection":[{"href":"https:\/\/serr.disabilityrightsca.org\/sp\/wp-json\/wp\/v2\/pages"}],"about":[{"href":"https:\/\/serr.disabilityrightsca.org\/sp\/wp-json\/wp\/v2\/types\/page"}],"author":[{"embeddable":true,"href":"https:\/\/serr.disabilityrightsca.org\/sp\/wp-json\/wp\/v2\/users\/1"}],"replies":[{"embeddable":true,"href":"https:\/\/serr.disabilityrightsca.org\/sp\/wp-json\/wp\/v2\/comments?post=2544"}],"version-history":[{"count":2,"href":"https:\/\/serr.disabilityrightsca.org\/sp\/wp-json\/wp\/v2\/pages\/2544\/revisions"}],"predecessor-version":[{"id":3814,"href":"https:\/\/serr.disabilityrightsca.org\/sp\/wp-json\/wp\/v2\/pages\/2544\/revisions\/3814"}],"up":[{"embeddable":true,"href":"https:\/\/serr.disabilityrightsca.org\/sp\/wp-json\/wp\/v2\/pages\/2508"}],"wp:attachment":[{"href":"https:\/\/serr.disabilityrightsca.org\/sp\/wp-json\/wp\/v2\/media?parent=2544"}],"curies":[{"name":"wp","href":"https:\/\/api.w.org\/{rel}","templated":true}]}}