{"id":2549,"date":"2019-12-26T16:31:50","date_gmt":"2019-12-27T00:31:50","guid":{"rendered":"https:\/\/serr.disabilityrightsca.org\/?page_id=2549"},"modified":"2020-07-14T16:11:54","modified_gmt":"2020-07-14T23:11:54","slug":"9-17-si-un-alumno-necesita-tratamiento-residencial-para-beneficiarse-de-la-educacion-debe-estar-bajo-tutela-judicial-los-padres-deben-abonar-parte-de-los-costos-del-tratamiento-residen","status":"publish","type":"page","link":"https:\/\/serr.disabilityrightsca.org\/sp\/serr-manual\/capitulo-9-informacion-sobre-los-servicios-entre-organismos-ab-3632\/9-17-si-un-alumno-necesita-tratamiento-residencial-para-beneficiarse-de-la-educacion-debe-estar-bajo-tutela-judicial-los-padres-deben-abonar-parte-de-los-costos-del-tratamiento-residen\/","title":{"rendered":"(9.17) Si un alumno necesita tratamiento residencial para beneficiarse de la educaci\u00f3n, \u00bfdebe estar bajo tutela judicial? \u00bfLos padres deben abonar parte de los costos del tratamiento residencial?"},"content":{"rendered":"\n<p>No. Exigir que su hijo est\u00e9 bajo tutela judicial si necesita atenci\u00f3n residencial para beneficiarse de los servicios educativos es una violaci\u00f3n de las leyes federales. [Consulte Christopher T. v. San Francisco Unified School District, 553 F. Supp. 1107 (N.D. Cal. 1982)]. Tampoco se les puede exigir a los padres que paguen parte de los costos del tratamiento residencial si la colocaci\u00f3n se determina mediante el proceso del IEP y es necesaria para brindar educaci\u00f3n especial y servicios relacionados. [34 C.F.R. Sec. 300.104].<\/p>\n","protected":false},"excerpt":{"rendered":"<p>No. Exigir que su hijo est\u00e9 bajo tutela judicial si necesita atenci\u00f3n residencial para beneficiarse de los servicios educativos es una violaci\u00f3n de las leyes&hellip;<\/p>\n","protected":false},"author":1,"featured_media":0,"parent":2508,"menu_order":17,"comment_status":"closed","ping_status":"closed","template":"","meta":{"footnotes":""},"class_list":["post-2549","page","type-page","status-publish","hentry"],"_links":{"self":[{"href":"https:\/\/serr.disabilityrightsca.org\/sp\/wp-json\/wp\/v2\/pages\/2549","targetHints":{"allow":["GET"]}}],"collection":[{"href":"https:\/\/serr.disabilityrightsca.org\/sp\/wp-json\/wp\/v2\/pages"}],"about":[{"href":"https:\/\/serr.disabilityrightsca.org\/sp\/wp-json\/wp\/v2\/types\/page"}],"author":[{"embeddable":true,"href":"https:\/\/serr.disabilityrightsca.org\/sp\/wp-json\/wp\/v2\/users\/1"}],"replies":[{"embeddable":true,"href":"https:\/\/serr.disabilityrightsca.org\/sp\/wp-json\/wp\/v2\/comments?post=2549"}],"version-history":[{"count":2,"href":"https:\/\/serr.disabilityrightsca.org\/sp\/wp-json\/wp\/v2\/pages\/2549\/revisions"}],"predecessor-version":[{"id":3816,"href":"https:\/\/serr.disabilityrightsca.org\/sp\/wp-json\/wp\/v2\/pages\/2549\/revisions\/3816"}],"up":[{"embeddable":true,"href":"https:\/\/serr.disabilityrightsca.org\/sp\/wp-json\/wp\/v2\/pages\/2508"}],"wp:attachment":[{"href":"https:\/\/serr.disabilityrightsca.org\/sp\/wp-json\/wp\/v2\/media?parent=2549"}],"curies":[{"name":"wp","href":"https:\/\/api.w.org\/{rel}","templated":true}]}}