{"id":2551,"date":"2019-12-26T16:33:08","date_gmt":"2019-12-27T00:33:08","guid":{"rendered":"https:\/\/serr.disabilityrightsca.org\/?page_id=2551"},"modified":"2020-07-14T16:12:47","modified_gmt":"2020-07-14T23:12:47","slug":"9-18-cuales-son-las-diferencias-entre-una-colocacion-residencial-exigida-por-orden-judicial-y-una-colocacion-conforme-al-iep","status":"publish","type":"page","link":"https:\/\/serr.disabilityrightsca.org\/sp\/serr-manual\/capitulo-9-informacion-sobre-los-servicios-entre-organismos-ab-3632\/9-18-cuales-son-las-diferencias-entre-una-colocacion-residencial-exigida-por-orden-judicial-y-una-colocacion-conforme-al-iep\/","title":{"rendered":"(9.18) \u00bfCu\u00e1les son las diferencias entre una colocaci\u00f3n residencial exigida por orden judicial y una colocaci\u00f3n conforme al IEP?"},"content":{"rendered":"\n<p>Si su hijo est\u00e1 bajo\ntutela judicial, el tribunal se encargar\u00e1 de decidir la colocaci\u00f3n, no usted.\nEl tribunal, a su criterio, puede permitirle conservar algunos derechos\neducativos, de manera que pueda participar en el proceso del IEP en el\nestablecimiento residencial si su hijo recibe educaci\u00f3n especial. Como parte\ndel proceso de dependencia, es posible que pierda la patria potestad mientras\ndure la colocaci\u00f3n.<\/p>\n\n\n\n<p>Existe una diferencia\ncr\u00edtica en cuanto a la responsabilidad financiera respecto del costo de la\ncolocaci\u00f3n. Una colocaci\u00f3n que se determina a trav\u00e9s del proceso del IEP no\ndebe tener costo alguno para los padres. En cambio, el costo de una colocaci\u00f3n\nexigida por un tribunal queda a cargo de este. Sin embargo, el tribunal debe\nsolicitar un reembolso por parte de los padres mediante una orden de\nmanutenci\u00f3n, que depender\u00e1 de su determinaci\u00f3n respecto de la capacidad de los\npadres para pagar. [Cal. Welf. &amp; Inst. Code Sec. 903]. Esto puede imponer\nuna carga financiera considerable sobre los padres, salvo que los ingresos de\nla familia sean m\u00ednimos. Si la colocaci\u00f3n residencial se necesita por motivos\neducativos, estas exigencias violan el requisito de \u201csin costo alguno\u201d de las\nleyes federales. [20 U.S.C. Sec. 1401(9)(A) and 1401(29)].<\/p>\n\n\n\n<p>Si a su hijo se le\nasigna un tratamiento residencial mediante el proceso del IEP, usted tendr\u00e1 a\nsu disposici\u00f3n todos los derechos y las protecciones para alumnos y padres\ngarantizados por ley. No es posible asignarle una colocaci\u00f3n ni brindarle\nservicios a su hijo sin su aprobaci\u00f3n y consentimiento por escrito.<\/p>\n\n\n\n<p>La responsabilidad de\nimplementar el IEP de un ni\u00f1o cuya colocaci\u00f3n es ordenada por un tribunal recae\nsobre el distrito escolar en el que se lo coloc\u00f3, no sobre el distrito donde\nresiden los padres. En el caso de un ni\u00f1o cuya colocaci\u00f3n se decidi\u00f3 conforme\nal IEP, la responsabilidad recae sobre el distrito que la determin\u00f3, que suele\nser el distrito escolar o el condado de residencia de los padres.<\/p>\n","protected":false},"excerpt":{"rendered":"<p>Si su hijo est\u00e1 bajo tutela judicial, el tribunal se encargar\u00e1 de decidir la colocaci\u00f3n, no usted. El tribunal, a su criterio, puede permitirle conservar&hellip;<\/p>\n","protected":false},"author":1,"featured_media":0,"parent":2508,"menu_order":18,"comment_status":"closed","ping_status":"closed","template":"","meta":{"footnotes":""},"class_list":["post-2551","page","type-page","status-publish","hentry"],"_links":{"self":[{"href":"https:\/\/serr.disabilityrightsca.org\/sp\/wp-json\/wp\/v2\/pages\/2551","targetHints":{"allow":["GET"]}}],"collection":[{"href":"https:\/\/serr.disabilityrightsca.org\/sp\/wp-json\/wp\/v2\/pages"}],"about":[{"href":"https:\/\/serr.disabilityrightsca.org\/sp\/wp-json\/wp\/v2\/types\/page"}],"author":[{"embeddable":true,"href":"https:\/\/serr.disabilityrightsca.org\/sp\/wp-json\/wp\/v2\/users\/1"}],"replies":[{"embeddable":true,"href":"https:\/\/serr.disabilityrightsca.org\/sp\/wp-json\/wp\/v2\/comments?post=2551"}],"version-history":[{"count":2,"href":"https:\/\/serr.disabilityrightsca.org\/sp\/wp-json\/wp\/v2\/pages\/2551\/revisions"}],"predecessor-version":[{"id":3817,"href":"https:\/\/serr.disabilityrightsca.org\/sp\/wp-json\/wp\/v2\/pages\/2551\/revisions\/3817"}],"up":[{"embeddable":true,"href":"https:\/\/serr.disabilityrightsca.org\/sp\/wp-json\/wp\/v2\/pages\/2508"}],"wp:attachment":[{"href":"https:\/\/serr.disabilityrightsca.org\/sp\/wp-json\/wp\/v2\/media?parent=2551"}],"curies":[{"name":"wp","href":"https:\/\/api.w.org\/{rel}","templated":true}]}}