{"id":2555,"date":"2019-12-26T16:34:49","date_gmt":"2019-12-27T00:34:49","guid":{"rendered":"https:\/\/serr.disabilityrightsca.org\/?page_id=2555"},"modified":"2020-08-18T12:58:57","modified_gmt":"2020-08-18T19:58:57","slug":"9-20-el-tribunal-coloco-a-mi-hijo-en-un-centro-de-menores-quien-es-responsable-de-brindarle-los-servicios","status":"publish","type":"page","link":"https:\/\/serr.disabilityrightsca.org\/sp\/serr-manual\/capitulo-9-informacion-sobre-los-servicios-entre-organismos-ab-3632\/9-20-el-tribunal-coloco-a-mi-hijo-en-un-centro-de-menores-quien-es-responsable-de-brindarle-los-servicios\/","title":{"rendered":"(9.20) El tribunal coloc\u00f3 a mi hijo en un centro de menores. \u00bfQui\u00e9n es responsable de brindarle los servicios?"},"content":{"rendered":"\n<p>La Oficina de Educaci\u00f3n\ndel Condado es responsable de la administraci\u00f3n y operaci\u00f3n de las escuelas de\ntribunales de menores, los reformatorios de menores, los hogares de menores,\nlos centros diurnos, los campos o campamentos de rehabilitaci\u00f3n y las escuelas\ncomunitarias del condado. [Cal. Ed. Code Secs. 48645.2 &amp; 56150]. El superintendente\nde escuelas del condado puede celebrar un contrato con el Consejo de\nSupervisores del condado para asumir esta responsabilidad. Adem\u00e1s, cada SELPA\ndebe desarrollar un plan local que describa el proceso para coordinar y brindar\nlos servicios para alumnos colocados en escuelas de tribunales de menores o en\nescuelas comunitarias del condado. [Cal. Ed. Code Sec. 56195.7(g)]. Usted\ndeber\u00eda obtener una copia del plan local.<\/p>\n\n\n\n<p>Si las leyes de educaci\u00f3n especial o el plan de la SELPA no se cumplen, o si la SELPA no aborda la coordinaci\u00f3n y prestaci\u00f3n de servicios, usted puede presentar un reclamo contra el condado ante el CDE para exigir el cumplimiento. Tambi\u00e9n deber\u00eda considerar seguir los procedimientos de debido proceso contra los condados o las SELPA. Consulte el <a href=\"https:\/\/serr.disabilityrightsca.org\/sp\/serr-manual\/chapter-6-informacion-sobre-el-debido-proceso-y-los-procedimientos-de-cumplimiento\/\">cap\u00edtulo 6, Informaci\u00f3n sobre el debido proceso y los procedimientos de cumplimiento.<\/a><\/p>\n","protected":false},"excerpt":{"rendered":"<p>La Oficina de Educaci\u00f3n del Condado es responsable de la administraci\u00f3n y operaci\u00f3n de las escuelas de tribunales de menores, los reformatorios de menores, los&hellip;<\/p>\n","protected":false},"author":1,"featured_media":0,"parent":2508,"menu_order":20,"comment_status":"closed","ping_status":"closed","template":"","meta":{"footnotes":""},"class_list":["post-2555","page","type-page","status-publish","hentry"],"_links":{"self":[{"href":"https:\/\/serr.disabilityrightsca.org\/sp\/wp-json\/wp\/v2\/pages\/2555","targetHints":{"allow":["GET"]}}],"collection":[{"href":"https:\/\/serr.disabilityrightsca.org\/sp\/wp-json\/wp\/v2\/pages"}],"about":[{"href":"https:\/\/serr.disabilityrightsca.org\/sp\/wp-json\/wp\/v2\/types\/page"}],"author":[{"embeddable":true,"href":"https:\/\/serr.disabilityrightsca.org\/sp\/wp-json\/wp\/v2\/users\/1"}],"replies":[{"embeddable":true,"href":"https:\/\/serr.disabilityrightsca.org\/sp\/wp-json\/wp\/v2\/comments?post=2555"}],"version-history":[{"count":4,"href":"https:\/\/serr.disabilityrightsca.org\/sp\/wp-json\/wp\/v2\/pages\/2555\/revisions"}],"predecessor-version":[{"id":4278,"href":"https:\/\/serr.disabilityrightsca.org\/sp\/wp-json\/wp\/v2\/pages\/2555\/revisions\/4278"}],"up":[{"embeddable":true,"href":"https:\/\/serr.disabilityrightsca.org\/sp\/wp-json\/wp\/v2\/pages\/2508"}],"wp:attachment":[{"href":"https:\/\/serr.disabilityrightsca.org\/sp\/wp-json\/wp\/v2\/media?parent=2555"}],"curies":[{"name":"wp","href":"https:\/\/api.w.org\/{rel}","templated":true}]}}