{"id":2557,"date":"2019-12-26T16:35:29","date_gmt":"2019-12-27T00:35:29","guid":{"rendered":"https:\/\/serr.disabilityrightsca.org\/?page_id=2557"},"modified":"2020-07-14T16:16:32","modified_gmt":"2020-07-14T23:16:32","slug":"9-21-si-mi-hijo-ingresa-en-la-autoridad-de-menores-de-california-california-youth-authority-continuara-recibiendo-sus-servicios-de-educacion-especial","status":"publish","type":"page","link":"https:\/\/serr.disabilityrightsca.org\/sp\/serr-manual\/capitulo-9-informacion-sobre-los-servicios-entre-organismos-ab-3632\/9-21-si-mi-hijo-ingresa-en-la-autoridad-de-menores-de-california-california-youth-authority-continuara-recibiendo-sus-servicios-de-educacion-especial\/","title":{"rendered":"(9.21) Si mi hijo ingresa en la Autoridad de Menores de California (California Youth Authority), \u00bfcontinuar\u00e1 recibiendo sus servicios de educaci\u00f3n especial?"},"content":{"rendered":"\n<p>S\u00ed. El tribunal de menores no puede enviar a un alumno de educaci\u00f3n especial a la Divisi\u00f3n de Justicia de Menores (Division of Juvenile Justice) (anteriormente llamada Autoridad de Menores de California) hasta que esta no haya recibido el IEP del alumno. Adem\u00e1s, el tribunal debe asegurarse de que el funcionario de libertad condicional del alumno se comunique con el personal adecuado de la escuela del tribunal de menores, la Oficina de Educaci\u00f3n del Condado o la SELPA para asegurarse de que se env\u00ede el IEP. [Cal. Welf. &amp; Inst. Code Sec. 1742].<\/p>\n","protected":false},"excerpt":{"rendered":"<p>S\u00ed. El tribunal de menores no puede enviar a un alumno de educaci\u00f3n especial a la Divisi\u00f3n de Justicia de Menores (Division of Juvenile Justice)&hellip;<\/p>\n","protected":false},"author":1,"featured_media":0,"parent":2508,"menu_order":21,"comment_status":"closed","ping_status":"closed","template":"","meta":{"footnotes":""},"class_list":["post-2557","page","type-page","status-publish","hentry"],"_links":{"self":[{"href":"https:\/\/serr.disabilityrightsca.org\/sp\/wp-json\/wp\/v2\/pages\/2557","targetHints":{"allow":["GET"]}}],"collection":[{"href":"https:\/\/serr.disabilityrightsca.org\/sp\/wp-json\/wp\/v2\/pages"}],"about":[{"href":"https:\/\/serr.disabilityrightsca.org\/sp\/wp-json\/wp\/v2\/types\/page"}],"author":[{"embeddable":true,"href":"https:\/\/serr.disabilityrightsca.org\/sp\/wp-json\/wp\/v2\/users\/1"}],"replies":[{"embeddable":true,"href":"https:\/\/serr.disabilityrightsca.org\/sp\/wp-json\/wp\/v2\/comments?post=2557"}],"version-history":[{"count":2,"href":"https:\/\/serr.disabilityrightsca.org\/sp\/wp-json\/wp\/v2\/pages\/2557\/revisions"}],"predecessor-version":[{"id":3820,"href":"https:\/\/serr.disabilityrightsca.org\/sp\/wp-json\/wp\/v2\/pages\/2557\/revisions\/3820"}],"up":[{"embeddable":true,"href":"https:\/\/serr.disabilityrightsca.org\/sp\/wp-json\/wp\/v2\/pages\/2508"}],"wp:attachment":[{"href":"https:\/\/serr.disabilityrightsca.org\/sp\/wp-json\/wp\/v2\/media?parent=2557"}],"curies":[{"name":"wp","href":"https:\/\/api.w.org\/{rel}","templated":true}]}}