{"id":2561,"date":"2019-12-26T16:37:43","date_gmt":"2019-12-27T00:37:43","guid":{"rendered":"https:\/\/serr.disabilityrightsca.org\/?page_id=2561"},"modified":"2020-07-14T16:20:03","modified_gmt":"2020-07-14T23:20:03","slug":"9-23-se-suspenderan-los-servicios-ab-3632-cuando-mi-hijo-cumpla-18-anos","status":"publish","type":"page","link":"https:\/\/serr.disabilityrightsca.org\/sp\/serr-manual\/capitulo-9-informacion-sobre-los-servicios-entre-organismos-ab-3632\/9-23-se-suspenderan-los-servicios-ab-3632-cuando-mi-hijo-cumpla-18-anos\/","title":{"rendered":"(9.23) \u00bfSe suspender\u00e1n los servicios AB 3632 cuando mi hijo cumpla 18 a\u00f1os?"},"content":{"rendered":"\n<p>No. Conforme a las leyes federales y estatales de educaci\u00f3n especial, un alumno es elegible para recibir educaci\u00f3n especial y servicios relacionados (como los servicios de CCS) hasta que este cumpla 22 a\u00f1os o reciba un diploma de la escuela secundaria. CCS debe observar los mismos requisitos de elegibilidad basada en la edad que el distrito escolar. [34 C.F.R. Secs. 300.2(b)(1)(iii) &amp; 300.102; Cal. Ed. Code Sec. 56026; Cal. Gov. Code Sec. 7584; 2 C.C.R. Sec. 60010(q)].<\/p>\n","protected":false},"excerpt":{"rendered":"<p>No. Conforme a las leyes federales y estatales de educaci\u00f3n especial, un alumno es elegible para recibir educaci\u00f3n especial y servicios relacionados (como los servicios&hellip;<\/p>\n","protected":false},"author":1,"featured_media":0,"parent":2508,"menu_order":23,"comment_status":"closed","ping_status":"closed","template":"","meta":{"footnotes":""},"class_list":["post-2561","page","type-page","status-publish","hentry"],"_links":{"self":[{"href":"https:\/\/serr.disabilityrightsca.org\/sp\/wp-json\/wp\/v2\/pages\/2561","targetHints":{"allow":["GET"]}}],"collection":[{"href":"https:\/\/serr.disabilityrightsca.org\/sp\/wp-json\/wp\/v2\/pages"}],"about":[{"href":"https:\/\/serr.disabilityrightsca.org\/sp\/wp-json\/wp\/v2\/types\/page"}],"author":[{"embeddable":true,"href":"https:\/\/serr.disabilityrightsca.org\/sp\/wp-json\/wp\/v2\/users\/1"}],"replies":[{"embeddable":true,"href":"https:\/\/serr.disabilityrightsca.org\/sp\/wp-json\/wp\/v2\/comments?post=2561"}],"version-history":[{"count":2,"href":"https:\/\/serr.disabilityrightsca.org\/sp\/wp-json\/wp\/v2\/pages\/2561\/revisions"}],"predecessor-version":[{"id":3822,"href":"https:\/\/serr.disabilityrightsca.org\/sp\/wp-json\/wp\/v2\/pages\/2561\/revisions\/3822"}],"up":[{"embeddable":true,"href":"https:\/\/serr.disabilityrightsca.org\/sp\/wp-json\/wp\/v2\/pages\/2508"}],"wp:attachment":[{"href":"https:\/\/serr.disabilityrightsca.org\/sp\/wp-json\/wp\/v2\/media?parent=2561"}],"curies":[{"name":"wp","href":"https:\/\/api.w.org\/{rel}","templated":true}]}}