{"id":2563,"date":"2019-12-26T16:39:15","date_gmt":"2019-12-27T00:39:15","guid":{"rendered":"https:\/\/serr.disabilityrightsca.org\/?page_id=2563"},"modified":"2024-07-24T09:16:43","modified_gmt":"2024-07-24T16:16:43","slug":"9-24-quien-toma-las-decisiones-en-nombre-de-un-alumno-de-educacion-especial-cuyos-padres-ya-no-tienen-derecho-sobre-este-o-no-estan-involucrados-en-su-vida","status":"publish","type":"page","link":"https:\/\/serr.disabilityrightsca.org\/sp\/serr-manual\/capitulo-9-informacion-sobre-los-servicios-entre-organismos-ab-3632\/9-24-quien-toma-las-decisiones-en-nombre-de-un-alumno-de-educacion-especial-cuyos-padres-ya-no-tienen-derecho-sobre-este-o-no-estan-involucrados-en-su-vida\/","title":{"rendered":"(9.24) \u00bfQui\u00e9n toma las decisiones en nombre de un alumno de educaci\u00f3n especial cuyos padres ya no tienen derecho sobre este o no est\u00e1n involucrados en su vida?"},"content":{"rendered":"\n<p>Cuando no hay ninguna\npersona que pueda actuar como padre para un alumno con discapacidades, el\ndistrito escolar o el tribunal de menores debe designar a un adulto responsable\npara que tome las decisiones educativas. Conforme al AB 3632, el adulto\nresponsable se denomina \u201cpadre sustituto\u201d.<\/p>\n\n\n\n<p>El distrito escolar\ndesigna a esta persona, que suele ser un voluntario, para que represente a los\nalumnos en el proceso del IEP si se cumplen una o m\u00e1s de las siguientes\ncondiciones:<\/p>\n\n\n\n<p>(1)&nbsp;&nbsp;&nbsp;&nbsp;&nbsp; El alumno se encuentra bajo tutela\njudicial, el tribunal ha limitado el derecho de los padres o del tutor a tomar\ndecisiones relacionadas con la educaci\u00f3n y el tribunal no ha designado a un\nadulto responsable para que represente al alumno en el proceso el IEP.<\/p>\n\n\n\n<p>(2)&nbsp;&nbsp;&nbsp;&nbsp;&nbsp; No es posible identificar a los padres del\nalumno.<\/p>\n\n\n\n<p>(3)&nbsp;&nbsp;&nbsp;&nbsp;&nbsp; Despu\u00e9s de hacer todo lo posible, el\ndistrito a\u00fan no puede ubicar a los padres.<\/p>\n\n\n\n<p>El distrito debe hacer\n\u201ctodo lo posible\u201d para designar a un padre sustituto dentro de los 30 d\u00edas tras\ndeterminar que se necesita uno. Adem\u00e1s, el adulto responsable designado no\npuede tener ning\u00fan conflicto de intereses con el alumno. Un conflicto implica todo\ninter\u00e9s que pueda limitar o afectar la capacidad para defender todos los\nservicios necesarios para garantizar que el alumno reciba una FAPE. [Cal. Gov.\nCode Secs. 7579.5(a) &amp; (i)].<\/p>\n\n\n\n<p>Si el alumno est\u00e1\nsujeto a la autoridad del tribunal de menores, el juez debe designar a alguien\npara que tome las decisiones educativas en nombre del dependiente o ni\u00f1o que\nest\u00e1 bajo tutela judicial. El tribunal puede conferirles la autoridad para la\ntoma de decisiones a los padres si contin\u00faan involucrados en su vida. Sin embargo,\ntiene poder para limitar la autoridad de los padres en cuanto a las decisiones\neducativas mediante una orden judicial, pero solo en la medida en que sea\nnecesario para proteger al alumno.<\/p>\n\n\n\n<p>Si el tribunal limita\nel derecho de los padres a tomar decisiones relacionadas con la educaci\u00f3n,\ntambi\u00e9n debe designar a un adulto responsable para que tome estas decisiones\nhasta que ocurra lo siguiente:<\/p>\n\n\n\n<p>(1)&nbsp;&nbsp;&nbsp;&nbsp;&nbsp; Que el alumno cumpla 18 a\u00f1os (salvo que\nelija ceder su autoridad para tomar decisiones educativas a otra persona o que\nel tribunal determine que es \u201cincompetente\u201d).<\/p>\n\n\n\n<p>(2)&nbsp;&nbsp;&nbsp;&nbsp;&nbsp; Que se designe a otro adulto responsable\npara que tome decisiones relacionadas con la educaci\u00f3n.<\/p>\n\n\n\n<p>(3)&nbsp;&nbsp;&nbsp;&nbsp;&nbsp; Que se restablezca el derecho a tomar\ndecisiones de los padres.<\/p>\n\n\n\n<p>(4)&nbsp;&nbsp;&nbsp;&nbsp;&nbsp; Que se designe un tutor o curador para el\nalumno.<\/p>\n\n\n\n<p>(5)&nbsp;&nbsp;&nbsp;&nbsp;&nbsp; Que se ubique al alumno en un hogar de\nacogida a largo plazo y se les otorgue la autoridad para tomar decisiones\neducativas a los padres de acogida.<\/p>\n\n\n\n<p>Al igual que el\ndistrito escolar, el tribunal tambi\u00e9n debe designar a un adulto responsable que\nno tenga ning\u00fan conflicto de intereses con el alumno. Para el tribunal, un\nconflicto de intereses es todo inter\u00e9s que pueda limitar o afectar la capacidad\npara tomar decisiones relacionadas con la educaci\u00f3n. El adulto no puede cobrar una\ncompensaci\u00f3n ni honorarios de abogado por tomar estas decisiones. [Cal. Welf.\n&amp; Inst. Code Secs. 361(a) &amp; 726(b)].<\/p>\n","protected":false},"excerpt":{"rendered":"<p>Cuando no hay ninguna persona que pueda actuar como padre para un alumno con discapacidades, el distrito escolar o el tribunal de menores debe designar&hellip;<\/p>\n","protected":false},"author":1,"featured_media":0,"parent":2508,"menu_order":24,"comment_status":"closed","ping_status":"closed","template":"","meta":{"footnotes":""},"class_list":["post-2563","page","type-page","status-publish","hentry"],"_links":{"self":[{"href":"https:\/\/serr.disabilityrightsca.org\/sp\/wp-json\/wp\/v2\/pages\/2563","targetHints":{"allow":["GET"]}}],"collection":[{"href":"https:\/\/serr.disabilityrightsca.org\/sp\/wp-json\/wp\/v2\/pages"}],"about":[{"href":"https:\/\/serr.disabilityrightsca.org\/sp\/wp-json\/wp\/v2\/types\/page"}],"author":[{"embeddable":true,"href":"https:\/\/serr.disabilityrightsca.org\/sp\/wp-json\/wp\/v2\/users\/1"}],"replies":[{"embeddable":true,"href":"https:\/\/serr.disabilityrightsca.org\/sp\/wp-json\/wp\/v2\/comments?post=2563"}],"version-history":[{"count":3,"href":"https:\/\/serr.disabilityrightsca.org\/sp\/wp-json\/wp\/v2\/pages\/2563\/revisions"}],"predecessor-version":[{"id":3823,"href":"https:\/\/serr.disabilityrightsca.org\/sp\/wp-json\/wp\/v2\/pages\/2563\/revisions\/3823"}],"up":[{"embeddable":true,"href":"https:\/\/serr.disabilityrightsca.org\/sp\/wp-json\/wp\/v2\/pages\/2508"}],"wp:attachment":[{"href":"https:\/\/serr.disabilityrightsca.org\/sp\/wp-json\/wp\/v2\/media?parent=2563"}],"curies":[{"name":"wp","href":"https:\/\/api.w.org\/{rel}","templated":true}]}}