{"id":2571,"date":"2019-12-26T16:44:35","date_gmt":"2019-12-27T00:44:35","guid":{"rendered":"https:\/\/serr.disabilityrightsca.org\/?page_id=2571"},"modified":"2020-07-14T16:27:50","modified_gmt":"2020-07-14T23:27:50","slug":"9-28-soy-abuelo-de-un-alumno-de-educacion-especial-y-el-nino-vive-conmigo-estoy-autorizado-para-actuar-como-padre-en-el-proceso-de-educacion-especial","status":"publish","type":"page","link":"https:\/\/serr.disabilityrightsca.org\/sp\/serr-manual\/capitulo-9-informacion-sobre-los-servicios-entre-organismos-ab-3632\/9-28-soy-abuelo-de-un-alumno-de-educacion-especial-y-el-nino-vive-conmigo-estoy-autorizado-para-actuar-como-padre-en-el-proceso-de-educacion-especial\/","title":{"rendered":"(9.28) Soy abuelo de un alumno de educaci\u00f3n especial y el ni\u00f1o vive conmigo. \u00bfEstoy autorizado para actuar como \u201cpadre\u201d en el proceso de educaci\u00f3n especial?"},"content":{"rendered":"\n<p>Si su nieto vive con usted, como abuelo, est\u00e1 autorizado para actuar como el padre en el proceso del IEP y en otros procesos de educaci\u00f3n especial conforme a las leyes federales y estatales. De hecho, toda persona que act\u00fae en lugar de un padre biol\u00f3gico o adoptivo y que viva con el ni\u00f1o vive tambi\u00e9n puede asumir esta funci\u00f3n. Esto incluye a padrastros u otros familiares a cargo, tutores, etc. [34 C.F.R. Sec. 300.30(a)(4); Cal. Ed. Code Sec.56028(a)(4)]. Un padre o tutor puede designar a otro adulto para que represente al alumno. [Cal. Gov. Code Sec. 7579.5(n)].<\/p>\n","protected":false},"excerpt":{"rendered":"<p>Si su nieto vive con usted, como abuelo, est\u00e1 autorizado para actuar como el padre en el proceso del IEP y en otros procesos de&hellip;<\/p>\n","protected":false},"author":1,"featured_media":0,"parent":2508,"menu_order":28,"comment_status":"closed","ping_status":"closed","template":"","meta":{"footnotes":""},"class_list":["post-2571","page","type-page","status-publish","hentry"],"_links":{"self":[{"href":"https:\/\/serr.disabilityrightsca.org\/sp\/wp-json\/wp\/v2\/pages\/2571","targetHints":{"allow":["GET"]}}],"collection":[{"href":"https:\/\/serr.disabilityrightsca.org\/sp\/wp-json\/wp\/v2\/pages"}],"about":[{"href":"https:\/\/serr.disabilityrightsca.org\/sp\/wp-json\/wp\/v2\/types\/page"}],"author":[{"embeddable":true,"href":"https:\/\/serr.disabilityrightsca.org\/sp\/wp-json\/wp\/v2\/users\/1"}],"replies":[{"embeddable":true,"href":"https:\/\/serr.disabilityrightsca.org\/sp\/wp-json\/wp\/v2\/comments?post=2571"}],"version-history":[{"count":3,"href":"https:\/\/serr.disabilityrightsca.org\/sp\/wp-json\/wp\/v2\/pages\/2571\/revisions"}],"predecessor-version":[{"id":3827,"href":"https:\/\/serr.disabilityrightsca.org\/sp\/wp-json\/wp\/v2\/pages\/2571\/revisions\/3827"}],"up":[{"embeddable":true,"href":"https:\/\/serr.disabilityrightsca.org\/sp\/wp-json\/wp\/v2\/pages\/2508"}],"wp:attachment":[{"href":"https:\/\/serr.disabilityrightsca.org\/sp\/wp-json\/wp\/v2\/media?parent=2571"}],"curies":[{"name":"wp","href":"https:\/\/api.w.org\/{rel}","templated":true}]}}