{"id":2577,"date":"2019-12-26T16:47:15","date_gmt":"2019-12-27T00:47:15","guid":{"rendered":"https:\/\/serr.disabilityrightsca.org\/?page_id=2577"},"modified":"2020-07-14T16:31:07","modified_gmt":"2020-07-14T23:31:07","slug":"9-31-ademas-de-los-organismos-de-ccs-existen-otros-servicios-entre-organismos-para-los-alumnos-de-educacion-especial-conforme-al-ab-3632","status":"publish","type":"page","link":"https:\/\/serr.disabilityrightsca.org\/sp\/serr-manual\/capitulo-9-informacion-sobre-los-servicios-entre-organismos-ab-3632\/9-31-ademas-de-los-organismos-de-ccs-existen-otros-servicios-entre-organismos-para-los-alumnos-de-educacion-especial-conforme-al-ab-3632\/","title":{"rendered":"(9.31)  Adem\u00e1s de los organismos de CCS, \u00bfexisten otros servicios entre organismos para los alumnos de educaci\u00f3n especial conforme al AB 3632?"},"content":{"rendered":"\n<p>En el caso de los alumnos elegibles para recibir los servicios de Medi-Cal que, de otro modo, deber\u00edan recibir educaci\u00f3n en su hogar, este programa puede brindar servicios m\u00e9dicos esenciales para la vida mediante un asistente de salud en el hogar para permitirle al ni\u00f1o asistir a la escuela. La duraci\u00f3n de este servicio se limita al tiempo en el que el ni\u00f1o se encuentra en la escuela o en el camino de ida o de regreso. El problema de salud del alumno debe ser de tal magnitud que necesite asistencia personal o atenci\u00f3n por parte de un enfermero, un asistente de salud en el hogar o un padre (u otro adulto capacitado especialmente) para que esto sea eficaz. A los efectos de este servicio, el ni\u00f1o debe necesitar \u201cservicios m\u00e9dicos esenciales para la vida\u201d. Esto significa que el ni\u00f1o depende de tecnolog\u00eda o dispositivos m\u00e9dicos que compensan la p\u00e9rdida del uso normal de una funci\u00f3n corporal vital y que requiere de atenci\u00f3n diaria de enfermer\u00eda especializada para evitar el agravamiento de su discapacidad e incluso la muerte. [Cal. Gov. Code Sec. 7575(e); 2 C.C.R. Sec. 60400].<\/p>\n","protected":false},"excerpt":{"rendered":"<p>En el caso de los alumnos elegibles para recibir los servicios de Medi-Cal que, de otro modo, deber\u00edan recibir educaci\u00f3n en su hogar, este programa&hellip;<\/p>\n","protected":false},"author":1,"featured_media":0,"parent":2508,"menu_order":31,"comment_status":"closed","ping_status":"closed","template":"","meta":{"footnotes":""},"class_list":["post-2577","page","type-page","status-publish","hentry"],"_links":{"self":[{"href":"https:\/\/serr.disabilityrightsca.org\/sp\/wp-json\/wp\/v2\/pages\/2577","targetHints":{"allow":["GET"]}}],"collection":[{"href":"https:\/\/serr.disabilityrightsca.org\/sp\/wp-json\/wp\/v2\/pages"}],"about":[{"href":"https:\/\/serr.disabilityrightsca.org\/sp\/wp-json\/wp\/v2\/types\/page"}],"author":[{"embeddable":true,"href":"https:\/\/serr.disabilityrightsca.org\/sp\/wp-json\/wp\/v2\/users\/1"}],"replies":[{"embeddable":true,"href":"https:\/\/serr.disabilityrightsca.org\/sp\/wp-json\/wp\/v2\/comments?post=2577"}],"version-history":[{"count":2,"href":"https:\/\/serr.disabilityrightsca.org\/sp\/wp-json\/wp\/v2\/pages\/2577\/revisions"}],"predecessor-version":[{"id":3830,"href":"https:\/\/serr.disabilityrightsca.org\/sp\/wp-json\/wp\/v2\/pages\/2577\/revisions\/3830"}],"up":[{"embeddable":true,"href":"https:\/\/serr.disabilityrightsca.org\/sp\/wp-json\/wp\/v2\/pages\/2508"}],"wp:attachment":[{"href":"https:\/\/serr.disabilityrightsca.org\/sp\/wp-json\/wp\/v2\/media?parent=2577"}],"curies":[{"name":"wp","href":"https:\/\/api.w.org\/{rel}","templated":true}]}}