{"id":2622,"date":"2019-12-27T10:57:53","date_gmt":"2019-12-27T18:57:53","guid":{"rendered":"https:\/\/serr.disabilityrightsca.org\/?page_id=2622"},"modified":"2024-07-23T14:24:01","modified_gmt":"2024-07-23T21:24:01","slug":"15-2-se-requiere-a-los-distritos-que-realicen-una-evaluacion-de-analisis-funcional-functional-analysis-assessment-faa-y-desarrollen-un-plan-de-intervencion-en-la-conducta-positiva-behavior","status":"publish","type":"page","link":"https:\/\/serr.disabilityrightsca.org\/sp\/serr-manual\/capitulo-15-informacion-sobre-los-derechos-de-los-alumnos-con-necesidades-conductuales-y-los-que-sufren-acoso-escolar\/15-2-se-requiere-a-los-distritos-que-realicen-una-evaluacion-de-analisis-funcional-functional-analysis-assessment-faa-y-desarrollen-un-plan-de-intervencion-en-la-conducta-positiva-behavior\/","title":{"rendered":"(15.2) \u00bfSe requiere a los distritos que realicen una evaluaci\u00f3n de an\u00e1lisis funcional (functional analysis assessment, FAA) y desarrollen un plan de intervenci\u00f3n en la conducta positiva (behavior intervention plan, PBIP)?"},"content":{"rendered":"\n<p>En julio de 2013, la Asamblea Legislativa de California\nderog\u00f3 la ley conocida como proyecto de ley Hughes (Hughes Bill), un conjunto\nde leyes y reglamentaciones que exig\u00edan a los distritos escolares tomar medidas\nespec\u00edficas para abordar las necesidades de los alumnos de educaci\u00f3n especial\ncon problemas de conducta. El proyecto de ley Hughes requer\u00eda que los distritos\nescolares proporcionaran servicios adicionales, incluidos una evaluaci\u00f3n\ndetallada e integral denominada evaluaci\u00f3n de an\u00e1lisis funcional (FAA) y un\nplan de intervenci\u00f3n en la conducta positiva (PBIP, tambi\u00e9n conocido como BIP),\ncuando un ni\u00f1o manifestara conductas graves y peligrosas.<\/p>\n\n\n\n<p>Estos servicios ya no se exigen autom\u00e1ticamente como se\ndescrib\u00eda en la ley anterior, pero todav\u00eda se requieren evaluaciones de la conducta\ne intervenciones en la conducta positiva como parte de un IEP. [34 C.F.R. Sec. 300.324(a)(2)(i); Cal. Ed. Code\nSec. 56341.1(b)(1)]. Si los problemas de conducta de su\nhijo son notables, el equipo del IEP a\u00fan debe considerar si su hijo se\nbeneficiar\u00eda de una evaluaci\u00f3n detallada, como una FAA y un PBIP. Si su hijo ha\ntenido un plan de apoyo de la conducta (BSP) que no ha sido eficaz para abordar\nsu conducta desafiante, debe se\u00f1al\u00e1rselo al equipo del IEP y solicitar que\nreciba una evaluaci\u00f3n funcional de la conducta detallada (functional behavioral\nassessment, FBA), por ejemplo, una FAA, de manera que el equipo del IEP tenga\nsuficiente informaci\u00f3n para desarrollar un PBIP m\u00e1s detallado.<\/p>\n","protected":false},"excerpt":{"rendered":"<p>En julio de 2013, la Asamblea Legislativa de California derog\u00f3 la ley conocida como proyecto de ley Hughes (Hughes Bill), un conjunto de leyes y&hellip;<\/p>\n","protected":false},"author":1,"featured_media":0,"parent":362,"menu_order":2,"comment_status":"closed","ping_status":"closed","template":"","meta":{"footnotes":""},"class_list":["post-2622","page","type-page","status-publish","hentry"],"_links":{"self":[{"href":"https:\/\/serr.disabilityrightsca.org\/sp\/wp-json\/wp\/v2\/pages\/2622","targetHints":{"allow":["GET"]}}],"collection":[{"href":"https:\/\/serr.disabilityrightsca.org\/sp\/wp-json\/wp\/v2\/pages"}],"about":[{"href":"https:\/\/serr.disabilityrightsca.org\/sp\/wp-json\/wp\/v2\/types\/page"}],"author":[{"embeddable":true,"href":"https:\/\/serr.disabilityrightsca.org\/sp\/wp-json\/wp\/v2\/users\/1"}],"replies":[{"embeddable":true,"href":"https:\/\/serr.disabilityrightsca.org\/sp\/wp-json\/wp\/v2\/comments?post=2622"}],"version-history":[{"count":2,"href":"https:\/\/serr.disabilityrightsca.org\/sp\/wp-json\/wp\/v2\/pages\/2622\/revisions"}],"predecessor-version":[{"id":3964,"href":"https:\/\/serr.disabilityrightsca.org\/sp\/wp-json\/wp\/v2\/pages\/2622\/revisions\/3964"}],"up":[{"embeddable":true,"href":"https:\/\/serr.disabilityrightsca.org\/sp\/wp-json\/wp\/v2\/pages\/362"}],"wp:attachment":[{"href":"https:\/\/serr.disabilityrightsca.org\/sp\/wp-json\/wp\/v2\/media?parent=2622"}],"curies":[{"name":"wp","href":"https:\/\/api.w.org\/{rel}","templated":true}]}}