{"id":2626,"date":"2019-12-27T10:59:55","date_gmt":"2019-12-27T18:59:55","guid":{"rendered":"https:\/\/serr.disabilityrightsca.org\/?page_id=2626"},"modified":"2024-07-23T14:22:05","modified_gmt":"2024-07-23T21:22:05","slug":"15-4-cuando-el-distrito-escolar-puede-utilizar-para-mi-hijo-una-intervencion-de-emergencia-en-la-conducta-como-la-reclusion-y-restriccion","status":"publish","type":"page","link":"https:\/\/serr.disabilityrightsca.org\/sp\/serr-manual\/capitulo-15-informacion-sobre-los-derechos-de-los-alumnos-con-necesidades-conductuales-y-los-que-sufren-acoso-escolar\/15-4-cuando-el-distrito-escolar-puede-utilizar-para-mi-hijo-una-intervencion-de-emergencia-en-la-conducta-como-la-reclusion-y-restriccion\/","title":{"rendered":"(15.4) \u00bfCu\u00e1ndo el distrito escolar puede utilizar para mi hijo una intervenci\u00f3n de emergencia en la conducta, como la reclusi\u00f3n y restricci\u00f3n?"},"content":{"rendered":"\n<p>Los distritos escolares pueden utilizar intervenciones de\nemergencia \u00fanicamente cuando:<\/p>\n\n\n\n<p>&nbsp;&nbsp;&nbsp;&nbsp;&nbsp;&nbsp;&nbsp;&nbsp; (1) su hijo\nexhibe una conducta espont\u00e1nea, impredecible;<\/p>\n\n\n\n<p>&nbsp;&nbsp;&nbsp;&nbsp;&nbsp;&nbsp;&nbsp;&nbsp; (2) la\nconducta representa un peligro de da\u00f1o f\u00edsico grave para el alumno u otros; y <\/p>\n\n\n\n<p>&nbsp;&nbsp;&nbsp;&nbsp;&nbsp;&nbsp;&nbsp;&nbsp; (3) la\nconducta peligrosa no se puede evitar inmediatamente con una respuesta menos\nrestrictiva que la intervenci\u00f3n de emergencia en la conducta.<\/p>\n\n\n\n<p>&nbsp;&nbsp;&nbsp;&nbsp;&nbsp;&nbsp;&nbsp;&nbsp; [Cal. Ed.\nCode Sec. 56521.1(a)].<\/p>\n\n\n\n<p>Los distritos escolares nunca deben reemplazar el uso de\nintervenciones de emergencia en la conducta por intervenciones sist\u00e9micas en la\nconducta positiva. [Cal. Ed. Code Sec. 56521.1(b)]. La escuela puede utilizar\nuna intervenci\u00f3n de emergencia en la conducta, por ejemplo, una restricci\u00f3n\nf\u00edsica, para su hijo \u00fanicamente si es necesario para controlar la conducta\npeligrosa y puede utilizar \u00fanicamente la cantidad de fuerza que sea razonable y\nnecesaria de acuerdo con las circunstancias. [Cal. Ed. Code Sec.\n56521.1(b)(c)].<br><\/p>\n","protected":false},"excerpt":{"rendered":"<p>Los distritos escolares pueden utilizar intervenciones de emergencia \u00fanicamente cuando: &nbsp;&nbsp;&nbsp;&nbsp;&nbsp;&nbsp;&nbsp;&nbsp; (1) su hijo exhibe una conducta espont\u00e1nea, impredecible; &nbsp;&nbsp;&nbsp;&nbsp;&nbsp;&nbsp;&nbsp;&nbsp; (2) la conducta representa un&hellip;<\/p>\n","protected":false},"author":1,"featured_media":0,"parent":362,"menu_order":4,"comment_status":"closed","ping_status":"closed","template":"","meta":{"footnotes":""},"class_list":["post-2626","page","type-page","status-publish","hentry"],"_links":{"self":[{"href":"https:\/\/serr.disabilityrightsca.org\/sp\/wp-json\/wp\/v2\/pages\/2626","targetHints":{"allow":["GET"]}}],"collection":[{"href":"https:\/\/serr.disabilityrightsca.org\/sp\/wp-json\/wp\/v2\/pages"}],"about":[{"href":"https:\/\/serr.disabilityrightsca.org\/sp\/wp-json\/wp\/v2\/types\/page"}],"author":[{"embeddable":true,"href":"https:\/\/serr.disabilityrightsca.org\/sp\/wp-json\/wp\/v2\/users\/1"}],"replies":[{"embeddable":true,"href":"https:\/\/serr.disabilityrightsca.org\/sp\/wp-json\/wp\/v2\/comments?post=2626"}],"version-history":[{"count":2,"href":"https:\/\/serr.disabilityrightsca.org\/sp\/wp-json\/wp\/v2\/pages\/2626\/revisions"}],"predecessor-version":[{"id":3966,"href":"https:\/\/serr.disabilityrightsca.org\/sp\/wp-json\/wp\/v2\/pages\/2626\/revisions\/3966"}],"up":[{"embeddable":true,"href":"https:\/\/serr.disabilityrightsca.org\/sp\/wp-json\/wp\/v2\/pages\/362"}],"wp:attachment":[{"href":"https:\/\/serr.disabilityrightsca.org\/sp\/wp-json\/wp\/v2\/media?parent=2626"}],"curies":[{"name":"wp","href":"https:\/\/api.w.org\/{rel}","templated":true}]}}