{"id":2630,"date":"2019-12-27T11:01:22","date_gmt":"2019-12-27T19:01:22","guid":{"rendered":"https:\/\/serr.disabilityrightsca.org\/?page_id=2630"},"modified":"2024-07-23T14:21:13","modified_gmt":"2024-07-23T21:21:13","slug":"15-6-si-un-distrito-escolar-utiliza-intervenciones-de-emergencia-en-la-conducta-tales-como-restricciones-fisicas-sobre-mi-hijo-que-debe-hacer-el-distrito-escolar-y-que-debo-hacer-yo","status":"publish","type":"page","link":"https:\/\/serr.disabilityrightsca.org\/sp\/serr-manual\/capitulo-15-informacion-sobre-los-derechos-de-los-alumnos-con-necesidades-conductuales-y-los-que-sufren-acoso-escolar\/15-6-si-un-distrito-escolar-utiliza-intervenciones-de-emergencia-en-la-conducta-tales-como-restricciones-fisicas-sobre-mi-hijo-que-debe-hacer-el-distrito-escolar-y-que-debo-hacer-yo\/","title":{"rendered":"(15.6) Si un distrito escolar utiliza intervenciones de emergencia en la conducta, tales como restricciones f\u00edsicas sobre mi hijo, \u00bfqu\u00e9 debe hacer el distrito escolar y qu\u00e9 debo hacer yo?"},"content":{"rendered":"\n<p>Si la escuela utiliza intervenciones de emergencia en la\nconducta para su hijo, los distritos escolares deben notificarlo dentro del\nplazo de un d\u00eda escolar. [Cal. Ed. Code Sec. 56521.1(e)]. El distrito escolar\ntambi\u00e9n debe completar un informe de emergencia de la conducta con informaci\u00f3n\nsobre los eventos que provocaron el uso de la intervenci\u00f3n de emergencia en la\nconducta y describir el uso de dicha intervenci\u00f3n. El distrito debe incluir\nesto en el expediente escolar de su hijo. [Cal. Ed. Code Sec. 56521.1(e)]. El\ndistrito no tiene la obligaci\u00f3n de entregarle una copia de este informe a menos\nque lo solicite. Debe realizar una solicitud por escrito de este informe, si se\nentera de que se utiliz\u00f3 una intervenci\u00f3n de emergencia en la conducta con su\nhijo.<\/p>\n\n\n\n<p>Si su hijo no tiene un PBIB o BIP, el distrito escolar\ndebe programar una reuni\u00f3n del IEP dentro de un plazo de dos d\u00edas posteriores a\nla intervenci\u00f3n de emergencia para determinar si se necesita una FBA y un plan\nde conducta de emergencia mientras se realiza la evaluaci\u00f3n. [Cal. Ed. Code\nSec. 56521.1(g)]. Si su hijo ya cuenta con un PBIP o BIP, el distrito debe\nprogramar una reuni\u00f3n del IEP para evaluarlo y revisarlo en el caso de que la\nescuela haya utilizado una intervenci\u00f3n de emergencia en la conducta debido a\nque su hijo ha exhibido una conducta no incluida en el plan o este no ha sido\neficaz para abordar dicha conducta. [Cal. Ed. Code Sec. 56521.1(h)].<\/p>\n\n\n\n<p>Si se le informa que la escuela de su hijo utiliz\u00f3 una\nintervenci\u00f3n de emergencia en la conducta para su hijo, por ejemplo, la\nrestricci\u00f3n o reclusi\u00f3n, debe recordarle al distrito escolar su obligaci\u00f3n de\nprogramar una reuni\u00f3n del IEP para desarrollar un BSP nuevo o modificado para\nsu hijo. Si el distrito escolar no lo hace, le recomendamos que presente una\ndemanda de cumplimiento. Tambi\u00e9n puede presentar una solicitud de revisi\u00f3n del\nIEP por escrito para abordar el uso de una intervenci\u00f3n de emergencia en la\nconducta. El distrito debe programar una reuni\u00f3n del IEP dentro del plazo de\nlos 30 d\u00edas posteriores a la fecha en que recibi\u00f3 su solicitud por escrito.<\/p>\n","protected":false},"excerpt":{"rendered":"<p>Si la escuela utiliza intervenciones de emergencia en la conducta para su hijo, los distritos escolares deben notificarlo dentro del plazo de un d\u00eda escolar.&hellip;<\/p>\n","protected":false},"author":1,"featured_media":0,"parent":362,"menu_order":6,"comment_status":"closed","ping_status":"closed","template":"","meta":{"footnotes":""},"class_list":["post-2630","page","type-page","status-publish","hentry"],"_links":{"self":[{"href":"https:\/\/serr.disabilityrightsca.org\/sp\/wp-json\/wp\/v2\/pages\/2630","targetHints":{"allow":["GET"]}}],"collection":[{"href":"https:\/\/serr.disabilityrightsca.org\/sp\/wp-json\/wp\/v2\/pages"}],"about":[{"href":"https:\/\/serr.disabilityrightsca.org\/sp\/wp-json\/wp\/v2\/types\/page"}],"author":[{"embeddable":true,"href":"https:\/\/serr.disabilityrightsca.org\/sp\/wp-json\/wp\/v2\/users\/1"}],"replies":[{"embeddable":true,"href":"https:\/\/serr.disabilityrightsca.org\/sp\/wp-json\/wp\/v2\/comments?post=2630"}],"version-history":[{"count":2,"href":"https:\/\/serr.disabilityrightsca.org\/sp\/wp-json\/wp\/v2\/pages\/2630\/revisions"}],"predecessor-version":[{"id":3968,"href":"https:\/\/serr.disabilityrightsca.org\/sp\/wp-json\/wp\/v2\/pages\/2630\/revisions\/3968"}],"up":[{"embeddable":true,"href":"https:\/\/serr.disabilityrightsca.org\/sp\/wp-json\/wp\/v2\/pages\/362"}],"wp:attachment":[{"href":"https:\/\/serr.disabilityrightsca.org\/sp\/wp-json\/wp\/v2\/media?parent=2630"}],"curies":[{"name":"wp","href":"https:\/\/api.w.org\/{rel}","templated":true}]}}