{"id":2632,"date":"2019-12-27T11:02:11","date_gmt":"2019-12-27T19:02:11","guid":{"rendered":"https:\/\/serr.disabilityrightsca.org\/?page_id=2632"},"modified":"2024-07-23T14:20:49","modified_gmt":"2024-07-23T21:20:49","slug":"15-7-en-que-otro-lugar-puedo-buscar-asesoramiento-sobre-la-obligacion-de-una-escuela-de-proporcionar-servicios-de-comportamiento","status":"publish","type":"page","link":"https:\/\/serr.disabilityrightsca.org\/sp\/serr-manual\/capitulo-15-informacion-sobre-los-derechos-de-los-alumnos-con-necesidades-conductuales-y-los-que-sufren-acoso-escolar\/15-7-en-que-otro-lugar-puedo-buscar-asesoramiento-sobre-la-obligacion-de-una-escuela-de-proporcionar-servicios-de-comportamiento\/","title":{"rendered":"(15.7) \u00bfEn qu\u00e9 otro lugar puedo buscar asesoramiento sobre la obligaci\u00f3n de una escuela de proporcionar servicios de comportamiento?"},"content":{"rendered":"\n<p>El Departamento de Educaci\u00f3n de California (CDE) ha publicado un documento con preguntas y respuestas detalladas que aborda los requisitos de su distrito escolar relacionados con la realizaci\u00f3n de evaluaciones de la conducta y la prestaci\u00f3n de los servicios correspondientes. Este documento se encuentra disponible en l\u00ednea en la p\u00e1gina web: <a href=\"Http:\/\/www.cde.ca.gov\/sp\/se\/ac\/bipleafaq.asp\">http:\/\/www.cde.ca.gov\/sp\/se\/ac\/bipleafaq.asp<\/a>.<\/p>\n","protected":false},"excerpt":{"rendered":"<p>El Departamento de Educaci\u00f3n de California (CDE) ha publicado un documento con preguntas y respuestas detalladas que aborda los requisitos de su distrito escolar relacionados&hellip;<\/p>\n","protected":false},"author":1,"featured_media":0,"parent":362,"menu_order":7,"comment_status":"closed","ping_status":"closed","template":"","meta":{"footnotes":""},"class_list":["post-2632","page","type-page","status-publish","hentry"],"_links":{"self":[{"href":"https:\/\/serr.disabilityrightsca.org\/sp\/wp-json\/wp\/v2\/pages\/2632","targetHints":{"allow":["GET"]}}],"collection":[{"href":"https:\/\/serr.disabilityrightsca.org\/sp\/wp-json\/wp\/v2\/pages"}],"about":[{"href":"https:\/\/serr.disabilityrightsca.org\/sp\/wp-json\/wp\/v2\/types\/page"}],"author":[{"embeddable":true,"href":"https:\/\/serr.disabilityrightsca.org\/sp\/wp-json\/wp\/v2\/users\/1"}],"replies":[{"embeddable":true,"href":"https:\/\/serr.disabilityrightsca.org\/sp\/wp-json\/wp\/v2\/comments?post=2632"}],"version-history":[{"count":2,"href":"https:\/\/serr.disabilityrightsca.org\/sp\/wp-json\/wp\/v2\/pages\/2632\/revisions"}],"predecessor-version":[{"id":3969,"href":"https:\/\/serr.disabilityrightsca.org\/sp\/wp-json\/wp\/v2\/pages\/2632\/revisions\/3969"}],"up":[{"embeddable":true,"href":"https:\/\/serr.disabilityrightsca.org\/sp\/wp-json\/wp\/v2\/pages\/362"}],"wp:attachment":[{"href":"https:\/\/serr.disabilityrightsca.org\/sp\/wp-json\/wp\/v2\/media?parent=2632"}],"curies":[{"name":"wp","href":"https:\/\/api.w.org\/{rel}","templated":true}]}}