{"id":2636,"date":"2019-12-27T11:05:09","date_gmt":"2019-12-27T19:05:09","guid":{"rendered":"https:\/\/serr.disabilityrightsca.org\/?page_id=2636"},"modified":"2024-07-23T14:19:45","modified_gmt":"2024-07-23T21:19:45","slug":"15-9-como-se-si-mi-hijo-es-acosado","status":"publish","type":"page","link":"https:\/\/serr.disabilityrightsca.org\/sp\/serr-manual\/capitulo-15-informacion-sobre-los-derechos-de-los-alumnos-con-necesidades-conductuales-y-los-que-sufren-acoso-escolar\/15-9-como-se-si-mi-hijo-es-acosado\/","title":{"rendered":"(15.9) \u00bfC\u00f3mo s\u00e9 si mi hijo es acosado?"},"content":{"rendered":"\n<p>Puede darse cuenta\nsi observa detenidamente el tratamiento que su hijo recibe o la manera en que\nlo afecta. Una conducta excede las bromas entre amigos y se torna en acoso\nileg\u00edtimo cuando se presentan los siguientes factores:<\/p>\n\n\n\n<p>(1) Existe un v\u00ednculo entre el acosador y su hijo.<\/p>\n\n\n\n<p>(2) El equilibrio de poder en esta relaci\u00f3n favorece al\nacosador. Este desequilibrio puede ser real, como el v\u00ednculo entre una maestra\ny un alumno, o puede percibirse como tal si su hijo siente que el acosador\ntiene un poder mayor.<\/p>\n\n\n\n<p>(3) La conducta que constituye acoso ocurre, o puede\nocurrir, m\u00e1s de una vez.<\/p>\n\n\n\n<p>El acoso incluye una amplia gama de conductas desde obvias\ny descaradas hasta encubiertas y sutiles. Puede implicar actos f\u00edsicos, pero\ntambi\u00e9n puede ser verbal, como las amenazas; emocional, como la desestimaci\u00f3n;\ny social, como excluir a alguien de una actividad o destruir su reputaci\u00f3n. El\nacoso escolar est\u00e1 sucediendo cada vez m\u00e1s en forma de acoso cibern\u00e9tico en\ntel\u00e9fonos celulares, a trav\u00e9s de correos electr\u00f3nicos o medios sociales, y\npuede incluir mensajes de texto ofensivos, rumores publicados en los medios\nsociales o perfiles falsos en l\u00ednea. [<em>Dear\nColleagues Letter<\/em>, 61 IDELR 263 (OSERS\/OSEP 2013)].<\/p>\n\n\n\n<p>Es probable que el\nni\u00f1o que sufre acoso exhiba distintos signos, que incluyen los siguientes:<\/p>\n\n\n\n<p>(1) Aspiraciones y logros acad\u00e9micos menores. <\/p>\n\n\n\n<p>(2) \u00cdndices de absentismo escolar m\u00e1s elevados. <\/p>\n\n\n\n<p>(3) Sentimientos de alienaci\u00f3n en la escuela. <\/p>\n\n\n\n<p>(4) Malos v\u00ednculos con sus pares. <\/p>\n\n\n\n<p>(5) Sentimiento de soledad. <\/p>\n\n\n\n<p>(6) Depresi\u00f3n.<\/p>\n\n\n\n<p>Si su hijo\nmanifiesta estos s\u00edntomas, debe indagar qu\u00e9 sucede entre \u00e9l y otros alumnos o\nel personal de la escuela. Es posible que algunos ni\u00f1os, debido a distintos\nfactores como la discapacidad, no puedan denunciar la agresi\u00f3n que viven. Es\nfundamental que usted y el personal de la escuela contribuyan a alertar a la\ninstituci\u00f3n de todo incidente que pueda generar una sospecha de acoso.<\/p>\n\n\n\n<p>Si su hijo est\u00e1 sufriendo acoso u hostigamiento en la escuela, usted puede presentar un reclamo ante el Departamento de Educaci\u00f3n de California (CDE) contra su distrito escolar. Consulte el <a href=\"https:\/\/serr.disabilityrightsca.org\/sp\/serr-manual\/chapter-6-informacion-sobre-el-debido-proceso-y-los-procedimientos-de-cumplimiento\/\">cap\u00edtulo 6, <em>Informaci\u00f3n sobre el debido proceso y los procedimientos de cumplimiento<\/em>].<\/a><\/p>\n","protected":false},"excerpt":{"rendered":"<p>Puede darse cuenta si observa detenidamente el tratamiento que su hijo recibe o la manera en que lo afecta. Una conducta excede las bromas entre&hellip;<\/p>\n","protected":false},"author":1,"featured_media":0,"parent":362,"menu_order":9,"comment_status":"closed","ping_status":"closed","template":"","meta":{"footnotes":""},"class_list":["post-2636","page","type-page","status-publish","hentry"],"_links":{"self":[{"href":"https:\/\/serr.disabilityrightsca.org\/sp\/wp-json\/wp\/v2\/pages\/2636","targetHints":{"allow":["GET"]}}],"collection":[{"href":"https:\/\/serr.disabilityrightsca.org\/sp\/wp-json\/wp\/v2\/pages"}],"about":[{"href":"https:\/\/serr.disabilityrightsca.org\/sp\/wp-json\/wp\/v2\/types\/page"}],"author":[{"embeddable":true,"href":"https:\/\/serr.disabilityrightsca.org\/sp\/wp-json\/wp\/v2\/users\/1"}],"replies":[{"embeddable":true,"href":"https:\/\/serr.disabilityrightsca.org\/sp\/wp-json\/wp\/v2\/comments?post=2636"}],"version-history":[{"count":4,"href":"https:\/\/serr.disabilityrightsca.org\/sp\/wp-json\/wp\/v2\/pages\/2636\/revisions"}],"predecessor-version":[{"id":4293,"href":"https:\/\/serr.disabilityrightsca.org\/sp\/wp-json\/wp\/v2\/pages\/2636\/revisions\/4293"}],"up":[{"embeddable":true,"href":"https:\/\/serr.disabilityrightsca.org\/sp\/wp-json\/wp\/v2\/pages\/362"}],"wp:attachment":[{"href":"https:\/\/serr.disabilityrightsca.org\/sp\/wp-json\/wp\/v2\/media?parent=2636"}],"curies":[{"name":"wp","href":"https:\/\/api.w.org\/{rel}","templated":true}]}}