{"id":2638,"date":"2019-12-27T11:05:41","date_gmt":"2019-12-27T19:05:41","guid":{"rendered":"https:\/\/serr.disabilityrightsca.org\/?page_id=2638"},"modified":"2024-07-23T14:19:11","modified_gmt":"2024-07-23T21:19:11","slug":"15-10-si-mi-hijo-sufre-acoso-escolar-el-equipo-del-iep-debe-reconsiderar-sus-necesidades-y-servicios-incluso-si-el-acoso-no-fue-producto-de-su-discapacidad","status":"publish","type":"page","link":"https:\/\/serr.disabilityrightsca.org\/sp\/serr-manual\/capitulo-15-informacion-sobre-los-derechos-de-los-alumnos-con-necesidades-conductuales-y-los-que-sufren-acoso-escolar\/15-10-si-mi-hijo-sufre-acoso-escolar-el-equipo-del-iep-debe-reconsiderar-sus-necesidades-y-servicios-incluso-si-el-acoso-no-fue-producto-de-su-discapacidad\/","title":{"rendered":"(15.10) Si mi hijo sufre acoso escolar, \u00bfel equipo del IEP debe reconsiderar sus necesidades y servicios, incluso si el acoso no fue producto de su discapacidad?"},"content":{"rendered":"\n<p>S\u00ed. Ya sea que el acoso escolar se relacione o no con la discapacidad de un alumno, puede privarlo de recibir un beneficio educativo significativo de su IEP. El distrito escolar est\u00e1 obligado a abordar c\u00f3mo lo afecta en la escuela. El distrito debe convocar al equipo del IEP a reunirse para determinar si, debido a los efectos del acoso, las necesidades del alumno han cambiado de manera tal que el IEP ya no est\u00e9 dise\u00f1ado para proporcionarle un beneficio educativo significativo. En ese caso, el equipo del IEP debe determinar hasta qu\u00e9 punto se necesitan servicios de educaci\u00f3n especial o servicios relacionados adicionales o distintos para abordar las necesidades individuales del alumno y revisar el IEP en consecuencia. [Dear Colleagues Letter, 61 IDELR 263 (OSERS\/OSEP 2013), <em>Dear Colleagues Letter<\/em>, 111 LRP 45106 (OCR\/OSERS 07\/25\/00) and <em>Dear Colleagues Letter, Responding to Bullying of Students with Disabilities<\/em>, 64 IDELR 215 (OCR 2014)].<\/p>\n","protected":false},"excerpt":{"rendered":"<p>S\u00ed. Ya sea que el acoso escolar se relacione o no con la discapacidad de un alumno, puede privarlo de recibir un beneficio educativo significativo&hellip;<\/p>\n","protected":false},"author":1,"featured_media":0,"parent":362,"menu_order":10,"comment_status":"closed","ping_status":"closed","template":"","meta":{"footnotes":""},"class_list":["post-2638","page","type-page","status-publish","hentry"],"_links":{"self":[{"href":"https:\/\/serr.disabilityrightsca.org\/sp\/wp-json\/wp\/v2\/pages\/2638","targetHints":{"allow":["GET"]}}],"collection":[{"href":"https:\/\/serr.disabilityrightsca.org\/sp\/wp-json\/wp\/v2\/pages"}],"about":[{"href":"https:\/\/serr.disabilityrightsca.org\/sp\/wp-json\/wp\/v2\/types\/page"}],"author":[{"embeddable":true,"href":"https:\/\/serr.disabilityrightsca.org\/sp\/wp-json\/wp\/v2\/users\/1"}],"replies":[{"embeddable":true,"href":"https:\/\/serr.disabilityrightsca.org\/sp\/wp-json\/wp\/v2\/comments?post=2638"}],"version-history":[{"count":2,"href":"https:\/\/serr.disabilityrightsca.org\/sp\/wp-json\/wp\/v2\/pages\/2638\/revisions"}],"predecessor-version":[{"id":3972,"href":"https:\/\/serr.disabilityrightsca.org\/sp\/wp-json\/wp\/v2\/pages\/2638\/revisions\/3972"}],"up":[{"embeddable":true,"href":"https:\/\/serr.disabilityrightsca.org\/sp\/wp-json\/wp\/v2\/pages\/362"}],"wp:attachment":[{"href":"https:\/\/serr.disabilityrightsca.org\/sp\/wp-json\/wp\/v2\/media?parent=2638"}],"curies":[{"name":"wp","href":"https:\/\/api.w.org\/{rel}","templated":true}]}}