{"id":2669,"date":"2019-12-27T12:52:56","date_gmt":"2019-12-27T20:52:56","guid":{"rendered":"https:\/\/serr.disabilityrightsca.org\/?page_id=2669"},"modified":"2021-07-19T16:19:54","modified_gmt":"2021-07-19T23:19:54","slug":"capitulo-16-informacion-sobre-el-articulo-504-y-discriminacion-por-discapacidad","status":"publish","type":"page","link":"https:\/\/serr.disabilityrightsca.org\/sp\/serr-manual\/capitulo-16-informacion-sobre-el-articulo-504-y-discriminacion-por-discapacidad\/","title":{"rendered":"Cap\u00edtulo 16: Informaci\u00f3n sobre el art\u00edculo 504 y discriminaci\u00f3n por discapacidad"},"content":{"rendered":"\n<div class=\"print-fullchapter-wrap\"><div class=\"print-fullchapter\"><a href=\"https:\/\/serr.disabilityrightsca.org\/sp\/print-chapter-16\/\">Imprimir todo el cap\u00edtulo<\/a><\/div><\/div>\n\n\n\n<div class=\"menu-chapter-16-container\"><ul id=\"menu-chapter-16\" class=\"menu\"><li id=\"menu-item-2691\" class=\"menu-item menu-item-type-post_type menu-item-object-page menu-item-2691\"><a href=\"https:\/\/serr.disabilityrightsca.org\/sp\/serr-manual\/capitulo-16-informacion-sobre-el-articulo-504-y-discriminacion-por-discapacidad\/16-1-que-es-la-discriminacion-por-discapacidad\/\">(16.1) \u00bfQu\u00e9 es la discriminaci\u00f3n por discapacidad?<\/a><\/li>\n<li id=\"menu-item-2692\" class=\"menu-item menu-item-type-post_type menu-item-object-page menu-item-2692\"><a href=\"https:\/\/serr.disabilityrightsca.org\/sp\/serr-manual\/capitulo-16-informacion-sobre-el-articulo-504-y-discriminacion-por-discapacidad\/16-2-que-leyes-federales-y-estatales-protegen-a-mi-hijo-contra-la-discriminacion-por-discapacidad\/\">(16.2) \u00bfQu\u00e9 leyes federales y estatales protegen a mi hijo contra la discriminaci\u00f3n por discapacidad?<\/a><\/li>\n<li id=\"menu-item-2693\" class=\"menu-item menu-item-type-post_type menu-item-object-page menu-item-2693\"><a href=\"https:\/\/serr.disabilityrightsca.org\/sp\/serr-manual\/capitulo-16-informacion-sobre-el-articulo-504-y-discriminacion-por-discapacidad\/16-3-la-escuela-de-mi-hijo-tiene-que-redoblar-sus-esfuerzos-para-garantizar-que-participe-totalmente-en-los-programas-y-las-actividades\/\">(16.3) \u00bfLa escuela de mi hijo tiene que redoblar sus esfuerzos para garantizar que participe totalmente en los programas y las actividades?<\/a><\/li>\n<li id=\"menu-item-2694\" class=\"menu-item menu-item-type-post_type menu-item-object-page menu-item-2694\"><a href=\"https:\/\/serr.disabilityrightsca.org\/sp\/serr-manual\/capitulo-16-informacion-sobre-el-articulo-504-y-discriminacion-por-discapacidad\/16-4-que-programas-del-distrito-escolar-se-encuentran-cubiertos-por-el-articulo-504-y-la-ley-ada\/\">(16.4) \u00bfQu\u00e9 programas del distrito escolar se encuentran cubiertos por el art\u00edculo 504 y la ley ADA?<\/a><\/li>\n<li id=\"menu-item-2695\" class=\"menu-item menu-item-type-post_type menu-item-object-page menu-item-2695\"><a href=\"https:\/\/serr.disabilityrightsca.org\/sp\/serr-manual\/capitulo-16-informacion-sobre-el-articulo-504-y-discriminacion-por-discapacidad\/16-5-cuales-son-algunos-ejemplos-de-las-adaptaciones-razonables-disponibles-conforme-al-articulo-504-y-la-ley-ada\/\">(16.5) \u00bfCu\u00e1les son algunos ejemplos de las adaptaciones razonables disponibles conforme al art\u00edculo 504 y la ley ADA?<\/a><\/li>\n<li id=\"menu-item-2696\" class=\"menu-item menu-item-type-post_type menu-item-object-page menu-item-2696\"><a href=\"https:\/\/serr.disabilityrightsca.org\/sp\/serr-manual\/capitulo-16-informacion-sobre-el-articulo-504-y-discriminacion-por-discapacidad\/16-6-que-criterios-necesita-cumplir-mi-hijo-para-resultar-elegible-para-las-protecciones-y-los-servicios-conforme-a-las-leyes-federales-y-estatales-contra-la-discriminacion-el-alumno-se-encu\/\">(16.6) \u00bfQu\u00e9 criterios necesita cumplir mi hijo para resultar elegible para las protecciones y los servicios conforme a las leyes federales y estatales contra la discriminaci\u00f3n?  El alumno se encuentra protegido por las leyes contra la discriminaci\u00f3n por discapacidad si cumple con alguno de los siguientes requisitos:<\/a><\/li>\n<li id=\"menu-item-2698\" class=\"menu-item menu-item-type-post_type menu-item-object-page menu-item-2698\"><a href=\"https:\/\/serr.disabilityrightsca.org\/sp\/serr-manual\/capitulo-16-informacion-sobre-el-articulo-504-y-discriminacion-por-discapacidad\/16-7-cuales-son-algunos-ejemplos-de-una-deficiencia-que-restringe-notablemente-una-actividad-imprescindible-para-desempenarse-en-la-vida\/\">(16.7) \u00bfCu\u00e1les son algunos ejemplos de una \u201cdeficiencia que restringe notablemente una actividad imprescindible para desempe\u00f1arse en la vida\u201d?<\/a><\/li>\n<li id=\"menu-item-2699\" class=\"menu-item menu-item-type-post_type menu-item-object-page menu-item-2699\"><a href=\"https:\/\/serr.disabilityrightsca.org\/sp\/serr-manual\/capitulo-16-informacion-sobre-el-articulo-504-y-discriminacion-por-discapacidad\/16-8-que-significa-tener-antecedentes-de-una-deficiencia-y-que-se-considere-que-se-tiene-una-deficiencia\/\">(16.8) \u00bfQu\u00e9 significa \u201ctener antecedentes de una deficiencia\u201d y que \u201cse considere que se tiene una deficiencia\u201d?<\/a><\/li>\n<li id=\"menu-item-2700\" class=\"menu-item menu-item-type-post_type menu-item-object-page menu-item-2700\"><a href=\"https:\/\/serr.disabilityrightsca.org\/sp\/serr-manual\/capitulo-16-informacion-sobre-el-articulo-504-y-discriminacion-por-discapacidad\/16-9-mi-hijo-tiene-una-discapacidad-conforme-al-articulo-504-cual-es-la-obligacion-educativa-de-su-escuela\/\">(16.9) Mi hijo tiene una discapacidad conforme al art\u00edculo 504. \u00bfCu\u00e1l es la obligaci\u00f3n educativa de su escuela?<\/a><\/li>\n<li id=\"menu-item-2735\" class=\"menu-item menu-item-type-post_type menu-item-object-page menu-item-2735\"><a href=\"https:\/\/serr.disabilityrightsca.org\/sp\/serr-manual\/capitulo-16-informacion-sobre-el-articulo-504-y-discriminacion-por-discapacidad\/16-10-los-distritos-escolares-deben-ser-proactivos-para-identificar-a-los-alumnos-que-puedan-ser-elegibles-para-recibir-servicios-educativos-conforme-al-articulo-504\/\">(16.10) \u00bfLos distritos escolares deben ser proactivos para identificar a los alumnos que puedan ser elegibles para recibir servicios educativos conforme al art\u00edculo 504?<\/a><\/li>\n<li id=\"menu-item-2736\" class=\"menu-item menu-item-type-post_type menu-item-object-page menu-item-2736\"><a href=\"https:\/\/serr.disabilityrightsca.org\/sp\/serr-manual\/capitulo-16-informacion-sobre-el-articulo-504-y-discriminacion-por-discapacidad\/16-11-como-es-el-proceso-de-evaluacion-conforme-al-articulo-504\/\">(16.11)  \u00bfC\u00f3mo es el proceso de evaluaci\u00f3n conforme al art\u00edculo 504?<\/a><\/li>\n<li id=\"menu-item-2737\" class=\"menu-item menu-item-type-post_type menu-item-object-page menu-item-2737\"><a href=\"https:\/\/serr.disabilityrightsca.org\/sp\/serr-manual\/capitulo-16-informacion-sobre-el-articulo-504-y-discriminacion-por-discapacidad\/16-12-si-solicito-una-evaluacion-para-determinar-la-elegibilidad-conforme-al-articulo-504-el-distrito-escolar-debe-evaluar-a-mi-hijo-para-determinar-si-reune-los-requisitos-necesarios-para-re\/\">(16.12) Si solicito una evaluaci\u00f3n para determinar la elegibilidad conforme al art\u00edculo 504, \u00bfel distrito escolar debe evaluar a mi hijo para determinar si re\u00fane los requisitos necesarios para recibir adaptaciones o servicios? \u00bfPuedo apelar si se le deniega la elegibilidad?<\/a><\/li>\n<li id=\"menu-item-2738\" class=\"menu-item menu-item-type-post_type menu-item-object-page menu-item-2738\"><a href=\"https:\/\/serr.disabilityrightsca.org\/sp\/serr-manual\/capitulo-16-informacion-sobre-el-articulo-504-y-discriminacion-por-discapacidad\/16-13-si-un-alumno-es-elegible-para-los-servicios-conforme-el-articulo-504-solamente-puede-recibir-los-servicios-de-educacion-especial\/\">(16.13) Si un alumno es elegible para los servicios conforme el art\u00edculo 504 solamente, \u00bfpuede recibir los servicios de educaci\u00f3n especial?<\/a><\/li>\n<li id=\"menu-item-2741\" class=\"menu-item menu-item-type-post_type menu-item-object-page menu-item-2741\"><a href=\"https:\/\/serr.disabilityrightsca.org\/sp\/serr-manual\/capitulo-16-informacion-sobre-el-articulo-504-y-discriminacion-por-discapacidad\/16-14-el-articulo-504-requiere-la-prestacion-de-servicios-relacionados\/\">(16.14) \u00bfEl art\u00edculo 504 requiere la prestaci\u00f3n de servicios relacionados?<\/a><\/li>\n<li id=\"menu-item-2739\" class=\"menu-item menu-item-type-post_type menu-item-object-page menu-item-2739\"><a href=\"https:\/\/serr.disabilityrightsca.org\/sp\/serr-manual\/capitulo-16-informacion-sobre-el-articulo-504-y-discriminacion-por-discapacidad\/16-15-de-que-manera-debe-la-escuela-tomar-una-decision-acerca-de-la-colocacion-de-un-alumno-que-es-elegible-para-los-servicios-conforme-al-articulo-504\/\">(16.15) \u00bfDe qu\u00e9 manera debe la escuela tomar una decisi\u00f3n acerca de la colocaci\u00f3n de un alumno que es elegible para los servicios conforme al art\u00edculo 504?<\/a><\/li>\n<li id=\"menu-item-2742\" class=\"menu-item menu-item-type-post_type menu-item-object-page menu-item-2742\"><a href=\"https:\/\/serr.disabilityrightsca.org\/sp\/serr-manual\/capitulo-16-informacion-sobre-el-articulo-504-y-discriminacion-por-discapacidad\/16-16-el-articulo-504-requiere-la-prestacion-de-servicios-relacionados\/\">(16.16) \u00bfEl art\u00edculo 504 requiere la prestaci\u00f3n de servicios relacionados?<\/a><\/li>\n<li id=\"menu-item-2743\" class=\"menu-item menu-item-type-post_type menu-item-object-page menu-item-2743\"><a href=\"https:\/\/serr.disabilityrightsca.org\/sp\/serr-manual\/capitulo-16-informacion-sobre-el-articulo-504-y-discriminacion-por-discapacidad\/16-17-en-que-casos-la-escuela-necesita-el-consentimiento-de-los-padres-conforme-al-articulo-504\/\">(16.17) \u00bfEn qu\u00e9 casos la escuela necesita el consentimiento de los padres conforme al art\u00edculo 504?<\/a><\/li>\n<li id=\"menu-item-2744\" class=\"menu-item menu-item-type-post_type menu-item-object-page menu-item-2744\"><a href=\"https:\/\/serr.disabilityrightsca.org\/sp\/serr-manual\/capitulo-16-informacion-sobre-el-articulo-504-y-discriminacion-por-discapacidad\/16-18-que-derechos-tiene-mi-hijo-con-respecto-a-los-servicios-no-academicos-y-extracurriculares-de-la-escuela-conforme-al-articulo-504\/\">(16.18) \u00bfQu\u00e9 derechos tiene mi hijo con respecto a los servicios no acad\u00e9micos y extracurriculares de la escuela conforme al art\u00edculo 504?<\/a><\/li>\n<li id=\"menu-item-2745\" class=\"menu-item menu-item-type-post_type menu-item-object-page menu-item-2745\"><a href=\"https:\/\/serr.disabilityrightsca.org\/sp\/serr-manual\/capitulo-16-informacion-sobre-el-articulo-504-y-discriminacion-por-discapacidad\/16-19-cuales-son-algunos-de-los-problemas-de-salud-comunmente-contemplados-en-el-articulo-504-y-que-adaptaciones-se-les-brindan-a-los-ninos-con-dichos-problemas\/\">(16.19) \u00bfCu\u00e1les son algunos de los problemas de salud com\u00fanmente contemplados en el art\u00edculo 504, y qu\u00e9 adaptaciones se les brindan a los ni\u00f1os con dichos problemas?<\/a><\/li>\n<li id=\"menu-item-2746\" class=\"menu-item menu-item-type-post_type menu-item-object-page menu-item-2746\"><a href=\"https:\/\/serr.disabilityrightsca.org\/sp\/serr-manual\/capitulo-16-informacion-sobre-el-articulo-504-y-discriminacion-por-discapacidad\/16-20-cuales-son-las-normas-que-rigen-las-medidas-disciplinarias-para-los-alumnos-a-los-que-se-les-ha-identificado-una-discapacidad-conforme-al-articulo-504\/\">(16.20) \u00bfCu\u00e1les son las normas que rigen las medidas disciplinarias para los alumnos a los que se les ha identificado una discapacidad conforme al art\u00edculo 504?<\/a><\/li>\n<li id=\"menu-item-2747\" class=\"menu-item menu-item-type-post_type menu-item-object-page menu-item-2747\"><a href=\"https:\/\/serr.disabilityrightsca.org\/sp\/serr-manual\/capitulo-16-informacion-sobre-el-articulo-504-y-discriminacion-por-discapacidad\/16-21-mi-hijo-tiene-un-plan-conforme-al-articulo-504-de-que-manera-se-lo-protege-contra-el-acoso-escolar\/\">(16.21) Mi hijo tiene un plan conforme al art\u00edculo 504. \u00bfDe qu\u00e9 manera se lo protege contra el acoso escolar?<\/a><\/li>\n<li id=\"menu-item-4540\" class=\"menu-item menu-item-type-post_type menu-item-object-page menu-item-4540\"><a href=\"https:\/\/serr.disabilityrightsca.org\/sp\/serr-manual\/capitulo-16-informacion-sobre-el-articulo-504-y-discriminacion-por-discapacidad\/16-22-el-distrito-escolar-puede-tomar-represalias-contra-mi-o-contra-mi-hijo-por-ejercer-nuestros-derechos-conforme-al-articulo-504\/\">(16.22) \u00bfEl distrito escolar puede tomar represalias contra m\u00ed o contra mi hijo por ejercer nuestros derechos conforme al art\u00edculo 504?<\/a><\/li>\n<li id=\"menu-item-2748\" class=\"menu-item menu-item-type-post_type menu-item-object-page menu-item-2748\"><a href=\"https:\/\/serr.disabilityrightsca.org\/sp\/serr-manual\/capitulo-16-informacion-sobre-el-articulo-504-y-discriminacion-por-discapacidad\/16-23-mi-hijo-quien-es-elegible-para-recibir-servicios-en-virtud-del-articulo-504-se-transfirio-a-un-nuevo-distrito-escolar-que-sucede-con-el-plan-del-articulo-504-del-distrito-anterior\/\">(16.23) Mi hijo, quien es elegible para recibir servicios en virtud del art\u00edculo 504, se transfiri\u00f3 a un nuevo distrito escolar. \u00bfQu\u00e9 sucede con el plan del art\u00edculo 504 del distrito anterior?<\/a><\/li>\n<li id=\"menu-item-2749\" class=\"menu-item menu-item-type-post_type menu-item-object-page menu-item-2749\"><a href=\"https:\/\/serr.disabilityrightsca.org\/sp\/serr-manual\/capitulo-16-informacion-sobre-el-articulo-504-y-discriminacion-por-discapacidad\/16-24-cuales-son-mis-derechos-conforme-al-articulo-504-si-estoy-en-desacuerdo-con-el-distrito\/\">(16.24) \u00bfCu\u00e1les son mis derechos conforme al art\u00edculo 504 si estoy en desacuerdo con el distrito?<\/a><\/li>\n<\/ul><\/div>\n","protected":false},"excerpt":{"rendered":"<p>Imprimir todo el cap\u00edtulo<\/p>\n","protected":false},"author":1,"featured_media":0,"parent":326,"menu_order":16,"comment_status":"closed","ping_status":"closed","template":"","meta":{"footnotes":""},"class_list":["post-2669","page","type-page","status-publish","hentry"],"_links":{"self":[{"href":"https:\/\/serr.disabilityrightsca.org\/sp\/wp-json\/wp\/v2\/pages\/2669","targetHints":{"allow":["GET"]}}],"collection":[{"href":"https:\/\/serr.disabilityrightsca.org\/sp\/wp-json\/wp\/v2\/pages"}],"about":[{"href":"https:\/\/serr.disabilityrightsca.org\/sp\/wp-json\/wp\/v2\/types\/page"}],"author":[{"embeddable":true,"href":"https:\/\/serr.disabilityrightsca.org\/sp\/wp-json\/wp\/v2\/users\/1"}],"replies":[{"embeddable":true,"href":"https:\/\/serr.disabilityrightsca.org\/sp\/wp-json\/wp\/v2\/comments?post=2669"}],"version-history":[{"count":6,"href":"https:\/\/serr.disabilityrightsca.org\/sp\/wp-json\/wp\/v2\/pages\/2669\/revisions"}],"predecessor-version":[{"id":4421,"href":"https:\/\/serr.disabilityrightsca.org\/sp\/wp-json\/wp\/v2\/pages\/2669\/revisions\/4421"}],"up":[{"embeddable":true,"href":"https:\/\/serr.disabilityrightsca.org\/sp\/wp-json\/wp\/v2\/pages\/326"}],"wp:attachment":[{"href":"https:\/\/serr.disabilityrightsca.org\/sp\/wp-json\/wp\/v2\/media?parent=2669"}],"curies":[{"name":"wp","href":"https:\/\/api.w.org\/{rel}","templated":true}]}}