{"id":2674,"date":"2019-12-27T15:50:32","date_gmt":"2019-12-27T23:50:32","guid":{"rendered":"https:\/\/serr.disabilityrightsca.org\/?page_id=2674"},"modified":"2024-07-23T14:14:20","modified_gmt":"2024-07-23T21:14:20","slug":"16-2-que-leyes-federales-y-estatales-protegen-a-mi-hijo-contra-la-discriminacion-por-discapacidad","status":"publish","type":"page","link":"https:\/\/serr.disabilityrightsca.org\/sp\/serr-manual\/capitulo-16-informacion-sobre-el-articulo-504-y-discriminacion-por-discapacidad\/16-2-que-leyes-federales-y-estatales-protegen-a-mi-hijo-contra-la-discriminacion-por-discapacidad\/","title":{"rendered":"(16.2) \u00bfQu\u00e9 leyes federales y estatales protegen a mi hijo contra la discriminaci\u00f3n por discapacidad?"},"content":{"rendered":"\n<p><strong>Las siguientes\nleyes federales brindan protecciones:<\/strong><strong><\/strong><\/p>\n\n\n\n<p>El art\u00edculo 504 de la Ley de Rehabilitaci\u00f3n\n(Rehabilitation Act) y el t\u00edtulo&nbsp;II de la Ley de Estadounidenses con\nDiscapacidades (Americans with Disabilities Act, ADA) son leyes federales que\nproh\u00edben la discriminaci\u00f3n por discapacidad. [42 U.S.C. Secs. 12101-12213; <br>\n29 U.S.C. Sec. 794]. El art\u00edculo 504 se aplica a toda entidad que reciba\nasistencia financiera federal, incluidos todos los distritos escolares p\u00fablicos\ny la mayor\u00eda de las escuelas privadas. [29 U.S.C. Sec. 794(b)]. El\nt\u00edtulo&nbsp;II de la ley ADA se aplica a todos los organismos gubernamentales\nestatales y locales, incluidas las escuelas p\u00fablicas. [42 U.S.C. Secs.\n12131-12165]. El t\u00edtulo&nbsp;III de la ley ADA se aplica a todos los lugares que\nsean \u201cestablecimientos de servicio p\u00fablico\u201d, incluidas las escuelas privadas. [42\nU.S.C. Secs.12181-12189]. El art\u00edculo 504 se aplica a las escuelas religiosas;\nla ley ADA, no. <br>\n[28 C.F.R. Sec. 36.102(e)].<\/p>\n\n\n\n<p><strong>Las siguientes\nleyes de California brindan protecciones: <\/strong><strong><\/strong><\/p>\n\n\n\n<p>La Ley de Derechos Civiles Unruh (Unruh Civil\nRights Act) protege a los alumnos contra la discriminaci\u00f3n por parte de\n\u201cestablecimientos comerciales\u201d, incluidas las escuelas p\u00fablicas y privadas.\n[Cal. Civ. Code Sec. 51(b)]. La Ley Unruh no se aplica a las escuelas\nreligiosas que admiten \u00fanicamente a alumnos de una religi\u00f3n en particular o que\napoyan una sola doctrina religiosa. Toda violaci\u00f3n de la ley ADA constituye\nautom\u00e1ticamente una violaci\u00f3n de la Ley Unruh. [Cal. Gov. Code Sec. 51(f)].El art\u00edculo 11135 del C\u00f3digo de\nGobierno de California (California Government Code) proh\u00edbe la discriminaci\u00f3n\nen todo programa o actividad dirigidos o financiados por el estado. [Cal. Gov.\nCode Sec. 11135(a)]. Es obligatorio que los programas y las actividades,\nconforme al art\u00edculo 11135, tambi\u00e9n cumplan con los requisitos de la ley ADA.\n[Cal. Gov. Code Sec. 11135(b)]. El art\u00edculo 11135 se aplica a todas las\nescuelas p\u00fablicas y a toda escuela privada, religiosa o laica, que reciba\nasistencia financiera del estado de California.<strong><\/strong><\/p>\n\n\n\n<p>De manera similar, el art\u00edculo 220 del C\u00f3digo\nde Educaci\u00f3n de California (California Education Code) proh\u00edbe la\ndiscriminaci\u00f3n en todo programa o actividad conducidos por una instituci\u00f3n\neducativa que reciba fondos estatales o se beneficie de estos. [Cal. Ed. Code\nSec. 220]. Esto incluye a las escuelas con alumnos que reciben asistencia\nfinanciera estatal. Los tribunales han sostenido que esta disposici\u00f3n del\nC\u00f3digo solo se incumple ante \u201cun comportamiento tan grave y generalizado que\ntenga el efecto sist\u00e9mico de denegarle a la v\u00edctima el acceso igualitario a una\nactividad o a un programa educativos\u201d. [<em>J.E.L.\nv. San Francisco Unified Sch. Dist., <\/em>185 F. Supp. 3d 1196 (N.D. Cal.\n2016)].<\/p>\n","protected":false},"excerpt":{"rendered":"<p>Las siguientes leyes federales brindan protecciones: El art\u00edculo 504 de la Ley de Rehabilitaci\u00f3n (Rehabilitation Act) y el t\u00edtulo&nbsp;II de la Ley de Estadounidenses con&hellip;<\/p>\n","protected":false},"author":1,"featured_media":0,"parent":2669,"menu_order":2,"comment_status":"closed","ping_status":"closed","template":"","meta":{"footnotes":""},"class_list":["post-2674","page","type-page","status-publish","hentry"],"_links":{"self":[{"href":"https:\/\/serr.disabilityrightsca.org\/sp\/wp-json\/wp\/v2\/pages\/2674","targetHints":{"allow":["GET"]}}],"collection":[{"href":"https:\/\/serr.disabilityrightsca.org\/sp\/wp-json\/wp\/v2\/pages"}],"about":[{"href":"https:\/\/serr.disabilityrightsca.org\/sp\/wp-json\/wp\/v2\/types\/page"}],"author":[{"embeddable":true,"href":"https:\/\/serr.disabilityrightsca.org\/sp\/wp-json\/wp\/v2\/users\/1"}],"replies":[{"embeddable":true,"href":"https:\/\/serr.disabilityrightsca.org\/sp\/wp-json\/wp\/v2\/comments?post=2674"}],"version-history":[{"count":3,"href":"https:\/\/serr.disabilityrightsca.org\/sp\/wp-json\/wp\/v2\/pages\/2674\/revisions"}],"predecessor-version":[{"id":3977,"href":"https:\/\/serr.disabilityrightsca.org\/sp\/wp-json\/wp\/v2\/pages\/2674\/revisions\/3977"}],"up":[{"embeddable":true,"href":"https:\/\/serr.disabilityrightsca.org\/sp\/wp-json\/wp\/v2\/pages\/2669"}],"wp:attachment":[{"href":"https:\/\/serr.disabilityrightsca.org\/sp\/wp-json\/wp\/v2\/media?parent=2674"}],"curies":[{"name":"wp","href":"https:\/\/api.w.org\/{rel}","templated":true}]}}