{"id":2685,"date":"2019-12-27T16:23:00","date_gmt":"2019-12-28T00:23:00","guid":{"rendered":"https:\/\/serr.disabilityrightsca.org\/?page_id=2685"},"modified":"2024-07-23T14:10:58","modified_gmt":"2024-07-23T21:10:58","slug":"16-7-cuales-son-algunos-ejemplos-de-una-deficiencia-que-restringe-notablemente-una-actividad-imprescindible-para-desempenarse-en-la-vida","status":"publish","type":"page","link":"https:\/\/serr.disabilityrightsca.org\/sp\/serr-manual\/capitulo-16-informacion-sobre-el-articulo-504-y-discriminacion-por-discapacidad\/16-7-cuales-son-algunos-ejemplos-de-una-deficiencia-que-restringe-notablemente-una-actividad-imprescindible-para-desempenarse-en-la-vida\/","title":{"rendered":"(16.7) \u00bfCu\u00e1les son algunos ejemplos de una \u201cdeficiencia que restringe notablemente una actividad imprescindible para desempe\u00f1arse en la vida\u201d?"},"content":{"rendered":"\n<p>Algunos ejemplos de una deficiencia que restringe notablemente una actividad imprescindible para desempe\u00f1arse en la vida incluyen, entre otros, los siguientes:<\/p>\n\n\n\n<ol class=\"wp-block-list\"><li>La sordera restringe notablemente la audici\u00f3n.<\/li><li>La ceguera restringe notablemente la visi\u00f3n.<\/li><li>La discapacidad intelectual restringe notablemente la funci\u00f3n cerebral.<\/li><li>La falta parcial o total de extremidades o los problemas de movilidad que requieren el uso de una silla de ruedas restringen notablemente la funci\u00f3n musculoesquel\u00e9tica.<\/li><li>El autismo restringe notablemente la funci\u00f3n cerebral.<\/li><li>El c\u00e1ncer restringe notablemente el crecimiento celular normal.<\/li><li>La par\u00e1lisis cerebral restringe notablemente la funci\u00f3n cerebral.<\/li><li>La diabetes restringe notablemente la funci\u00f3n endocrina.<\/li><li>La epilepsia, la distrofia muscular y la esclerosis m\u00faltiple restringen notablemente la funci\u00f3n neurol\u00f3gica.<\/li><li>La infecci\u00f3n del virus de la inmunodeficiencia humana (HIV) restringe notablemente la funci\u00f3n inmunol\u00f3gica.<\/li><li>El trastorno depresivo grave, el trastorno bipolar, el trastorno por estr\u00e9s postraum\u00e1tico, las lesiones cerebrales traum\u00e1ticas, el trastorno obsesivo-compulsivo y la esquizofrenia restringen notablemente la funci\u00f3n cerebral.<\/li><\/ol>\n\n\n\n<p>Estas discapacidades o afecciones pueden\nrestringir notablemente la actividad imprescindible para la vida de un ni\u00f1o\nrelacionada con el aprendizaje. <\/p>\n","protected":false},"excerpt":{"rendered":"<p>Algunos ejemplos de una deficiencia que restringe notablemente una actividad imprescindible para desempe\u00f1arse en la vida incluyen, entre otros, los siguientes: La sordera restringe notablemente&hellip;<\/p>\n","protected":false},"author":1,"featured_media":0,"parent":2669,"menu_order":7,"comment_status":"closed","ping_status":"closed","template":"","meta":{"footnotes":""},"class_list":["post-2685","page","type-page","status-publish","hentry"],"_links":{"self":[{"href":"https:\/\/serr.disabilityrightsca.org\/sp\/wp-json\/wp\/v2\/pages\/2685","targetHints":{"allow":["GET"]}}],"collection":[{"href":"https:\/\/serr.disabilityrightsca.org\/sp\/wp-json\/wp\/v2\/pages"}],"about":[{"href":"https:\/\/serr.disabilityrightsca.org\/sp\/wp-json\/wp\/v2\/types\/page"}],"author":[{"embeddable":true,"href":"https:\/\/serr.disabilityrightsca.org\/sp\/wp-json\/wp\/v2\/users\/1"}],"replies":[{"embeddable":true,"href":"https:\/\/serr.disabilityrightsca.org\/sp\/wp-json\/wp\/v2\/comments?post=2685"}],"version-history":[{"count":3,"href":"https:\/\/serr.disabilityrightsca.org\/sp\/wp-json\/wp\/v2\/pages\/2685\/revisions"}],"predecessor-version":[{"id":4207,"href":"https:\/\/serr.disabilityrightsca.org\/sp\/wp-json\/wp\/v2\/pages\/2685\/revisions\/4207"}],"up":[{"embeddable":true,"href":"https:\/\/serr.disabilityrightsca.org\/sp\/wp-json\/wp\/v2\/pages\/2669"}],"wp:attachment":[{"href":"https:\/\/serr.disabilityrightsca.org\/sp\/wp-json\/wp\/v2\/media?parent=2685"}],"curies":[{"name":"wp","href":"https:\/\/api.w.org\/{rel}","templated":true}]}}