{"id":2687,"date":"2019-12-27T16:26:02","date_gmt":"2019-12-28T00:26:02","guid":{"rendered":"https:\/\/serr.disabilityrightsca.org\/?page_id=2687"},"modified":"2024-07-23T14:10:18","modified_gmt":"2024-07-23T21:10:18","slug":"16-8-que-significa-tener-antecedentes-de-una-deficiencia-y-que-se-considere-que-se-tiene-una-deficiencia","status":"publish","type":"page","link":"https:\/\/serr.disabilityrightsca.org\/sp\/serr-manual\/capitulo-16-informacion-sobre-el-articulo-504-y-discriminacion-por-discapacidad\/16-8-que-significa-tener-antecedentes-de-una-deficiencia-y-que-se-considere-que-se-tiene-una-deficiencia\/","title":{"rendered":"(16.8) \u00bfQu\u00e9 significa \u201ctener antecedentes de una deficiencia\u201d y que \u201cse considere que se tiene una deficiencia\u201d?"},"content":{"rendered":"\n<p>Tener\nantecedentes de una deficiencia significa tener un historial de una deficiencia\nmental o f\u00edsica que restringe notablemente una o m\u00e1s actividades\nimprescindibles para desempe\u00f1arse en la vida, o bien estar clasificado\nerr\u00f3neamente como una persona con dicha deficiencia. Las modificaciones\nrazonables pueden ser adecuadas para una persona con antecedentes de una\ndeficiencia cuando son necesarias y se relacionan con la discapacidad pasada. <\/p>\n\n\n\n<p>Que se\nconsidere que se tiene una deficiencia significa sufrir discriminaci\u00f3n debido a\nuna deficiencia mental o f\u00edsica real o percibida, ya sea que dicha deficiencia\nrestrinja notablemente o no una actividad imprescindible para desempe\u00f1arse en\nla vida, o que se perciba que la restringe notablemente, incluso si la entidad\npuede defenderse ante la supuesta acci\u00f3n discriminatoria. [28 C.F.R. Sec.\n35.108(a)(1)(iii)].<\/p>\n","protected":false},"excerpt":{"rendered":"<p>Tener antecedentes de una deficiencia significa tener un historial de una deficiencia mental o f\u00edsica que restringe notablemente una o m\u00e1s actividades imprescindibles para desempe\u00f1arse&hellip;<\/p>\n","protected":false},"author":1,"featured_media":0,"parent":2669,"menu_order":8,"comment_status":"closed","ping_status":"closed","template":"","meta":{"footnotes":""},"class_list":["post-2687","page","type-page","status-publish","hentry"],"_links":{"self":[{"href":"https:\/\/serr.disabilityrightsca.org\/sp\/wp-json\/wp\/v2\/pages\/2687","targetHints":{"allow":["GET"]}}],"collection":[{"href":"https:\/\/serr.disabilityrightsca.org\/sp\/wp-json\/wp\/v2\/pages"}],"about":[{"href":"https:\/\/serr.disabilityrightsca.org\/sp\/wp-json\/wp\/v2\/types\/page"}],"author":[{"embeddable":true,"href":"https:\/\/serr.disabilityrightsca.org\/sp\/wp-json\/wp\/v2\/users\/1"}],"replies":[{"embeddable":true,"href":"https:\/\/serr.disabilityrightsca.org\/sp\/wp-json\/wp\/v2\/comments?post=2687"}],"version-history":[{"count":2,"href":"https:\/\/serr.disabilityrightsca.org\/sp\/wp-json\/wp\/v2\/pages\/2687\/revisions"}],"predecessor-version":[{"id":3983,"href":"https:\/\/serr.disabilityrightsca.org\/sp\/wp-json\/wp\/v2\/pages\/2687\/revisions\/3983"}],"up":[{"embeddable":true,"href":"https:\/\/serr.disabilityrightsca.org\/sp\/wp-json\/wp\/v2\/pages\/2669"}],"wp:attachment":[{"href":"https:\/\/serr.disabilityrightsca.org\/sp\/wp-json\/wp\/v2\/media?parent=2687"}],"curies":[{"name":"wp","href":"https:\/\/api.w.org\/{rel}","templated":true}]}}