{"id":2710,"date":"2019-12-30T10:35:29","date_gmt":"2019-12-30T18:35:29","guid":{"rendered":"https:\/\/serr.disabilityrightsca.org\/?page_id=2710"},"modified":"2020-07-20T16:06:22","modified_gmt":"2020-07-20T23:06:22","slug":"16-13-si-un-alumno-es-elegible-para-los-servicios-conforme-el-articulo-504-solamente-puede-recibir-los-servicios-de-educacion-especial","status":"publish","type":"page","link":"https:\/\/serr.disabilityrightsca.org\/sp\/serr-manual\/capitulo-16-informacion-sobre-el-articulo-504-y-discriminacion-por-discapacidad\/16-13-si-un-alumno-es-elegible-para-los-servicios-conforme-el-articulo-504-solamente-puede-recibir-los-servicios-de-educacion-especial\/","title":{"rendered":"(16.13) Si un alumno es elegible para los servicios conforme el art\u00edculo 504 solamente, \u00bfpuede recibir los servicios de educaci\u00f3n especial?"},"content":{"rendered":"\n<p>S\u00ed. Un memor\u00e1ndum de la\nOCR escrito el 29 de abril de 1993 aborda esta cuesti\u00f3n: Un ni\u00f1o que presenta\nuna discapacidad seg\u00fan el significado atribuido por el art\u00edculo 504, pero no\nconforme a la ley IDEA, \u00bftiene derecho a recibir los servicios de educaci\u00f3n\nespecial?<\/p>\n\n\n\n<p>S\u00ed. Si se determina que un ni\u00f1o tiene una discapacidad\nen los t\u00e9rminos del significado atribuido por el art\u00edculo 504, tiene derecho a\nrecibir cualquier servicio de educaci\u00f3n especial que el equipo de asignaci\u00f3n\nconsidere necesario. [19 IDELR 876].<\/p>\n\n\n\n<p>Los distritos, por lo\ngeneral, no est\u00e1n conscientes de esta interpretaci\u00f3n legal del OCR. Si\nconsidera que su hijo necesita de los servicios de educaci\u00f3n especial para\nrecibir una FAPE, debe informar al equipo de planificaci\u00f3n del Art\u00edculo 504\nacerca del memor\u00e1ndum, antes de la reuni\u00f3n.<\/p>\n","protected":false},"excerpt":{"rendered":"<p>S\u00ed. Un memor\u00e1ndum de la OCR escrito el 29 de abril de 1993 aborda esta cuesti\u00f3n: Un ni\u00f1o que presenta una discapacidad seg\u00fan el significado&hellip;<\/p>\n","protected":false},"author":1,"featured_media":0,"parent":2669,"menu_order":13,"comment_status":"closed","ping_status":"closed","template":"","meta":{"footnotes":""},"class_list":["post-2710","page","type-page","status-publish","hentry"],"_links":{"self":[{"href":"https:\/\/serr.disabilityrightsca.org\/sp\/wp-json\/wp\/v2\/pages\/2710","targetHints":{"allow":["GET"]}}],"collection":[{"href":"https:\/\/serr.disabilityrightsca.org\/sp\/wp-json\/wp\/v2\/pages"}],"about":[{"href":"https:\/\/serr.disabilityrightsca.org\/sp\/wp-json\/wp\/v2\/types\/page"}],"author":[{"embeddable":true,"href":"https:\/\/serr.disabilityrightsca.org\/sp\/wp-json\/wp\/v2\/users\/1"}],"replies":[{"embeddable":true,"href":"https:\/\/serr.disabilityrightsca.org\/sp\/wp-json\/wp\/v2\/comments?post=2710"}],"version-history":[{"count":2,"href":"https:\/\/serr.disabilityrightsca.org\/sp\/wp-json\/wp\/v2\/pages\/2710\/revisions"}],"predecessor-version":[{"id":3988,"href":"https:\/\/serr.disabilityrightsca.org\/sp\/wp-json\/wp\/v2\/pages\/2710\/revisions\/3988"}],"up":[{"embeddable":true,"href":"https:\/\/serr.disabilityrightsca.org\/sp\/wp-json\/wp\/v2\/pages\/2669"}],"wp:attachment":[{"href":"https:\/\/serr.disabilityrightsca.org\/sp\/wp-json\/wp\/v2\/media?parent=2710"}],"curies":[{"name":"wp","href":"https:\/\/api.w.org\/{rel}","templated":true}]}}