{"id":2712,"date":"2019-12-30T10:59:31","date_gmt":"2019-12-30T18:59:31","guid":{"rendered":"https:\/\/serr.disabilityrightsca.org\/?page_id=2712"},"modified":"2024-07-23T14:07:16","modified_gmt":"2024-07-23T21:07:16","slug":"16-14-el-articulo-504-requiere-la-prestacion-de-servicios-relacionados","status":"publish","type":"page","link":"https:\/\/serr.disabilityrightsca.org\/sp\/serr-manual\/capitulo-16-informacion-sobre-el-articulo-504-y-discriminacion-por-discapacidad\/16-14-el-articulo-504-requiere-la-prestacion-de-servicios-relacionados\/","title":{"rendered":"(16.14) \u00bfEl art\u00edculo 504 requiere la prestaci\u00f3n de servicios relacionados?"},"content":{"rendered":"\n<p>S\u00ed. El art\u00edculo 504\nrequiere la prestaci\u00f3n de \u201casistencias y servicios relacionados\u201d en conexi\u00f3n\ncon el derecho de todo alumno a la educaci\u00f3n general o especial. Las\nasistencias y los servicios deben dise\u00f1arse para brindarle una educaci\u00f3n\nadecuada. Esto significa que el distrito debe brindar dichas asistencias y\nservicios para que satisfagan las necesidades educativas del alumno de manera\nigualmente adecuada como aquellas de los alumnos sin discapacidades. [34 C.F.R.\nSec. 104.33].<\/p>\n\n\n\n<p>La prestaci\u00f3n de\nasistencias y servicios debe realizarse sobre la base de una evaluaci\u00f3n llevada\na cabo por un grupo de personas con conocimientos acerca del ni\u00f1o y los datos\nde las evaluaciones, y en conformidad con los requisitos del entorno menos\nrestrictivo (least restrictive environment, LRE) y las garant\u00edas procesales del\ndistrito.<br>\n[34 C.F.R. Secs. 104.34 -104.36]. <\/p>\n\n\n\n<p>El alcance de las\nasistencias y los servicios conforme al art\u00edculo 504 es sustancialmente similar\na la prestaci\u00f3n de \u201cservicios relacionados\u201d para un ni\u00f1o con un IEP conforme a\nla ley IDEA. No obstante, a diferencia de dicha ley, el art\u00edculo 504 no\nestipula una lista de ejemplos de las asistencias y los servicios que un ni\u00f1o\npuede recibir. Los servicios escolares de salud\/enfermer\u00eda, la administraci\u00f3n\nde medicamentos, los dispositivos de ayuda e incluso los programas de atletismo\ny no acad\u00e9micos son algunos ejemplos de las asistencias y los servicios\nrelacionados que se proveen a trav\u00e9s del art\u00edculo 504.<\/p>\n","protected":false},"excerpt":{"rendered":"<p>S\u00ed. El art\u00edculo 504 requiere la prestaci\u00f3n de \u201casistencias y servicios relacionados\u201d en conexi\u00f3n con el derecho de todo alumno a la educaci\u00f3n general o&hellip;<\/p>\n","protected":false},"author":1,"featured_media":0,"parent":2669,"menu_order":14,"comment_status":"closed","ping_status":"closed","template":"","meta":{"footnotes":""},"class_list":["post-2712","page","type-page","status-publish","hentry"],"_links":{"self":[{"href":"https:\/\/serr.disabilityrightsca.org\/sp\/wp-json\/wp\/v2\/pages\/2712","targetHints":{"allow":["GET"]}}],"collection":[{"href":"https:\/\/serr.disabilityrightsca.org\/sp\/wp-json\/wp\/v2\/pages"}],"about":[{"href":"https:\/\/serr.disabilityrightsca.org\/sp\/wp-json\/wp\/v2\/types\/page"}],"author":[{"embeddable":true,"href":"https:\/\/serr.disabilityrightsca.org\/sp\/wp-json\/wp\/v2\/users\/1"}],"replies":[{"embeddable":true,"href":"https:\/\/serr.disabilityrightsca.org\/sp\/wp-json\/wp\/v2\/comments?post=2712"}],"version-history":[{"count":2,"href":"https:\/\/serr.disabilityrightsca.org\/sp\/wp-json\/wp\/v2\/pages\/2712\/revisions"}],"predecessor-version":[{"id":3990,"href":"https:\/\/serr.disabilityrightsca.org\/sp\/wp-json\/wp\/v2\/pages\/2712\/revisions\/3990"}],"up":[{"embeddable":true,"href":"https:\/\/serr.disabilityrightsca.org\/sp\/wp-json\/wp\/v2\/pages\/2669"}],"wp:attachment":[{"href":"https:\/\/serr.disabilityrightsca.org\/sp\/wp-json\/wp\/v2\/media?parent=2712"}],"curies":[{"name":"wp","href":"https:\/\/api.w.org\/{rel}","templated":true}]}}