{"id":2719,"date":"2019-12-30T11:11:21","date_gmt":"2019-12-30T19:11:21","guid":{"rendered":"https:\/\/serr.disabilityrightsca.org\/?page_id=2719"},"modified":"2024-07-23T14:05:39","modified_gmt":"2024-07-23T21:05:39","slug":"16-17-en-que-casos-la-escuela-necesita-el-consentimiento-de-los-padres-conforme-al-articulo-504","status":"publish","type":"page","link":"https:\/\/serr.disabilityrightsca.org\/sp\/serr-manual\/capitulo-16-informacion-sobre-el-articulo-504-y-discriminacion-por-discapacidad\/16-17-en-que-casos-la-escuela-necesita-el-consentimiento-de-los-padres-conforme-al-articulo-504\/","title":{"rendered":"(16.17) \u00bfEn qu\u00e9 casos la escuela necesita el consentimiento de los padres conforme al art\u00edculo 504?"},"content":{"rendered":"\n<p>La escuela debe obtener el consentimiento de los padres antes de realizar la evaluaci\u00f3n inicial para determinar la elegibilidad y para la prestaci\u00f3n de servicios para el alumno conforme al art\u00edculo 504. El formulario de consentimiento no est\u00e1 especificado en el art\u00edculo 504 y la escuela puede seguir los procedimientos de la ley IDEA. El consentimiento escrito es adecuado y es un requisito conforme a la ley IDEA. Si un padre o madre no brinda su consentimiento, la escuela puede recurrir al debido proceso para anular la negativa de los padres. No obstante, la OCR les ha recordado a los distritos escolares que, conforme a la ley IDEA, no pueden iniciar un debido proceso para anular la negativa de consentimiento por parte de los padres para la prestaci\u00f3n inicial de los servicios. [Consulte \u201cC\u00f3mo proteger a los alumnos con discapacidades\u201d, preguntas frecuentes, (OCR 2016)].<\/p>\n","protected":false},"excerpt":{"rendered":"<p>La escuela debe obtener el consentimiento de los padres antes de realizar la evaluaci\u00f3n inicial para determinar la elegibilidad y para la prestaci\u00f3n de servicios&hellip;<\/p>\n","protected":false},"author":1,"featured_media":0,"parent":2669,"menu_order":17,"comment_status":"closed","ping_status":"closed","template":"","meta":{"footnotes":""},"class_list":["post-2719","page","type-page","status-publish","hentry"],"_links":{"self":[{"href":"https:\/\/serr.disabilityrightsca.org\/sp\/wp-json\/wp\/v2\/pages\/2719","targetHints":{"allow":["GET"]}}],"collection":[{"href":"https:\/\/serr.disabilityrightsca.org\/sp\/wp-json\/wp\/v2\/pages"}],"about":[{"href":"https:\/\/serr.disabilityrightsca.org\/sp\/wp-json\/wp\/v2\/types\/page"}],"author":[{"embeddable":true,"href":"https:\/\/serr.disabilityrightsca.org\/sp\/wp-json\/wp\/v2\/users\/1"}],"replies":[{"embeddable":true,"href":"https:\/\/serr.disabilityrightsca.org\/sp\/wp-json\/wp\/v2\/comments?post=2719"}],"version-history":[{"count":2,"href":"https:\/\/serr.disabilityrightsca.org\/sp\/wp-json\/wp\/v2\/pages\/2719\/revisions"}],"predecessor-version":[{"id":3992,"href":"https:\/\/serr.disabilityrightsca.org\/sp\/wp-json\/wp\/v2\/pages\/2719\/revisions\/3992"}],"up":[{"embeddable":true,"href":"https:\/\/serr.disabilityrightsca.org\/sp\/wp-json\/wp\/v2\/pages\/2669"}],"wp:attachment":[{"href":"https:\/\/serr.disabilityrightsca.org\/sp\/wp-json\/wp\/v2\/media?parent=2719"}],"curies":[{"name":"wp","href":"https:\/\/api.w.org\/{rel}","templated":true}]}}