{"id":2729,"date":"2019-12-30T11:23:47","date_gmt":"2019-12-30T19:23:47","guid":{"rendered":"https:\/\/serr.disabilityrightsca.org\/?page_id=2729"},"modified":"2024-07-23T14:03:14","modified_gmt":"2024-07-23T21:03:14","slug":"16-22-el-distrito-escolar-puede-tomar-represalias-contra-mi-o-contra-mi-hijo-por-ejercer-nuestros-derechos-conforme-al-articulo-504","status":"publish","type":"page","link":"https:\/\/serr.disabilityrightsca.org\/sp\/serr-manual\/capitulo-16-informacion-sobre-el-articulo-504-y-discriminacion-por-discapacidad\/16-22-el-distrito-escolar-puede-tomar-represalias-contra-mi-o-contra-mi-hijo-por-ejercer-nuestros-derechos-conforme-al-articulo-504\/","title":{"rendered":"(16.22) \u00bfEl distrito escolar puede tomar represalias contra m\u00ed o contra mi hijo por ejercer nuestros derechos conforme al art\u00edculo 504?"},"content":{"rendered":"\n<p>Las represalias son un acto de discriminaci\u00f3n,\ncoerci\u00f3n, intimidaci\u00f3n o amenaza contra una persona para interferir en el\nejercicio de un derecho amparado. Las represalias son ilegales seg\u00fan las leyes\nfederales y estatales, incluidos el art\u00edculo 504 y la ley ADA. <\/p>\n\n\n\n<p>Adem\u00e1s, el art\u00edculo 56046 del C\u00f3digo de\nEducaci\u00f3n de California protege a todo empleado o contratista del distrito\nescolar o de otro organismo educativo local que act\u00fae como defensor de un\nalumno con necesidades excepcionales para obtener servicios o adaptaciones para\n\u00e9l, o que asista a los padres para hacerlo. Un organismo educativo tiene\nprohibido tomar represalias contra un miembro servicial del personal con el fin\nde interferir en su accionar. <br>\n[Cal Ed. Code Sec. 56046(a)].<\/p>\n\n\n\n<p>En la mayor\u00eda de los casos, las represalias se\ninfieren de las circunstancias circundantes, en cuyo caso se realizan cuatro\npreguntas: <\/p>\n\n\n\n<p>&nbsp;&nbsp;&nbsp;&nbsp;&nbsp;&nbsp;&nbsp;&nbsp; (1)\n\u00bfLa persona se involucr\u00f3 en una actividad amparada por la ley?<\/p>\n\n\n\n<p>&nbsp;&nbsp;&nbsp;&nbsp;&nbsp;&nbsp;&nbsp;&nbsp; (2)\n\u00bfLa persona fue objeto de una medida adversa?<\/p>\n\n\n\n<p>(3)\n\u00bfExisti\u00f3 una conexi\u00f3n entre la actividad protegida y la medida adversa que\npermita inferir que se tomaron represalias?<\/p>\n\n\n\n<p>(4)\n\u00bfLa escuela identific\u00f3 una raz\u00f3n leg\u00edtima para la medida adversa que no\nimplique una represalia? <\/p>\n\n\n\n<p>Para obtener una explicaci\u00f3n m\u00e1s detallada\nacerca de las represalias, consulte el siguiente enlace: <a href=\"https:\/\/www.disabilityrightsca.org\/publications\/is-the-school-retaliating-a-guide-to-your-rights\">https:\/\/www.disabilityrightsca.org\/publications\/is-the-school-retaliating-a-guide-to-your-rights<\/a>.<\/p>\n","protected":false},"excerpt":{"rendered":"<p>Las represalias son un acto de discriminaci\u00f3n, coerci\u00f3n, intimidaci\u00f3n o amenaza contra una persona para interferir en el ejercicio de un derecho amparado. Las represalias&hellip;<\/p>\n","protected":false},"author":1,"featured_media":0,"parent":2669,"menu_order":22,"comment_status":"closed","ping_status":"closed","template":"","meta":{"footnotes":""},"class_list":["post-2729","page","type-page","status-publish","hentry"],"_links":{"self":[{"href":"https:\/\/serr.disabilityrightsca.org\/sp\/wp-json\/wp\/v2\/pages\/2729","targetHints":{"allow":["GET"]}}],"collection":[{"href":"https:\/\/serr.disabilityrightsca.org\/sp\/wp-json\/wp\/v2\/pages"}],"about":[{"href":"https:\/\/serr.disabilityrightsca.org\/sp\/wp-json\/wp\/v2\/types\/page"}],"author":[{"embeddable":true,"href":"https:\/\/serr.disabilityrightsca.org\/sp\/wp-json\/wp\/v2\/users\/1"}],"replies":[{"embeddable":true,"href":"https:\/\/serr.disabilityrightsca.org\/sp\/wp-json\/wp\/v2\/comments?post=2729"}],"version-history":[{"count":2,"href":"https:\/\/serr.disabilityrightsca.org\/sp\/wp-json\/wp\/v2\/pages\/2729\/revisions"}],"predecessor-version":[{"id":3997,"href":"https:\/\/serr.disabilityrightsca.org\/sp\/wp-json\/wp\/v2\/pages\/2729\/revisions\/3997"}],"up":[{"embeddable":true,"href":"https:\/\/serr.disabilityrightsca.org\/sp\/wp-json\/wp\/v2\/pages\/2669"}],"wp:attachment":[{"href":"https:\/\/serr.disabilityrightsca.org\/sp\/wp-json\/wp\/v2\/media?parent=2729"}],"curies":[{"name":"wp","href":"https:\/\/api.w.org\/{rel}","templated":true}]}}