{"id":2733,"date":"2019-12-30T11:27:13","date_gmt":"2019-12-30T19:27:13","guid":{"rendered":"https:\/\/serr.disabilityrightsca.org\/?page_id=2733"},"modified":"2025-03-07T14:34:20","modified_gmt":"2025-03-07T22:34:20","slug":"16-24-cuales-son-mis-derechos-conforme-al-articulo-504-si-estoy-en-desacuerdo-con-el-distrito","status":"publish","type":"page","link":"https:\/\/serr.disabilityrightsca.org\/sp\/serr-manual\/capitulo-16-informacion-sobre-el-articulo-504-y-discriminacion-por-discapacidad\/16-24-cuales-son-mis-derechos-conforme-al-articulo-504-si-estoy-en-desacuerdo-con-el-distrito\/","title":{"rendered":"(16.24) \u00bfCu\u00e1les son mis derechos conforme al art\u00edculo 504 si estoy en desacuerdo con el distrito?"},"content":{"rendered":"\n<p>Si est\u00e1 en desacuerdo con el distrito respecto de todo asunto relacionado con la identificaci\u00f3n, la evaluaci\u00f3n, la provisi\u00f3n de una FAPE o la colocaci\u00f3n, puede solicitar una audiencia conforme al art\u00edculo 504. Los reglamentos requieren que dicha audiencia sea imparcial y que los padres tengan la oportunidad de participar y de tener un representante legal. [34 C.F.R. 104.36]. Cada distrito escolar establece sus propios procedimientos para la audiencia conforme al art\u00edculo 504. El distrito escolar designa un funcionario de la audiencia para que falle en relaci\u00f3n con el desacuerdo. La OCR ha establecido que los empleados y los miembros del consejo de su distrito no pueden obrar como funcionarios de la audiencia. Si otro distrito celebr\u00f3 un contrato conjunto con su distrito para brindar servicios a los alumnos con discapacidades, sus empleados tampoco pueden obrar como funcionarios de la audiencia. [<em>Letter to Anonymous<\/em>,18 IDELR 230 (OCR 1991)].<\/p>\n\n\n\n<p>No obstante, si usted\nconsidera que a su hijo no se le han proporcionado los derechos\ncorrespondientes en virtud del art\u00edculo 504 (es decir, el distrito no ha\ncumplimentado los requisitos y procedimientos estipulados en el art\u00edculo 504),\npuede presentar un reclamo ante la OCR. La OCR supervisa y hace cumplir las\nprotecciones del art\u00edculo 504 relativas a la educaci\u00f3n. Tiene 180 d\u00edas desde la\nfecha del presunto incumplimiento para presentar un reclamo ante la OCR. Debe\npresentarlo ante la OCR en la siguiente direcci\u00f3n:<\/p>\n\n\n\n<p>U.S. Department of Education<br>Office for Civil Rights, Region IX Office<br>50 Beale Street, Suite 7200<br>San Francisco, CA 94105<br>Tel\u00e9fono: 415-486-5555<br>TDY: 877-521-2172<br>FAX: 415-486-5570<\/p>\n\n\n\n<p>Consulte el cap\u00edtulo 6, <em>Informaci\u00f3n sobre las audiencias de debido proceso y los procedimientos de cumplimiento<\/em>.<\/p>\n","protected":false},"excerpt":{"rendered":"<p>Si est\u00e1 en desacuerdo con el distrito respecto de todo asunto relacionado con la identificaci\u00f3n, la evaluaci\u00f3n, la provisi\u00f3n de una FAPE o la colocaci\u00f3n,&hellip;<\/p>\n","protected":false},"author":1,"featured_media":0,"parent":2669,"menu_order":24,"comment_status":"closed","ping_status":"closed","template":"","meta":{"footnotes":""},"class_list":["post-2733","page","type-page","status-publish","hentry"],"_links":{"self":[{"href":"https:\/\/serr.disabilityrightsca.org\/sp\/wp-json\/wp\/v2\/pages\/2733","targetHints":{"allow":["GET"]}}],"collection":[{"href":"https:\/\/serr.disabilityrightsca.org\/sp\/wp-json\/wp\/v2\/pages"}],"about":[{"href":"https:\/\/serr.disabilityrightsca.org\/sp\/wp-json\/wp\/v2\/types\/page"}],"author":[{"embeddable":true,"href":"https:\/\/serr.disabilityrightsca.org\/sp\/wp-json\/wp\/v2\/users\/1"}],"replies":[{"embeddable":true,"href":"https:\/\/serr.disabilityrightsca.org\/sp\/wp-json\/wp\/v2\/comments?post=2733"}],"version-history":[{"count":4,"href":"https:\/\/serr.disabilityrightsca.org\/sp\/wp-json\/wp\/v2\/pages\/2733\/revisions"}],"predecessor-version":[{"id":4550,"href":"https:\/\/serr.disabilityrightsca.org\/sp\/wp-json\/wp\/v2\/pages\/2733\/revisions\/4550"}],"up":[{"embeddable":true,"href":"https:\/\/serr.disabilityrightsca.org\/sp\/wp-json\/wp\/v2\/pages\/2669"}],"wp:attachment":[{"href":"https:\/\/serr.disabilityrightsca.org\/sp\/wp-json\/wp\/v2\/media?parent=2733"}],"curies":[{"name":"wp","href":"https:\/\/api.w.org\/{rel}","templated":true}]}}