{"id":2762,"date":"2019-12-30T12:56:58","date_gmt":"2019-12-30T20:56:58","guid":{"rendered":"https:\/\/serr.disabilityrightsca.org\/?page_id=2762"},"modified":"2024-07-23T16:08:41","modified_gmt":"2024-07-23T23:08:41","slug":"11-2-mi-hijo-debe-participar-de-la-evaluacion-caaspp","status":"publish","type":"page","link":"https:\/\/serr.disabilityrightsca.org\/sp\/serr-manual\/capitulo-11-informacion-sobre-las-evaluaciones-estatales-y-los-requisitos-para-la-graduacion\/11-2-mi-hijo-debe-participar-de-la-evaluacion-caaspp\/","title":{"rendered":"(11.2) \u00bfMi hijo debe participar de la evaluaci\u00f3n CAASPP?"},"content":{"rendered":"\n<p>No. Cada a\u00f1o, el distrito escolar debe notificar a los padres de los ni\u00f1os en los grados incluidos en la evaluaci\u00f3n sobre la participaci\u00f3n prevista de su hijo, pero la notificaci\u00f3n tambi\u00e9n debe comunicarles que tienen el derecho de que se lo exima de la evaluaci\u00f3n en su totalidad o en parte si env\u00edan una solicitud por escrito para eximirlo. [Cal. Educ. Code Sec. 60615; 5 C.C.R. Sec. 852]. Sin embargo, debido a que el requisito de la notificaci\u00f3n por parte de los distritos escolares y del derecho de los padres a solicitar que se exima a su hijo de la evaluaci\u00f3n es anual, los padres deben enviar su solicitud todos los a\u00f1os que se evaluar\u00eda a su hijo. Una solicitud por escrito para que un alumno de tercer grado sea eximido de la evaluaci\u00f3n no lo eximir\u00e1 en cuarto grado. [5 C.C.R. Sec. 852 (a)].<\/p>\n","protected":false},"excerpt":{"rendered":"<p>No. Cada a\u00f1o, el distrito escolar debe notificar a los padres de los ni\u00f1os en los grados incluidos en la evaluaci\u00f3n sobre la participaci\u00f3n prevista&hellip;<\/p>\n","protected":false},"author":1,"featured_media":0,"parent":352,"menu_order":2,"comment_status":"closed","ping_status":"closed","template":"","meta":{"footnotes":""},"class_list":["post-2762","page","type-page","status-publish","hentry"],"_links":{"self":[{"href":"https:\/\/serr.disabilityrightsca.org\/sp\/wp-json\/wp\/v2\/pages\/2762","targetHints":{"allow":["GET"]}}],"collection":[{"href":"https:\/\/serr.disabilityrightsca.org\/sp\/wp-json\/wp\/v2\/pages"}],"about":[{"href":"https:\/\/serr.disabilityrightsca.org\/sp\/wp-json\/wp\/v2\/types\/page"}],"author":[{"embeddable":true,"href":"https:\/\/serr.disabilityrightsca.org\/sp\/wp-json\/wp\/v2\/users\/1"}],"replies":[{"embeddable":true,"href":"https:\/\/serr.disabilityrightsca.org\/sp\/wp-json\/wp\/v2\/comments?post=2762"}],"version-history":[{"count":3,"href":"https:\/\/serr.disabilityrightsca.org\/sp\/wp-json\/wp\/v2\/pages\/2762\/revisions"}],"predecessor-version":[{"id":3862,"href":"https:\/\/serr.disabilityrightsca.org\/sp\/wp-json\/wp\/v2\/pages\/2762\/revisions\/3862"}],"up":[{"embeddable":true,"href":"https:\/\/serr.disabilityrightsca.org\/sp\/wp-json\/wp\/v2\/pages\/352"}],"wp:attachment":[{"href":"https:\/\/serr.disabilityrightsca.org\/sp\/wp-json\/wp\/v2\/media?parent=2762"}],"curies":[{"name":"wp","href":"https:\/\/api.w.org\/{rel}","templated":true}]}}