{"id":2764,"date":"2019-12-30T12:57:35","date_gmt":"2019-12-30T20:57:35","guid":{"rendered":"https:\/\/serr.disabilityrightsca.org\/?page_id=2764"},"modified":"2024-07-23T16:08:25","modified_gmt":"2024-07-23T23:08:25","slug":"11-3-los-ninos-con-discapacidades-que-participaran-de-la-evaluacion-del-rendimiento-escolar-caaspp-pueden-recibir-ayuda-o-adaptaciones-para-realizar-las-pruebas","status":"publish","type":"page","link":"https:\/\/serr.disabilityrightsca.org\/sp\/serr-manual\/capitulo-11-informacion-sobre-las-evaluaciones-estatales-y-los-requisitos-para-la-graduacion\/11-3-los-ninos-con-discapacidades-que-participaran-de-la-evaluacion-del-rendimiento-escolar-caaspp-pueden-recibir-ayuda-o-adaptaciones-para-realizar-las-pruebas\/","title":{"rendered":"(11.3) \u00bfLos ni\u00f1os con discapacidades que participar\u00e1n de la evaluaci\u00f3n del rendimiento escolar CAASPP pueden recibir ayuda o adaptaciones para realizar las pruebas?"},"content":{"rendered":"\n<p>S\u00ed. Se encuentra disponible para los alumnos una amplia variedad de\nayudas y recursos para realizar las pruebas, tanto para los tienen una\ndiscapacidad como para los que no, en el programa de evaluaci\u00f3n CAASPP. Los\nlectores de estas preguntas y respuestas deben consultar los art\u00edculos 854.1-854.4\ndel t\u00edtulo 5 del C\u00f3digo de Reglamentos de California (California Code of\nRegulations), para obtener una lista m\u00e1s completa de estas ayudas y recursos y\nun an\u00e1lisis de la informaci\u00f3n resumida a continuaci\u00f3n.<\/p>\n\n\n\n<p>Todos los ni\u00f1os, incluidos aquellos con discapacidades, que realizan las\npruebas de la evaluaci\u00f3n CAASPP tienen a su disposici\u00f3n determinadas\n\u201cherramientas universales\u201d para ayudarlos a realizarlas. Las herramientas\nuniversales pueden ser incorporadas o no incorporadas. \u201cIncorporadas\u201d se\nrefiere a que estos recursos son parte del sistema de administraci\u00f3n de pruebas\npara la evaluaci\u00f3n CAASPP por computadora. \u201cNo incorporadas\u201d se refiere a que\nestos recursos no son parte del sistema de administraci\u00f3n de pruebas, sino que\nel distrito escolar se los brindar\u00e1 al alumno. Las \u201cherramientas universales\u201d\nson aquellas que se encuentran a disposici\u00f3n de todos los alumnos que realizan\nla CAASPP, ya sea que tengan una discapacidad o no, o que alg\u00fan educador o\nequipo de educadores las haya solicitado para el alumno o no. Las herramientas\nuniversales incluyen, entre otras, tomarse descansos, utilizar un diccionario\npara las pruebas de escritura o un glosario para las pruebas de lectura y\nutilizar una calculadora para determinadas partes de las pruebas de matem\u00e1tica\nen sexto, octavo y und\u00e9cimo grado. <\/p>\n\n\n\n<p>Todos los ni\u00f1os, incluidos aquellos con discapacidades, que realizan las\npruebas de la evaluaci\u00f3n CAASPP tambi\u00e9n tienen a su disposici\u00f3n determinados\n\u201capoyos designados\u201d para realizarlas. Los \u201capoyos designados\u201d tambi\u00e9n pueden\nser incorporados o no incorporados. Los apoyos designados incluyen, entre\notros, contraste de color o superposici\u00f3n de color o ampliaci\u00f3n para la\nlectura, adem\u00e1s de amplificaci\u00f3n o amortiguadores de ruido para la comprensi\u00f3n\nauditiva. La diferencia entre las \u201cherramientas universales\u201d y los \u201capoyos\ndesignados\u201d es que estos \u00faltimos deben ser considerados necesarios por un\neducador para un ni\u00f1o que no tiene una discapacidad. Para los ni\u00f1os con\ndiscapacidades, los apoyos designados deben especificarse en el plan del\nart\u00edculo 504 (504 Plan) o el Programa de Educaci\u00f3n Individualizada\n(Individualized Education Program, IEP) de un ni\u00f1o con una discapacidad para\nque los utilice.<\/p>\n\n\n\n<p>Adem\u00e1s de todo lo anterior, los ni\u00f1os con discapacidades (ni\u00f1os que\ntienen un IEP o un plan del art\u00edculo 504) tambi\u00e9n pueden utilizar\n\u201cadaptaciones\u201d en la evaluaci\u00f3n CAASPP. Las adaptaciones tambi\u00e9n son ayudas y\nrecursos \u201cincorporados\u201d o \u201cno incorporados\u201d en la evaluaci\u00f3n. Para que un\nalumno con una discapacidad utilice una adaptaci\u00f3n en este proceso de\nevaluaci\u00f3n, esta debe especificarse en el IEP o en el plan del art\u00edculo 504 del\nalumno. Las adaptaciones incluyen, entre otros, lo siguiente:<\/p>\n\n\n\n<p>(1) Opciones de respuesta alternativa para la lectura, la escritura y la\ncomprensi\u00f3n auditiva.<\/p>\n\n\n\n<p>(2) Braille para las pruebas con l\u00e1piz y papel.<\/p>\n\n\n\n<p>(3) Versi\u00f3n impresa en tama\u00f1o grande para las pruebas con l\u00e1piz y papel.<\/p>\n\n\n\n<p>(4) Impresi\u00f3n a pedido para la lectura, la escritura y la comprensi\u00f3n auditiva.<\/p>\n\n\n\n<p>(5) Lectura en voz alta para los fragmentos de lectura de lengua y\nliteratura inglesa.<\/p>\n\n\n\n<p>(6) Escribientes para la escritura.<\/p>\n\n\n\n<p>(7) Conversi\u00f3n de voz a texto para la lectura, la escritura y la\ncomprensi\u00f3n auditiva.<\/p>\n\n\n\n<p>(8) Predicci\u00f3n de palabras para la lectura, la escritura y la\ncomprensi\u00f3n auditiva.<\/p>\n\n\n\n<p>Las herramientas universales, los apoyos designados y las adaptaciones\nincorporados y no incorporados se encuentran disponibles en todas las \u00e1reas\n(lengua y literatura inglesa, matem\u00e1tica y ciencias) de la evaluaci\u00f3n CAASPP. [5\nC.C.R. Sec. 854.1 \u2013 854.3]. Tambi\u00e9n est\u00e1n a disposici\u00f3n de los alumnos que\nrealizan la versi\u00f3n en espa\u00f1ol de las pruebas de logros de la evaluaci\u00f3n\nCAASPP; consulte la pregunta 7 m\u00e1s abajo.<\/p>\n","protected":false},"excerpt":{"rendered":"<p>S\u00ed. Se encuentra disponible para los alumnos una amplia variedad de ayudas y recursos para realizar las pruebas, tanto para los tienen una discapacidad como&hellip;<\/p>\n","protected":false},"author":1,"featured_media":0,"parent":352,"menu_order":3,"comment_status":"closed","ping_status":"closed","template":"","meta":{"footnotes":""},"class_list":["post-2764","page","type-page","status-publish","hentry"],"_links":{"self":[{"href":"https:\/\/serr.disabilityrightsca.org\/sp\/wp-json\/wp\/v2\/pages\/2764","targetHints":{"allow":["GET"]}}],"collection":[{"href":"https:\/\/serr.disabilityrightsca.org\/sp\/wp-json\/wp\/v2\/pages"}],"about":[{"href":"https:\/\/serr.disabilityrightsca.org\/sp\/wp-json\/wp\/v2\/types\/page"}],"author":[{"embeddable":true,"href":"https:\/\/serr.disabilityrightsca.org\/sp\/wp-json\/wp\/v2\/users\/1"}],"replies":[{"embeddable":true,"href":"https:\/\/serr.disabilityrightsca.org\/sp\/wp-json\/wp\/v2\/comments?post=2764"}],"version-history":[{"count":3,"href":"https:\/\/serr.disabilityrightsca.org\/sp\/wp-json\/wp\/v2\/pages\/2764\/revisions"}],"predecessor-version":[{"id":3863,"href":"https:\/\/serr.disabilityrightsca.org\/sp\/wp-json\/wp\/v2\/pages\/2764\/revisions\/3863"}],"up":[{"embeddable":true,"href":"https:\/\/serr.disabilityrightsca.org\/sp\/wp-json\/wp\/v2\/pages\/352"}],"wp:attachment":[{"href":"https:\/\/serr.disabilityrightsca.org\/sp\/wp-json\/wp\/v2\/media?parent=2764"}],"curies":[{"name":"wp","href":"https:\/\/api.w.org\/{rel}","templated":true}]}}