{"id":2767,"date":"2019-12-30T13:07:43","date_gmt":"2019-12-30T21:07:43","guid":{"rendered":"https:\/\/serr.disabilityrightsca.org\/?page_id=2767"},"modified":"2020-07-15T13:06:56","modified_gmt":"2020-07-15T20:06:56","slug":"11-4-si-mi-hijo-pudiera-participar-de-la-evaluacion-caaspp-si-utilizara-una-ayuda-o-estrategia-que-no-esta-incluida-en-la-lista-de-herramientas-universales-apoyos-designados-o-adaptaciones-s","status":"publish","type":"page","link":"https:\/\/serr.disabilityrightsca.org\/sp\/serr-manual\/capitulo-11-informacion-sobre-las-evaluaciones-estatales-y-los-requisitos-para-la-graduacion\/11-4-si-mi-hijo-pudiera-participar-de-la-evaluacion-caaspp-si-utilizara-una-ayuda-o-estrategia-que-no-esta-incluida-en-la-lista-de-herramientas-universales-apoyos-designados-o-adaptaciones-s\/","title":{"rendered":"(11.4) Si mi hijo pudiera participar de la evaluaci\u00f3n CAASPP si utilizara una ayuda o estrategia que no est\u00e1 incluida en la lista de herramientas universales, apoyos designados o adaptaciones, \u00bfse le puede permitir utilizar esa ayuda o estrategia especializada en el proceso de evaluaci\u00f3n?"},"content":{"rendered":"\n<p>Para los alumnos con un plan del art\u00edculo 504 o un IEP, el distrito\nescolar puede enviar una solicitud al Departamento de Educaci\u00f3n de California\n(California Department of Education, CDE) para permitir que utilicen un\n\u201crecurso fuera de la lista\u201d en el proceso de la evaluaci\u00f3n CAASPP. [5 C.C.R.\nSec. 850(a-m) and 854.9(a)-(c)]. Un \u201crecurso fuera de la lista\u201d es un apoyo\neducativo que un alumno utiliza en la ense\u00f1anza o las evaluaciones a diario y\nque a\u00fan no se incluye en la lista como herramienta universal, apoyo designado o\nadaptaci\u00f3n. El distrito escolar debe solicitarlo al menos 10 d\u00edas antes de que\ncomience la evaluaci\u00f3n CAASPP y debe realizar esta solicitud anualmente. El\nDepartamento revisar\u00e1 la solicitud y \u00fanicamente permitir\u00e1 que el alumno utilice\neste recurso fuera de la lista si establece que no amenaza la seguridad de la\nevaluaci\u00f3n y no cambia el constructo examinado en ella. [\u00cdd.] Un cambio de\nconstructo se refiere a una modificaci\u00f3n del concepto o la habilidad que se\nest\u00e1 evaluando y que fundamentalmente altera el significado y la comparabilidad\nde los puntajes de las pruebas de logros. [5 C.C.R. Sec. 850(j)]. <\/p>\n\n\n\n<p>Si el Departamento determina que el recurso fuera de la lista cambia el\nconstructo examinado por la prueba, no dar\u00e1 su aprobaci\u00f3n. Sin embargo, aun as\u00ed\nel alumno puede utilizar el recurso en la prueba, pero recibir\u00e1 un informe de\npuntaje individual y no puede ser contabilizado por el distrito escolar como\nparticipante de la evaluaci\u00f3n CAASPP. Si el Departamento determina que el\nrecurso fuera de la lista solicitado no cambia el constructo examinado por la\nprueba, el distrito escolar puede contabilizar al alumno como participante de\nla evaluaci\u00f3n CAASPP. [5 C.C.R. Sec. 854.9(d)].<\/p>\n\n\n\n<p>El Departamento ya ha determinado que ciertos recursos fuera de la lista\ncambian uno o m\u00e1s de los constructos examinados por la evaluaci\u00f3n CAASPP y no\naprobar\u00e1 las solicitudes para el uso de estos recursos en el proceso de\nevaluaci\u00f3n. Estos incluyen, por ejemplo, calculadoras en la parte de matem\u00e1tica\nde la prueba para tercer a quinto grado, tablas de multiplicaci\u00f3n para tercer\ngrado y el uso de un tesauro. [5 C.C.R. Sec. 854.9(e)].<\/p>\n","protected":false},"excerpt":{"rendered":"<p>Para los alumnos con un plan del art\u00edculo 504 o un IEP, el distrito escolar puede enviar una solicitud al Departamento de Educaci\u00f3n de California&hellip;<\/p>\n","protected":false},"author":1,"featured_media":0,"parent":352,"menu_order":4,"comment_status":"closed","ping_status":"closed","template":"","meta":{"footnotes":""},"class_list":["post-2767","page","type-page","status-publish","hentry"],"_links":{"self":[{"href":"https:\/\/serr.disabilityrightsca.org\/sp\/wp-json\/wp\/v2\/pages\/2767","targetHints":{"allow":["GET"]}}],"collection":[{"href":"https:\/\/serr.disabilityrightsca.org\/sp\/wp-json\/wp\/v2\/pages"}],"about":[{"href":"https:\/\/serr.disabilityrightsca.org\/sp\/wp-json\/wp\/v2\/types\/page"}],"author":[{"embeddable":true,"href":"https:\/\/serr.disabilityrightsca.org\/sp\/wp-json\/wp\/v2\/users\/1"}],"replies":[{"embeddable":true,"href":"https:\/\/serr.disabilityrightsca.org\/sp\/wp-json\/wp\/v2\/comments?post=2767"}],"version-history":[{"count":2,"href":"https:\/\/serr.disabilityrightsca.org\/sp\/wp-json\/wp\/v2\/pages\/2767\/revisions"}],"predecessor-version":[{"id":3864,"href":"https:\/\/serr.disabilityrightsca.org\/sp\/wp-json\/wp\/v2\/pages\/2767\/revisions\/3864"}],"up":[{"embeddable":true,"href":"https:\/\/serr.disabilityrightsca.org\/sp\/wp-json\/wp\/v2\/pages\/352"}],"wp:attachment":[{"href":"https:\/\/serr.disabilityrightsca.org\/sp\/wp-json\/wp\/v2\/media?parent=2767"}],"curies":[{"name":"wp","href":"https:\/\/api.w.org\/{rel}","templated":true}]}}