{"id":2770,"date":"2019-12-30T13:11:26","date_gmt":"2019-12-30T21:11:26","guid":{"rendered":"https:\/\/serr.disabilityrightsca.org\/?page_id=2770"},"modified":"2020-07-15T13:07:39","modified_gmt":"2020-07-15T20:07:39","slug":"11-5-si-mi-hijo-no-puede-realizar-las-pruebas-de-la-evaluacion-caaspp-incluso-con-las-diferentes-herramientas-apoyos-y-adaptaciones-analizados-anteriormente-pero-no-quiero-eximirlo-completamente-d","status":"publish","type":"page","link":"https:\/\/serr.disabilityrightsca.org\/sp\/serr-manual\/capitulo-11-informacion-sobre-las-evaluaciones-estatales-y-los-requisitos-para-la-graduacion\/11-5-si-mi-hijo-no-puede-realizar-las-pruebas-de-la-evaluacion-caaspp-incluso-con-las-diferentes-herramientas-apoyos-y-adaptaciones-analizados-anteriormente-pero-no-quiero-eximirlo-completamente-d\/","title":{"rendered":"(11.5) Si mi hijo no puede realizar las pruebas de la evaluaci\u00f3n CAASPP incluso con las diferentes herramientas, apoyos y adaptaciones analizados anteriormente, pero no quiero eximirlo completamente de la evaluaci\u00f3n, \u00bfpuede igualmente participar de las pruebas de logros?"},"content":{"rendered":"\n<p>Los alumnos con un IEP de tercer a octavo gravo y de und\u00e9cimo grado que\nno pueden realizar las pruebas de la evaluaci\u00f3n CAASPP incluso con las adaptaciones\nadecuadas, y cuyos padres no los eximen del programa (consulte la pregunta 2\nm\u00e1s arriba), pueden realizar una prueba alternativa que se conoce como\nEvaluaci\u00f3n Alternativa de California (California Alternate Assessment, CAA). La\nCAA es la sucesora de la Evaluaci\u00f3n Alternativa de Rendimiento de California\n(California Alternate Performance Assessment, CAPA). La necesidad de utilizar\nuna evaluaci\u00f3n alternativa para el alumno debe especificarse en su IEP. [5\nC.C.R. Sec. 851.5].<\/p>\n\n\n\n<p>La CAA abarca lengua y literatura, matem\u00e1tica y ciencias. Solo se les\nadministra a los alumnos que tienen las discapacidades cognitivas m\u00e1s\nsignificativas. [5 C.C.R section 850(d)&amp;(g) and 854.5(a)]. Los alumnos con\nlas discapacidades cognitivas m\u00e1s significativas son aquellos cuyas\ndiscapacidades afectan de manera significativa el funcionamiento cognitivo y la\nconducta adaptativa y que necesitan ense\u00f1anza individualizada directa y extensa\ny apoyos considerables para lograr la medici\u00f3n de los est\u00e1ndares acad\u00e9micos. [5\nC.C.R. Sec. 850(v)]. Sin embargo, ninguna discapacidad en particular es\nnecesariamente una que genere las discapacidades cognitivas m\u00e1s significativas,\ny no se puede determinar que un ni\u00f1o tenga una de dichas discapacidades\n\u00fanicamente sobre la base de su bajo rendimiento acad\u00e9mico en el pasado o de su\nnecesidad previa de adaptaciones en las pruebas de logros estatales o locales. [\u00cdd.]\n<\/p>\n","protected":false},"excerpt":{"rendered":"<p>Los alumnos con un IEP de tercer a octavo gravo y de und\u00e9cimo grado que no pueden realizar las pruebas de la evaluaci\u00f3n CAASPP incluso&hellip;<\/p>\n","protected":false},"author":1,"featured_media":0,"parent":352,"menu_order":5,"comment_status":"closed","ping_status":"closed","template":"","meta":{"footnotes":""},"class_list":["post-2770","page","type-page","status-publish","hentry"],"_links":{"self":[{"href":"https:\/\/serr.disabilityrightsca.org\/sp\/wp-json\/wp\/v2\/pages\/2770","targetHints":{"allow":["GET"]}}],"collection":[{"href":"https:\/\/serr.disabilityrightsca.org\/sp\/wp-json\/wp\/v2\/pages"}],"about":[{"href":"https:\/\/serr.disabilityrightsca.org\/sp\/wp-json\/wp\/v2\/types\/page"}],"author":[{"embeddable":true,"href":"https:\/\/serr.disabilityrightsca.org\/sp\/wp-json\/wp\/v2\/users\/1"}],"replies":[{"embeddable":true,"href":"https:\/\/serr.disabilityrightsca.org\/sp\/wp-json\/wp\/v2\/comments?post=2770"}],"version-history":[{"count":2,"href":"https:\/\/serr.disabilityrightsca.org\/sp\/wp-json\/wp\/v2\/pages\/2770\/revisions"}],"predecessor-version":[{"id":3865,"href":"https:\/\/serr.disabilityrightsca.org\/sp\/wp-json\/wp\/v2\/pages\/2770\/revisions\/3865"}],"up":[{"embeddable":true,"href":"https:\/\/serr.disabilityrightsca.org\/sp\/wp-json\/wp\/v2\/pages\/352"}],"wp:attachment":[{"href":"https:\/\/serr.disabilityrightsca.org\/sp\/wp-json\/wp\/v2\/media?parent=2770"}],"curies":[{"name":"wp","href":"https:\/\/api.w.org\/{rel}","templated":true}]}}