{"id":2775,"date":"2019-12-30T13:21:23","date_gmt":"2019-12-30T21:21:23","guid":{"rendered":"https:\/\/serr.disabilityrightsca.org\/?page_id=2775"},"modified":"2020-07-15T13:09:48","modified_gmt":"2020-07-15T20:09:48","slug":"11-7-mi-hijo-tiene-una-discapacidad-y-su-lengua-materna-no-es-ingles-que-se-debe-hacer-si-es-que-se-puede-hacer-algo-para-acomodar-las-necesidades-linguisticas-de-mi-hijo-en-la-evaluacion-c","status":"publish","type":"page","link":"https:\/\/serr.disabilityrightsca.org\/sp\/serr-manual\/capitulo-11-informacion-sobre-las-evaluaciones-estatales-y-los-requisitos-para-la-graduacion\/11-7-mi-hijo-tiene-una-discapacidad-y-su-lengua-materna-no-es-ingles-que-se-debe-hacer-si-es-que-se-puede-hacer-algo-para-acomodar-las-necesidades-linguisticas-de-mi-hijo-en-la-evaluacion-c\/","title":{"rendered":"(11.7) Mi hijo tiene una discapacidad y su lengua materna no es ingl\u00e9s. \u00bfQu\u00e9 se debe hacer, si es que se puede hacer algo, para acomodar las necesidades ling\u00fc\u00edsticas de mi hijo en la evaluaci\u00f3n CAASPP?"},"content":{"rendered":"\n<p>Los distritos escolares pueden brindar, pero no est\u00e1n obligados a\nhacerlo, una prueba de la evaluaci\u00f3n CAASPP en la \u201clengua materna\u201d siempre y\ncuando concuerde con los est\u00e1ndares de contenido de lengua y literatura\ninglesa. [Cal. Educ. Code Sec. 60640(b)(5)&amp;(j); 5 C.C.R. Sec.\n850(t)(w)&amp;(ab) and 851(a)].<\/p>\n\n\n\n<p>Una prueba de logros en espa\u00f1ol llamada Pruebas Basadas en los\nEst\u00e1ndares en Espa\u00f1ol (Standards-based Tests in Spanish, STS) es la evaluaci\u00f3n\nen la lengua materna en California y est\u00e1 disponible en los distritos escolares\npara el sistema CAASPP si deciden ofrecer una evaluaci\u00f3n en la lengua materna\ncomo parte de dicho sistema. [5 C.C.R. Sec. 850(t)&amp;(ab)]. En esos distritos\nescolares que ofrecen la STS, los alumnos elegibles son aquellos de segundo a\nund\u00e9cimo grado cuya lengua materna es el espa\u00f1ol y que reciben ense\u00f1anza en\ndicho idioma o que est\u00e1n inscritos en programas de inmersi\u00f3n dual de idiomas\nque incluyen el espa\u00f1ol, o que son aprendices de ingl\u00e9s (EL) recientemente\nllegados y cuya lengua materna es el espa\u00f1ol. [5 C.C.R. Sec. 851.5(g)]. Un\naprendiz de ingl\u00e9s recientemente llegado es una persona designada aprendiz de\ningl\u00e9s que se encuentra en sus primeros 12 meses de asistencia a una escuela\np\u00fablica en los Estados Unidos a partir del 15 de abril del \u00faltimo a\u00f1o escolar o\ndespu\u00e9s. [5 C.C.R. Sec. 851.5(w)].<\/p>\n\n\n\n<p>La ley de California tambi\u00e9n dispone el uso de las herramientas\nuniversales, los apoyos designados y las adaptaciones incorporados y no\nincorporados para el uso de los alumnos cuando realizan la STS. [5 C.C.R. Sec.\n854.4]. Consulte la pregunta 3 m\u00e1s arriba para leer un an\u00e1lisis exhaustivo de\nqu\u00e9 son las herramientas universales, los apoyos designados y las adaptaciones\nincorporados y no incorporados, qui\u00e9nes tienen derecho a ellos y cu\u00e1les son los\nrequisitos para su uso. <\/p>\n","protected":false},"excerpt":{"rendered":"<p>Los distritos escolares pueden brindar, pero no est\u00e1n obligados a hacerlo, una prueba de la evaluaci\u00f3n CAASPP en la \u201clengua materna\u201d siempre y cuando concuerde&hellip;<\/p>\n","protected":false},"author":1,"featured_media":0,"parent":352,"menu_order":7,"comment_status":"closed","ping_status":"closed","template":"","meta":{"footnotes":""},"class_list":["post-2775","page","type-page","status-publish","hentry"],"_links":{"self":[{"href":"https:\/\/serr.disabilityrightsca.org\/sp\/wp-json\/wp\/v2\/pages\/2775","targetHints":{"allow":["GET"]}}],"collection":[{"href":"https:\/\/serr.disabilityrightsca.org\/sp\/wp-json\/wp\/v2\/pages"}],"about":[{"href":"https:\/\/serr.disabilityrightsca.org\/sp\/wp-json\/wp\/v2\/types\/page"}],"author":[{"embeddable":true,"href":"https:\/\/serr.disabilityrightsca.org\/sp\/wp-json\/wp\/v2\/users\/1"}],"replies":[{"embeddable":true,"href":"https:\/\/serr.disabilityrightsca.org\/sp\/wp-json\/wp\/v2\/comments?post=2775"}],"version-history":[{"count":2,"href":"https:\/\/serr.disabilityrightsca.org\/sp\/wp-json\/wp\/v2\/pages\/2775\/revisions"}],"predecessor-version":[{"id":3867,"href":"https:\/\/serr.disabilityrightsca.org\/sp\/wp-json\/wp\/v2\/pages\/2775\/revisions\/3867"}],"up":[{"embeddable":true,"href":"https:\/\/serr.disabilityrightsca.org\/sp\/wp-json\/wp\/v2\/pages\/352"}],"wp:attachment":[{"href":"https:\/\/serr.disabilityrightsca.org\/sp\/wp-json\/wp\/v2\/media?parent=2775"}],"curies":[{"name":"wp","href":"https:\/\/api.w.org\/{rel}","templated":true}]}}