{"id":2779,"date":"2019-12-30T13:37:12","date_gmt":"2019-12-30T21:37:12","guid":{"rendered":"https:\/\/serr.disabilityrightsca.org\/?page_id=2779"},"modified":"2020-07-15T14:20:24","modified_gmt":"2020-07-15T21:20:24","slug":"11-9-el-requisito-de-algebra-i-tambien-se-aplica-a-los-alumnos-con-discapacidades","status":"publish","type":"page","link":"https:\/\/serr.disabilityrightsca.org\/sp\/serr-manual\/capitulo-11-informacion-sobre-las-evaluaciones-estatales-y-los-requisitos-para-la-graduacion\/11-9-el-requisito-de-algebra-i-tambien-se-aplica-a-los-alumnos-con-discapacidades\/","title":{"rendered":"(11.9) \u00bfEl requisito de \u00e1lgebra I tambi\u00e9n se aplica a los alumnos con discapacidades?"},"content":{"rendered":"\n<p>S\u00ed. Sin embargo, los alumnos con discapacidades que han cursado y no han aprobado \u00e1lgebra\u00a0I, incluso con los servicios de apoyo y las adaptaciones necesarios y adecuados, deben considerar pedirle al distrito escolar que solicite una exenci\u00f3n de este requisito al Consejo de Educaci\u00f3n del Estado (State Board of Education) con el prop\u00f3sito de recibir el diploma. [Cal. Educ. Code Sec. 56101]. No siempre se otorgan las exenciones, pero el proceso de exenci\u00f3n es la \u00fanica manera de que un alumno con una discapacidad, que no puede aprobar \u00e1lgebra\u00a0I, o cualquier otro curso o requisito para la graduaci\u00f3n, pueda recibir el diploma.<\/p>\n","protected":false},"excerpt":{"rendered":"<p>S\u00ed. Sin embargo, los alumnos con discapacidades que han cursado y no han aprobado \u00e1lgebra\u00a0I, incluso con los servicios de apoyo y las adaptaciones necesarios&hellip;<\/p>\n","protected":false},"author":1,"featured_media":0,"parent":352,"menu_order":9,"comment_status":"closed","ping_status":"closed","template":"","meta":{"footnotes":""},"class_list":["post-2779","page","type-page","status-publish","hentry"],"_links":{"self":[{"href":"https:\/\/serr.disabilityrightsca.org\/sp\/wp-json\/wp\/v2\/pages\/2779","targetHints":{"allow":["GET"]}}],"collection":[{"href":"https:\/\/serr.disabilityrightsca.org\/sp\/wp-json\/wp\/v2\/pages"}],"about":[{"href":"https:\/\/serr.disabilityrightsca.org\/sp\/wp-json\/wp\/v2\/types\/page"}],"author":[{"embeddable":true,"href":"https:\/\/serr.disabilityrightsca.org\/sp\/wp-json\/wp\/v2\/users\/1"}],"replies":[{"embeddable":true,"href":"https:\/\/serr.disabilityrightsca.org\/sp\/wp-json\/wp\/v2\/comments?post=2779"}],"version-history":[{"count":3,"href":"https:\/\/serr.disabilityrightsca.org\/sp\/wp-json\/wp\/v2\/pages\/2779\/revisions"}],"predecessor-version":[{"id":3869,"href":"https:\/\/serr.disabilityrightsca.org\/sp\/wp-json\/wp\/v2\/pages\/2779\/revisions\/3869"}],"up":[{"embeddable":true,"href":"https:\/\/serr.disabilityrightsca.org\/sp\/wp-json\/wp\/v2\/pages\/352"}],"wp:attachment":[{"href":"https:\/\/serr.disabilityrightsca.org\/sp\/wp-json\/wp\/v2\/media?parent=2779"}],"curies":[{"name":"wp","href":"https:\/\/api.w.org\/{rel}","templated":true}]}}