{"id":2781,"date":"2019-12-30T13:48:10","date_gmt":"2019-12-30T21:48:10","guid":{"rendered":"https:\/\/serr.disabilityrightsca.org\/?page_id=2781"},"modified":"2020-07-15T14:23:00","modified_gmt":"2020-07-15T21:23:00","slug":"11-10-existe-una-alternativa-para-que-los-alumnos-completen-el-programa-de-estudios-obligatorio-que-se-necesita-para-el-diploma","status":"publish","type":"page","link":"https:\/\/serr.disabilityrightsca.org\/sp\/serr-manual\/capitulo-11-informacion-sobre-las-evaluaciones-estatales-y-los-requisitos-para-la-graduacion\/11-10-existe-una-alternativa-para-que-los-alumnos-completen-el-programa-de-estudios-obligatorio-que-se-necesita-para-el-diploma\/","title":{"rendered":"(11.10) \u00bfExiste una alternativa para que los alumnos completen el programa de estudios obligatorio que se necesita para el diploma?"},"content":{"rendered":"\n<p>La ley permite alternativas para que los alumnos completen el programa\nde estudios obligatorio. La ley estatal exige que el consejo directivo de cada\ndistrito escolar adopte medios alternativos para que los alumnos completen el\nprograma de estudios obligatorio. La pol\u00edtica o el plan debe desarrollarse con\nla participaci\u00f3n activa de los padres, administradores, maestros y alumnos.\n[Cal. Ed. Code Sec. 51225.3(b)]. Estos medios alternativos pueden incluir los\nsiguientes:<\/p>\n\n\n\n<p>(1) Demostraci\u00f3n pr\u00e1ctica de las habilidades y competencias. <\/p>\n\n\n\n<p>(2) Experiencia de trabajo supervisado u otra experiencia fuera de la\nescuela. <\/p>\n\n\n\n<p>(3) Clases de educaci\u00f3n t\u00e9cnica profesional que se ofrecen en escuelas\nsecundarias. <\/p>\n\n\n\n<p>(4) Cursos ofrecidos por centros o programas ocupacionales regionales. <\/p>\n\n\n\n<p>(5) Estudio interdisciplinario. <\/p>\n\n\n\n<p>(6) Estudio independiente. <\/p>\n\n\n\n<p>(7) Cr\u00e9dito obtenido en una instituci\u00f3n de educaci\u00f3n superior. <\/p>\n\n\n\n<p>Cualquier medio o modo alternativo necesario para que los alumnos de\ns\u00e9ptimo a duod\u00e9cimo grado completen el programa de estudios obligatorio del distrito\nescolar debe incluirse en el IEP del alumno. [Cal. Ed. Code Sec. 56345(b)(1)].<\/p>\n\n\n\n<p>Los requisitos para la graduaci\u00f3n y los modos alternativos especificados\npara completar el programa de estudios obligatorio deben estar disponibles para\nlos alumnos, los padres y el p\u00fablico. [Cal Ed. Code Sec.51225.3(b)]. La ley\nestablece, adem\u00e1s, que el superintendente del estado debe convocar a un panel\nasesor para que brinde recomendaciones sobre itinerarios educativos\nalternativos para cumplir el requisito de cursos del estado para la graduaci\u00f3n\nde la escuela secundaria. [Cal. Ed. Code Sec. 60640(c)(6)]. Consulte la\npregunta 9 m\u00e1s arriba. <\/p>\n","protected":false},"excerpt":{"rendered":"<p>La ley permite alternativas para que los alumnos completen el programa de estudios obligatorio. La ley estatal exige que el consejo directivo de cada distrito&hellip;<\/p>\n","protected":false},"author":1,"featured_media":0,"parent":352,"menu_order":10,"comment_status":"closed","ping_status":"closed","template":"","meta":{"footnotes":""},"class_list":["post-2781","page","type-page","status-publish","hentry"],"_links":{"self":[{"href":"https:\/\/serr.disabilityrightsca.org\/sp\/wp-json\/wp\/v2\/pages\/2781","targetHints":{"allow":["GET"]}}],"collection":[{"href":"https:\/\/serr.disabilityrightsca.org\/sp\/wp-json\/wp\/v2\/pages"}],"about":[{"href":"https:\/\/serr.disabilityrightsca.org\/sp\/wp-json\/wp\/v2\/types\/page"}],"author":[{"embeddable":true,"href":"https:\/\/serr.disabilityrightsca.org\/sp\/wp-json\/wp\/v2\/users\/1"}],"replies":[{"embeddable":true,"href":"https:\/\/serr.disabilityrightsca.org\/sp\/wp-json\/wp\/v2\/comments?post=2781"}],"version-history":[{"count":2,"href":"https:\/\/serr.disabilityrightsca.org\/sp\/wp-json\/wp\/v2\/pages\/2781\/revisions"}],"predecessor-version":[{"id":3871,"href":"https:\/\/serr.disabilityrightsca.org\/sp\/wp-json\/wp\/v2\/pages\/2781\/revisions\/3871"}],"up":[{"embeddable":true,"href":"https:\/\/serr.disabilityrightsca.org\/sp\/wp-json\/wp\/v2\/pages\/352"}],"wp:attachment":[{"href":"https:\/\/serr.disabilityrightsca.org\/sp\/wp-json\/wp\/v2\/media?parent=2781"}],"curies":[{"name":"wp","href":"https:\/\/api.w.org\/{rel}","templated":true}]}}