{"id":2783,"date":"2019-12-30T14:00:28","date_gmt":"2019-12-30T22:00:28","guid":{"rendered":"https:\/\/serr.disabilityrightsca.org\/?page_id=2783"},"modified":"2020-07-15T14:24:00","modified_gmt":"2020-07-15T21:24:00","slug":"11-11-si-mi-hijo-cumple-con-los-requisitos-para-la-graduacion-y-recibe-un-diploma-normal-se-termina-la-elegibilidad-para-la-educacion-especial","status":"publish","type":"page","link":"https:\/\/serr.disabilityrightsca.org\/sp\/serr-manual\/capitulo-11-informacion-sobre-las-evaluaciones-estatales-y-los-requisitos-para-la-graduacion\/11-11-si-mi-hijo-cumple-con-los-requisitos-para-la-graduacion-y-recibe-un-diploma-normal-se-termina-la-elegibilidad-para-la-educacion-especial\/","title":{"rendered":"(11.11) Si mi hijo cumple con los requisitos para la graduaci\u00f3n y recibe un diploma normal, \u00bfse termina la elegibilidad para la educaci\u00f3n especial?"},"content":{"rendered":"\n<p>S\u00ed. La graduaci\u00f3n con un diploma normal de la escuela secundaria har\u00e1\nque su hijo ya no re\u00fana los requisitos para los servicios de educaci\u00f3n\nespecial. [Cal. Ed. Code Sec. 56026,1(a); 34 C.F.R. Sec. 300.102(a)(3)(i)].<\/p>\n\n\n\n<p>La graduaci\u00f3n con un diploma normal es un \u201ccambio de colocaci\u00f3n\u201d para\nlos alumnos de educaci\u00f3n especial. [34 C.F.R. Sec. 300.102(a)(3)(iii); Cal. Ed.\nCode Secs. 56500.5]. Un \u201ccambio de colocaci\u00f3n\u201d es un hecho legalmente\nsignificativo para un alumno de educaci\u00f3n especial, y es necesario que el\ndistrito env\u00ede una notificaci\u00f3n previa por escrito a los alumnos y padres\n(dentro de un plazo razonable antes de que suceda este cambio). [34 C.F.R. Sec.\n300.503(a)(1); Cal. Ed. Code Sec. 56500.4(a)]. La notificaci\u00f3n previa por\nescrito debe incluir lo siguiente: una descripci\u00f3n de la intenci\u00f3n del\ndistrito; una explicaci\u00f3n de los motivos de esta medida; una descripci\u00f3n de\ntodas las alternativas que el distrito haya considerado y por qu\u00e9 se\ndescartaron; una descripci\u00f3n de los informes, las pruebas y los procedimientos\nsobre los que se basa la medida; informaci\u00f3n sobre los derechos y las fuentes\nde asistencia para la defensa de los alumnos y los padres. [34 C.F.R. Secs.\n300.102(a)(3)(iii) &amp; 300.503(b); Cal. Ed. Code Sec. 56500.4(b)]. Sin esta\nnotificaci\u00f3n obligatoria, la propuesta del distrito para la graduaci\u00f3n de su\nhijo puede ser inapropiada. [Union School District v. Smith, 15 F.3d 1519 (9th\nCir. 1994)]. Sin embargo, no se necesita ninguna nueva evaluaci\u00f3n de su hijo\nantes de que se le entregue el diploma normal de la escuela secundaria. [34\nC.F.R. Sec. 300.305(e)(2); Cal. Ed. Code Sec. 56381(i)(1)].<\/p>\n\n\n\n<p>Antes de que un alumno que recibe educaci\u00f3n especial se grad\u00fae y obtenga\nun diploma o alcance la edad m\u00e1xima de 22 a\u00f1os para la elegibilidad para recibir\neducaci\u00f3n especial, el distrito escolar debe brindarle al alumno un resumen de\nsus logros acad\u00e9micos y rendimiento funcional, lo que incluye recomendaciones\nsobre c\u00f3mo asistir al alumno para que alcance sus objetivos de educaci\u00f3n\nsuperior. [Cal. Ed. Code Secs. 56026(c)(4) &amp; 56381(i)(2)].<\/p>\n\n\n\n<p>Si no est\u00e1 de acuerdo con la determinaci\u00f3n del equipo del IEP sobre la\ngraduaci\u00f3n de su hijo, puede presentar una solicitud de debido proceso. <\/p>\n","protected":false},"excerpt":{"rendered":"<p>S\u00ed. La graduaci\u00f3n con un diploma normal de la escuela secundaria har\u00e1 que su hijo ya no re\u00fana los requisitos para los servicios de educaci\u00f3n&hellip;<\/p>\n","protected":false},"author":1,"featured_media":0,"parent":352,"menu_order":11,"comment_status":"closed","ping_status":"closed","template":"","meta":{"footnotes":""},"class_list":["post-2783","page","type-page","status-publish","hentry"],"_links":{"self":[{"href":"https:\/\/serr.disabilityrightsca.org\/sp\/wp-json\/wp\/v2\/pages\/2783","targetHints":{"allow":["GET"]}}],"collection":[{"href":"https:\/\/serr.disabilityrightsca.org\/sp\/wp-json\/wp\/v2\/pages"}],"about":[{"href":"https:\/\/serr.disabilityrightsca.org\/sp\/wp-json\/wp\/v2\/types\/page"}],"author":[{"embeddable":true,"href":"https:\/\/serr.disabilityrightsca.org\/sp\/wp-json\/wp\/v2\/users\/1"}],"replies":[{"embeddable":true,"href":"https:\/\/serr.disabilityrightsca.org\/sp\/wp-json\/wp\/v2\/comments?post=2783"}],"version-history":[{"count":2,"href":"https:\/\/serr.disabilityrightsca.org\/sp\/wp-json\/wp\/v2\/pages\/2783\/revisions"}],"predecessor-version":[{"id":3872,"href":"https:\/\/serr.disabilityrightsca.org\/sp\/wp-json\/wp\/v2\/pages\/2783\/revisions\/3872"}],"up":[{"embeddable":true,"href":"https:\/\/serr.disabilityrightsca.org\/sp\/wp-json\/wp\/v2\/pages\/352"}],"wp:attachment":[{"href":"https:\/\/serr.disabilityrightsca.org\/sp\/wp-json\/wp\/v2\/media?parent=2783"}],"curies":[{"name":"wp","href":"https:\/\/api.w.org\/{rel}","templated":true}]}}