{"id":2787,"date":"2019-12-30T14:15:11","date_gmt":"2019-12-30T22:15:11","guid":{"rendered":"https:\/\/serr.disabilityrightsca.org\/?page_id=2787"},"modified":"2020-07-15T14:25:49","modified_gmt":"2020-07-15T21:25:49","slug":"11-13-cuando-mi-hijo-cumpla-18-anos-empezara-a-tomar-decisiones-en-cuanto-al-iep-o-continuare-siendo-yo-quien-decide-sobre-las-cuestiones-educativas","status":"publish","type":"page","link":"https:\/\/serr.disabilityrightsca.org\/sp\/serr-manual\/capitulo-11-informacion-sobre-las-evaluaciones-estatales-y-los-requisitos-para-la-graduacion\/11-13-cuando-mi-hijo-cumpla-18-anos-empezara-a-tomar-decisiones-en-cuanto-al-iep-o-continuare-siendo-yo-quien-decide-sobre-las-cuestiones-educativas\/","title":{"rendered":"(11.13) Cuando mi hijo cumpla 18 a\u00f1os, \u00bfempezar\u00e1 a tomar decisiones en cuanto al IEP o continuar\u00e9 siendo yo quien decide sobre las cuestiones educativas?"},"content":{"rendered":"\n<p>A los 18 a\u00f1os, la autoridad sobre la toma de decisiones educativas se\ntransfiere de los padres al alumno, a menos que se lo haya declarado incompetente\nseg\u00fan la ley de California. El distrito escolar debe notificarles tanto a usted\ncomo a su hijo sobre la transferencia de los derechos y debe proporcionar una\nnotificaci\u00f3n de las garant\u00edas procesales a m\u00e1s tardar un a\u00f1o antes de que su\nhijo cumpla 18. [34 C.F. R. Sec. 300.520; Cal. Ed. Code Secs. 56041.5 &amp;\n56043(g)(3)]. Si un tribunal ha declarado incompetente al alumno y se ha\ndesignado como curador al padre o a la madre, estos pueden continuar tomando\nlas decisiones educativas por su hijo. Sin embargo, si el tribunal no lo ha\ndeclarado incompetente, tiene la capacidad legal para tomar decisiones\neducativas. El alumno tiene la opci\u00f3n de tomar estas decisiones por su cuenta o\npuede incluir a los padres en el proceso de toma de decisiones del IEP. Tambi\u00e9n\npuede ceder la autoridad de toma de decisiones educativas a los padres si as\u00ed\nlo elige. Consulte el formulario de otorgamiento de la autoridad para tomar\ndecisiones educativas (secci\u00f3n de ap\u00e9ndices, ap\u00e9ndice P). <\/p>\n\n\n\n<p>Incluso si un tribunal a\u00fan no ha declarado al alumno incompetente, el\ndistrito escolar podr\u00eda adoptar la postura de que un alumno es legalmente\nincompetente para tomar sus propias decisiones \u2014incluida la decisi\u00f3n de ceder\nsus derechos de toma de decisiones educativas a los padres\u2014 y, por lo tanto, necesita\ntener un \u201ccurador\u201d designado por el tribunal para que tome decisiones en su\nnombre. Sin embargo, la decisi\u00f3n sobre si un adulto debe tener un curador es\ndel tribunal, no del distrito. Es recomendable que consulte a un abogado sobre\nlos beneficios y las desventajas de solicitar una tutela limitada o completa\nante el tribunal superior.<\/p>\n","protected":false},"excerpt":{"rendered":"<p>A los 18 a\u00f1os, la autoridad sobre la toma de decisiones educativas se transfiere de los padres al alumno, a menos que se lo haya&hellip;<\/p>\n","protected":false},"author":1,"featured_media":0,"parent":352,"menu_order":13,"comment_status":"closed","ping_status":"closed","template":"","meta":{"footnotes":""},"class_list":["post-2787","page","type-page","status-publish","hentry"],"_links":{"self":[{"href":"https:\/\/serr.disabilityrightsca.org\/sp\/wp-json\/wp\/v2\/pages\/2787","targetHints":{"allow":["GET"]}}],"collection":[{"href":"https:\/\/serr.disabilityrightsca.org\/sp\/wp-json\/wp\/v2\/pages"}],"about":[{"href":"https:\/\/serr.disabilityrightsca.org\/sp\/wp-json\/wp\/v2\/types\/page"}],"author":[{"embeddable":true,"href":"https:\/\/serr.disabilityrightsca.org\/sp\/wp-json\/wp\/v2\/users\/1"}],"replies":[{"embeddable":true,"href":"https:\/\/serr.disabilityrightsca.org\/sp\/wp-json\/wp\/v2\/comments?post=2787"}],"version-history":[{"count":3,"href":"https:\/\/serr.disabilityrightsca.org\/sp\/wp-json\/wp\/v2\/pages\/2787\/revisions"}],"predecessor-version":[{"id":3874,"href":"https:\/\/serr.disabilityrightsca.org\/sp\/wp-json\/wp\/v2\/pages\/2787\/revisions\/3874"}],"up":[{"embeddable":true,"href":"https:\/\/serr.disabilityrightsca.org\/sp\/wp-json\/wp\/v2\/pages\/352"}],"wp:attachment":[{"href":"https:\/\/serr.disabilityrightsca.org\/sp\/wp-json\/wp\/v2\/media?parent=2787"}],"curies":[{"name":"wp","href":"https:\/\/api.w.org\/{rel}","templated":true}]}}