{"id":2789,"date":"2019-12-30T14:18:23","date_gmt":"2019-12-30T22:18:23","guid":{"rendered":"https:\/\/serr.disabilityrightsca.org\/?page_id=2789"},"modified":"2020-07-15T14:32:36","modified_gmt":"2020-07-15T21:32:36","slug":"11-14-si-mi-hijo-no-recibe-un-diploma-normal-pero-recibira-un-certificado-de-logros-o-de-finalizacion-continua-siendo-elegible-para-recibir-educacion-especial","status":"publish","type":"page","link":"https:\/\/serr.disabilityrightsca.org\/sp\/serr-manual\/capitulo-11-informacion-sobre-las-evaluaciones-estatales-y-los-requisitos-para-la-graduacion\/11-14-si-mi-hijo-no-recibe-un-diploma-normal-pero-recibira-un-certificado-de-logros-o-de-finalizacion-continua-siendo-elegible-para-recibir-educacion-especial\/","title":{"rendered":"(11.14) Si mi hijo no recibe un diploma normal, pero recibir\u00e1 un certificado de logros o de finalizaci\u00f3n, \u00bfcontin\u00faa siendo elegible para recibir educaci\u00f3n especial?"},"content":{"rendered":"\n<p>Su hijo es elegible para recibir los servicios de educaci\u00f3n especial\nhasta el a\u00f1o acad\u00e9mico en el que cumpla 22 a\u00f1os, a menos que cumpla con los\nrequisitos para la graduaci\u00f3n antes de ese momento. [34 C.F.R. Sec.\n300.102(a)(3)(ii); Cal. Ed. Code Secs. 56026(c)(4) &amp; 56026.1(b)&amp;(c)].\nSi su hijo no se grad\u00faa, puede recibir un \u201ccertificado de logros\u201d (tambi\u00e9n\nllamado \u201ccertificado de finalizaci\u00f3n\u201d) al final del \u00faltimo a\u00f1o t\u00edpico o en\ncualquier momento antes de la salida del distrito escolar a los 22 a\u00f1os. El\ncertificado proporciona un reconocimiento de logros a los alumnos que cumplen\ncon los objetivos de su IEP o que terminan el programa de estudios alternativo\nobligatorio, pero que no recibir\u00e1n un diploma normal. El certificado tambi\u00e9n se\ncre\u00f3 para superar las objeciones de los funcionarios del distrito que creen que\nlos alumnos de educaci\u00f3n especial no deben participar de las ceremonias de\ngraduaci\u00f3n con sus compa\u00f1eros de la misma edad cuando no se les entrega un\ndiploma normal. Dado que el certificado no le pone fin a la elegibilidad, el\nalumno que lo recibe puede continuar estudiando para recibir el diploma normal.\n[Cal. Ed. Code Secs. 56390 &amp; 56392]. \n\nAdem\u00e1s, el distrito debe continuar brind\u00e1ndole a su hijo los servicios\nde transici\u00f3n necesarios. [Cal. Ed. Code Sec. 56345(a)(8)]. El equipo del IEP\ndebe analizar c\u00f3mo se abordar\u00e1n los objetivos de transici\u00f3n de su hijo antes de\nque se terminen todos los servicios del distrito. Los resultados\/objetivos y\nservicios de transici\u00f3n deben incluirse en el IEP de su hijo\n\n\n\n<\/p>\n","protected":false},"excerpt":{"rendered":"<p>Su hijo es elegible para recibir los servicios de educaci\u00f3n especial hasta el a\u00f1o acad\u00e9mico en el que cumpla 22 a\u00f1os, a menos que cumpla&hellip;<\/p>\n","protected":false},"author":1,"featured_media":0,"parent":352,"menu_order":14,"comment_status":"closed","ping_status":"closed","template":"","meta":{"footnotes":""},"class_list":["post-2789","page","type-page","status-publish","hentry"],"_links":{"self":[{"href":"https:\/\/serr.disabilityrightsca.org\/sp\/wp-json\/wp\/v2\/pages\/2789","targetHints":{"allow":["GET"]}}],"collection":[{"href":"https:\/\/serr.disabilityrightsca.org\/sp\/wp-json\/wp\/v2\/pages"}],"about":[{"href":"https:\/\/serr.disabilityrightsca.org\/sp\/wp-json\/wp\/v2\/types\/page"}],"author":[{"embeddable":true,"href":"https:\/\/serr.disabilityrightsca.org\/sp\/wp-json\/wp\/v2\/users\/1"}],"replies":[{"embeddable":true,"href":"https:\/\/serr.disabilityrightsca.org\/sp\/wp-json\/wp\/v2\/comments?post=2789"}],"version-history":[{"count":2,"href":"https:\/\/serr.disabilityrightsca.org\/sp\/wp-json\/wp\/v2\/pages\/2789\/revisions"}],"predecessor-version":[{"id":3876,"href":"https:\/\/serr.disabilityrightsca.org\/sp\/wp-json\/wp\/v2\/pages\/2789\/revisions\/3876"}],"up":[{"embeddable":true,"href":"https:\/\/serr.disabilityrightsca.org\/sp\/wp-json\/wp\/v2\/pages\/352"}],"wp:attachment":[{"href":"https:\/\/serr.disabilityrightsca.org\/sp\/wp-json\/wp\/v2\/media?parent=2789"}],"curies":[{"name":"wp","href":"https:\/\/api.w.org\/{rel}","templated":true}]}}