{"id":2791,"date":"2019-12-30T14:19:19","date_gmt":"2019-12-30T22:19:19","guid":{"rendered":"https:\/\/serr.disabilityrightsca.org\/?page_id=2791"},"modified":"2020-07-15T14:35:10","modified_gmt":"2020-07-15T21:35:10","slug":"11-15-si-mi-hijo-recibe-un-certificado-de-logros-o-de-finalizacion-puede-participar-de-la-ceremonia-de-graduacion-y-las-actividades-relacionadas","status":"publish","type":"page","link":"https:\/\/serr.disabilityrightsca.org\/sp\/serr-manual\/capitulo-11-informacion-sobre-las-evaluaciones-estatales-y-los-requisitos-para-la-graduacion\/11-15-si-mi-hijo-recibe-un-certificado-de-logros-o-de-finalizacion-puede-participar-de-la-ceremonia-de-graduacion-y-las-actividades-relacionadas\/","title":{"rendered":"(11.15) Si mi hijo recibe un certificado de logros o de finalizaci\u00f3n, \u00bfpuede participar de la ceremonia de graduaci\u00f3n y las actividades relacionadas?"},"content":{"rendered":"\n<p>Seg\u00fan la ley estatal, un alumno que recibe un certificado de logros o de finalizaci\u00f3n tiene el derecho de participar en las ceremonias de graduaci\u00f3n y en cualquier actividad escolar relacionada con la graduaci\u00f3n. [Cal. Ed. Code Sec. 56391]. Los distritos pueden entregar, aunque no es una obligaci\u00f3n, un certificado de logros o de finalizaci\u00f3n. [Cal. Ed. Code Sec. 56390]. Sin embargo, si en el IEP de su hijo se especifica la participaci\u00f3n en las actividades relacionadas con la graduaci\u00f3n (como parte de su participaci\u00f3n en las actividades integradas en la escuela), el distrito debe implementar el IEP y permitir que participe en las actividades de graduaci\u00f3n ya sea que reciba o no reciba un certificado de logros o de finalizaci\u00f3n. Debe abordar esta participaci\u00f3n en el IEP y comenzar a analizar la transici\u00f3n a los 16 a\u00f1os o antes. Esto asegurar\u00e1 que haya tiempo suficiente para tomar las medidas necesarias a fin de resolver desacuerdos antes de la ceremonia de graduaci\u00f3n. <\/p>\n","protected":false},"excerpt":{"rendered":"<p>Seg\u00fan la ley estatal, un alumno que recibe un certificado de logros o de finalizaci\u00f3n tiene el derecho de participar en las ceremonias de graduaci\u00f3n&hellip;<\/p>\n","protected":false},"author":1,"featured_media":0,"parent":352,"menu_order":15,"comment_status":"closed","ping_status":"closed","template":"","meta":{"footnotes":""},"class_list":["post-2791","page","type-page","status-publish","hentry"],"_links":{"self":[{"href":"https:\/\/serr.disabilityrightsca.org\/sp\/wp-json\/wp\/v2\/pages\/2791","targetHints":{"allow":["GET"]}}],"collection":[{"href":"https:\/\/serr.disabilityrightsca.org\/sp\/wp-json\/wp\/v2\/pages"}],"about":[{"href":"https:\/\/serr.disabilityrightsca.org\/sp\/wp-json\/wp\/v2\/types\/page"}],"author":[{"embeddable":true,"href":"https:\/\/serr.disabilityrightsca.org\/sp\/wp-json\/wp\/v2\/users\/1"}],"replies":[{"embeddable":true,"href":"https:\/\/serr.disabilityrightsca.org\/sp\/wp-json\/wp\/v2\/comments?post=2791"}],"version-history":[{"count":3,"href":"https:\/\/serr.disabilityrightsca.org\/sp\/wp-json\/wp\/v2\/pages\/2791\/revisions"}],"predecessor-version":[{"id":3877,"href":"https:\/\/serr.disabilityrightsca.org\/sp\/wp-json\/wp\/v2\/pages\/2791\/revisions\/3877"}],"up":[{"embeddable":true,"href":"https:\/\/serr.disabilityrightsca.org\/sp\/wp-json\/wp\/v2\/pages\/352"}],"wp:attachment":[{"href":"https:\/\/serr.disabilityrightsca.org\/sp\/wp-json\/wp\/v2\/media?parent=2791"}],"curies":[{"name":"wp","href":"https:\/\/api.w.org\/{rel}","templated":true}]}}