{"id":2793,"date":"2019-12-30T14:20:30","date_gmt":"2019-12-30T22:20:30","guid":{"rendered":"https:\/\/serr.disabilityrightsca.org\/?page_id=2793"},"modified":"2020-08-18T13:21:22","modified_gmt":"2020-08-18T20:21:22","slug":"11-16-si-el-distrito-escolar-y-yo-no-estamos-de-acuerdo-en-si-mi-hijo-esta-listo-para-graduarse-con-un-diploma-normal-puedo-objetar-la-decision-del-distrito","status":"publish","type":"page","link":"https:\/\/serr.disabilityrightsca.org\/sp\/serr-manual\/capitulo-11-informacion-sobre-las-evaluaciones-estatales-y-los-requisitos-para-la-graduacion\/11-16-si-el-distrito-escolar-y-yo-no-estamos-de-acuerdo-en-si-mi-hijo-esta-listo-para-graduarse-con-un-diploma-normal-puedo-objetar-la-decision-del-distrito\/","title":{"rendered":"(11.16) Si el distrito escolar y yo no estamos de acuerdo en si mi hijo est\u00e1 listo para graduarse con un diploma normal, \u00bfpuedo objetar la decisi\u00f3n del distrito?"},"content":{"rendered":"\n<p>Dado que la graduaci\u00f3n con entrega de un diploma normal es un cambio de\ncolocaci\u00f3n que pondr\u00e1 fin a la elegibilidad de su hijo para recibir educaci\u00f3n\nespecial, el distrito escolar debe enviarle una notificaci\u00f3n previa por escrito\nde su intenci\u00f3n de graduar a su hijo. Si no est\u00e1 de acuerdo con la decisi\u00f3n del\ndistrito y cree que este graduar\u00e1 a su hijo antes de tiempo, la notificaci\u00f3n\nprevia por escrito debe darle el suficiente tiempo para objetar esa decisi\u00f3n\nmediante un procedimiento de audiencia de debido proceso. Los cambios de\ncolocaci\u00f3n propuestos son una de las cuestiones que los padres y alumnos pueden\nabordar en los procedimientos de audiencia de debido proceso. [Cal. Ed. Code\nSec. 56501(a)(1)]. Consulte la pregunta 12 m\u00e1s arriba. <\/p>\n\n\n\n<p>Si presenta una solicitud de debido proceso para objetar la graduaci\u00f3n, rige la disposici\u00f3n de \u201cno innovar\u201d, y el distrito debe mantener la colocaci\u00f3n de su hijo e implementar el IEP durante los procedimientos de debido proceso. [20 United States Code (U.S.C.) Sec. 1415(j); 34 C.F.R. Sec. 300.518; Cal. Ed. Code Sec. 56505(d)]. Consulte el <a href=\"https:\/\/serr.disabilityrightsca.org\/sp\/serr-manual\/chapter-6-informacion-sobre-el-debido-proceso-y-los-procedimientos-de-cumplimiento\/\">cap\u00edtulo 6, Informaci\u00f3n sobre el debido proceso y los procedimientos de cumplimiento.<\/a><\/p>\n","protected":false},"excerpt":{"rendered":"<p>Dado que la graduaci\u00f3n con entrega de un diploma normal es un cambio de colocaci\u00f3n que pondr\u00e1 fin a la elegibilidad de su hijo para&hellip;<\/p>\n","protected":false},"author":1,"featured_media":0,"parent":352,"menu_order":16,"comment_status":"closed","ping_status":"closed","template":"","meta":{"footnotes":""},"class_list":["post-2793","page","type-page","status-publish","hentry"],"_links":{"self":[{"href":"https:\/\/serr.disabilityrightsca.org\/sp\/wp-json\/wp\/v2\/pages\/2793","targetHints":{"allow":["GET"]}}],"collection":[{"href":"https:\/\/serr.disabilityrightsca.org\/sp\/wp-json\/wp\/v2\/pages"}],"about":[{"href":"https:\/\/serr.disabilityrightsca.org\/sp\/wp-json\/wp\/v2\/types\/page"}],"author":[{"embeddable":true,"href":"https:\/\/serr.disabilityrightsca.org\/sp\/wp-json\/wp\/v2\/users\/1"}],"replies":[{"embeddable":true,"href":"https:\/\/serr.disabilityrightsca.org\/sp\/wp-json\/wp\/v2\/comments?post=2793"}],"version-history":[{"count":4,"href":"https:\/\/serr.disabilityrightsca.org\/sp\/wp-json\/wp\/v2\/pages\/2793\/revisions"}],"predecessor-version":[{"id":4279,"href":"https:\/\/serr.disabilityrightsca.org\/sp\/wp-json\/wp\/v2\/pages\/2793\/revisions\/4279"}],"up":[{"embeddable":true,"href":"https:\/\/serr.disabilityrightsca.org\/sp\/wp-json\/wp\/v2\/pages\/352"}],"wp:attachment":[{"href":"https:\/\/serr.disabilityrightsca.org\/sp\/wp-json\/wp\/v2\/media?parent=2793"}],"curies":[{"name":"wp","href":"https:\/\/api.w.org\/{rel}","templated":true}]}}