{"id":2795,"date":"2019-12-30T14:21:47","date_gmt":"2019-12-30T22:21:47","guid":{"rendered":"https:\/\/serr.disabilityrightsca.org\/?page_id=2795"},"modified":"2020-08-18T13:22:27","modified_gmt":"2020-08-18T20:22:27","slug":"11-17-si-mi-hijo-planea-realizar-el-examen-de-admision-universitaria-sat-originalmente-prueba-de-aptitud-academica-scholastic-aptitude-test-automaticamente-le-otorgaran-una-adaptacion-si","status":"publish","type":"page","link":"https:\/\/serr.disabilityrightsca.org\/sp\/serr-manual\/capitulo-11-informacion-sobre-las-evaluaciones-estatales-y-los-requisitos-para-la-graduacion\/11-17-si-mi-hijo-planea-realizar-el-examen-de-admision-universitaria-sat-originalmente-prueba-de-aptitud-academica-scholastic-aptitude-test-automaticamente-le-otorgaran-una-adaptacion-si\/","title":{"rendered":"(11.17) Si mi hijo planea realizar el examen de admisi\u00f3n universitaria SAT (originalmente, Prueba de Aptitud Acad\u00e9mica [Scholastic Aptitude Test]), \u00bfautom\u00e1ticamente le otorgar\u00e1n una adaptaci\u00f3n si tiene un IEP o un plan del art\u00edculo 504?"},"content":{"rendered":"\n<p>No. Incluso si su hijo tiene un IEP o un plan del art\u00edculo 504 que\nincluye adaptaciones para la evaluaci\u00f3n, debe solicitar la aprobaci\u00f3n de una\nadaptaci\u00f3n por parte del Consejo Universitario, que administra el SAT. Debe\nenviar documentaci\u00f3n sobre la discapacidad de su hijo y c\u00f3mo esta limita su\ncapacidad de funcionamiento en la situaci\u00f3n de examen. Debe enviar este documento\ncon tiempo suficiente para obtener una decisi\u00f3n (y apelar si es necesario)\nantes de las fechas de la evaluaci\u00f3n. <\/p>\n\n\n\n<p>Para obtener informaci\u00f3n espec\u00edfica del proceso del examen SAT y sus requisitos, visite: <a href=\"https:\/\/www.collegeboard.org\/students-with-disabilities.\">https:\/\/www.collegeboard.org\/students-with-disabilities.<\/a><\/p>\n\n\n\n<p>Las pautas de elegibilidad para las adaptaciones y los procedimientos de aplicaci\u00f3n para la prueba ACT (originalmente, Prueba Universitaria Estadounidense [American College Test]) son similares a los del Consejo Universitario. Para obtener informaci\u00f3n espec\u00edfica sobre la prueba ACT y sus requisitos, visite: <a href=\"http:\/\/www.act.org\/content\/act\/en\/products-and-services\/the-act\/accommodations.html.\">http:\/\/www.act.org\/content\/act\/en\/products-and-services\/the-act\/accommodations.html.<\/a><\/p>\n","protected":false},"excerpt":{"rendered":"<p>No. Incluso si su hijo tiene un IEP o un plan del art\u00edculo 504 que incluye adaptaciones para la evaluaci\u00f3n, debe solicitar la aprobaci\u00f3n de&hellip;<\/p>\n","protected":false},"author":1,"featured_media":0,"parent":352,"menu_order":17,"comment_status":"closed","ping_status":"closed","template":"","meta":{"footnotes":""},"class_list":["post-2795","page","type-page","status-publish","hentry"],"_links":{"self":[{"href":"https:\/\/serr.disabilityrightsca.org\/sp\/wp-json\/wp\/v2\/pages\/2795","targetHints":{"allow":["GET"]}}],"collection":[{"href":"https:\/\/serr.disabilityrightsca.org\/sp\/wp-json\/wp\/v2\/pages"}],"about":[{"href":"https:\/\/serr.disabilityrightsca.org\/sp\/wp-json\/wp\/v2\/types\/page"}],"author":[{"embeddable":true,"href":"https:\/\/serr.disabilityrightsca.org\/sp\/wp-json\/wp\/v2\/users\/1"}],"replies":[{"embeddable":true,"href":"https:\/\/serr.disabilityrightsca.org\/sp\/wp-json\/wp\/v2\/comments?post=2795"}],"version-history":[{"count":5,"href":"https:\/\/serr.disabilityrightsca.org\/sp\/wp-json\/wp\/v2\/pages\/2795\/revisions"}],"predecessor-version":[{"id":4281,"href":"https:\/\/serr.disabilityrightsca.org\/sp\/wp-json\/wp\/v2\/pages\/2795\/revisions\/4281"}],"up":[{"embeddable":true,"href":"https:\/\/serr.disabilityrightsca.org\/sp\/wp-json\/wp\/v2\/pages\/352"}],"wp:attachment":[{"href":"https:\/\/serr.disabilityrightsca.org\/sp\/wp-json\/wp\/v2\/media?parent=2795"}],"curies":[{"name":"wp","href":"https:\/\/api.w.org\/{rel}","templated":true}]}}