{"id":2835,"date":"2019-12-30T15:10:47","date_gmt":"2019-12-30T23:10:47","guid":{"rendered":"https:\/\/serr.disabilityrightsca.org\/?page_id=2835"},"modified":"2020-07-15T14:43:15","modified_gmt":"2020-07-15T21:43:15","slug":"12-1cual-es-la-parte-c-intervencion-temprana-de-la-ley-de-educacion-para-personas-con-discapacidades-individuals-with-disabilities-education-act-idea","status":"publish","type":"page","link":"https:\/\/serr.disabilityrightsca.org\/sp\/serr-manual\/capitulo-12-informacion-sobre-los-servicios-de-intervencion-temprana\/12-1cual-es-la-parte-c-intervencion-temprana-de-la-ley-de-educacion-para-personas-con-discapacidades-individuals-with-disabilities-education-act-idea\/","title":{"rendered":"(12.1)\u00bfCu\u00e1l es la Parte C (\u201cIntervenci\u00f3n temprana\u201d) de la Ley de Educaci\u00f3n para Personas con Discapacidades (Individuals with Disabilities Education Act, IDEA)?"},"content":{"rendered":"\n<p>La Parte C rige el programa federal de\n\u201cintervenci\u00f3n temprana\u201d para beb\u00e9s y ni\u00f1os peque\u00f1os desde su nacimiento hasta\nlos dos a\u00f1os de edad. El prop\u00f3sito de la Parte C incluye lo siguiente:<\/p>\n\n\n\n<p>(1) mejorar el desarrollo de los beb\u00e9s y\nni\u00f1os peque\u00f1os con discapacidades, minimizar el potencial de retrasos en su\ndesarrollo y reconocer el desarrollo cerebral significativo que ocurre durante\nlos primeros tres a\u00f1os de vida de un ni\u00f1o;<\/p>\n\n\n\n<p>(2) reducir los costos educativos al\nminimizar la necesidad de educaci\u00f3n especial y servicios relacionados una vez\nque los beb\u00e9s y ni\u00f1os peque\u00f1os con discapacidades alcanzan la edad escolar;<\/p>\n\n\n\n<p>(3) maximizar su potencial para alcanzar un\nmodo de vida independiente;<\/p>\n\n\n\n<p>(4) mejorar la capacidad de las familias\npara satisfacer las necesidades especiales de sus beb\u00e9s y ni\u00f1os peque\u00f1os;<\/p>\n\n\n\n<p>(5) mejorar la capacidad de los organismos\np\u00fablicos y los proveedores de servicios para identificar, evaluar y satisfacer\nlas necesidades de \u201cpoblaciones hist\u00f3ricamente infrarrepresentadas\u201d (en\nespecial, minor\u00edas, familias de bajos ingresos, familias que habiten en zonas\nmarginales y rurales, y beb\u00e9s y ni\u00f1os peque\u00f1os en acogida temporal).<\/p>\n\n\n\n<p>[20 United States Code (U.S.C.) Sec.\n1431(a)].<\/p>\n\n\n\n<p>Con el fin de lograr este prop\u00f3sito, el\nGobierno federal les proporciona asistencia financiera a los estados: \u201cpara\ndesarrollar e implementar un sistema estatal integral, coordinado,\nmultidisciplinario e interinstitucional que brinde servicios de intervenci\u00f3n\ntemprana para beb\u00e9s y ni\u00f1os peque\u00f1os con discapacidades y para sus familias\u201d.\n[20 U.S.C. Sec. 1431(b)(1)].<\/p>\n","protected":false},"excerpt":{"rendered":"<p>La Parte C rige el programa federal de \u201cintervenci\u00f3n temprana\u201d para beb\u00e9s y ni\u00f1os peque\u00f1os desde su nacimiento hasta los dos a\u00f1os de edad. El&hellip;<\/p>\n","protected":false},"author":1,"featured_media":0,"parent":355,"menu_order":1,"comment_status":"closed","ping_status":"closed","template":"","meta":{"footnotes":""},"class_list":["post-2835","page","type-page","status-publish","hentry"],"_links":{"self":[{"href":"https:\/\/serr.disabilityrightsca.org\/sp\/wp-json\/wp\/v2\/pages\/2835","targetHints":{"allow":["GET"]}}],"collection":[{"href":"https:\/\/serr.disabilityrightsca.org\/sp\/wp-json\/wp\/v2\/pages"}],"about":[{"href":"https:\/\/serr.disabilityrightsca.org\/sp\/wp-json\/wp\/v2\/types\/page"}],"author":[{"embeddable":true,"href":"https:\/\/serr.disabilityrightsca.org\/sp\/wp-json\/wp\/v2\/users\/1"}],"replies":[{"embeddable":true,"href":"https:\/\/serr.disabilityrightsca.org\/sp\/wp-json\/wp\/v2\/comments?post=2835"}],"version-history":[{"count":2,"href":"https:\/\/serr.disabilityrightsca.org\/sp\/wp-json\/wp\/v2\/pages\/2835\/revisions"}],"predecessor-version":[{"id":3882,"href":"https:\/\/serr.disabilityrightsca.org\/sp\/wp-json\/wp\/v2\/pages\/2835\/revisions\/3882"}],"up":[{"embeddable":true,"href":"https:\/\/serr.disabilityrightsca.org\/sp\/wp-json\/wp\/v2\/pages\/355"}],"wp:attachment":[{"href":"https:\/\/serr.disabilityrightsca.org\/sp\/wp-json\/wp\/v2\/media?parent=2835"}],"curies":[{"name":"wp","href":"https:\/\/api.w.org\/{rel}","templated":true}]}}