{"id":2837,"date":"2019-12-30T15:11:16","date_gmt":"2019-12-30T23:11:16","guid":{"rendered":"https:\/\/serr.disabilityrightsca.org\/?page_id=2837"},"modified":"2020-07-15T14:44:41","modified_gmt":"2020-07-15T21:44:41","slug":"12-2-california-tiene-una-legislacion-propia-que-afecte-a-los-bebes-y-ninos-pequenos","status":"publish","type":"page","link":"https:\/\/serr.disabilityrightsca.org\/sp\/serr-manual\/capitulo-12-informacion-sobre-los-servicios-de-intervencion-temprana\/12-2-california-tiene-una-legislacion-propia-que-afecte-a-los-bebes-y-ninos-pequenos\/","title":{"rendered":"(12.2) \u00bfCalifornia tiene una legislaci\u00f3n propia que afecte a los beb\u00e9s y ni\u00f1os peque\u00f1os?"},"content":{"rendered":"\n<p> S\u00ed. La Ley de Servicios de Intervenci\u00f3n Temprana (Early Intervention Services Act) de California se dise\u00f1\u00f3 para \u201cproporcionar un sistema estatal de programas coordinados, integrales, centrados en la familia, multidisciplinarios e interinstitucionales con el fin de brindar servicios y apoyos adecuados de intervenci\u00f3n temprana para todos los beb\u00e9s y ni\u00f1os peque\u00f1os que resulten elegibles y para sus familias\u201d. [California Government Code (Cal. Gov. Code) Sec. 95002]. <\/p>\n","protected":false},"excerpt":{"rendered":"<p>S\u00ed. La Ley de Servicios de Intervenci\u00f3n Temprana (Early Intervention Services Act) de California se dise\u00f1\u00f3 para \u201cproporcionar un sistema estatal de programas coordinados, integrales,&hellip;<\/p>\n","protected":false},"author":1,"featured_media":0,"parent":355,"menu_order":2,"comment_status":"closed","ping_status":"closed","template":"","meta":{"footnotes":""},"class_list":["post-2837","page","type-page","status-publish","hentry"],"_links":{"self":[{"href":"https:\/\/serr.disabilityrightsca.org\/sp\/wp-json\/wp\/v2\/pages\/2837","targetHints":{"allow":["GET"]}}],"collection":[{"href":"https:\/\/serr.disabilityrightsca.org\/sp\/wp-json\/wp\/v2\/pages"}],"about":[{"href":"https:\/\/serr.disabilityrightsca.org\/sp\/wp-json\/wp\/v2\/types\/page"}],"author":[{"embeddable":true,"href":"https:\/\/serr.disabilityrightsca.org\/sp\/wp-json\/wp\/v2\/users\/1"}],"replies":[{"embeddable":true,"href":"https:\/\/serr.disabilityrightsca.org\/sp\/wp-json\/wp\/v2\/comments?post=2837"}],"version-history":[{"count":3,"href":"https:\/\/serr.disabilityrightsca.org\/sp\/wp-json\/wp\/v2\/pages\/2837\/revisions"}],"predecessor-version":[{"id":3883,"href":"https:\/\/serr.disabilityrightsca.org\/sp\/wp-json\/wp\/v2\/pages\/2837\/revisions\/3883"}],"up":[{"embeddable":true,"href":"https:\/\/serr.disabilityrightsca.org\/sp\/wp-json\/wp\/v2\/pages\/355"}],"wp:attachment":[{"href":"https:\/\/serr.disabilityrightsca.org\/sp\/wp-json\/wp\/v2\/media?parent=2837"}],"curies":[{"name":"wp","href":"https:\/\/api.w.org\/{rel}","templated":true}]}}