{"id":2840,"date":"2019-12-30T15:13:10","date_gmt":"2019-12-30T23:13:10","guid":{"rendered":"https:\/\/serr.disabilityrightsca.org\/?page_id=2840"},"modified":"2020-07-15T14:45:32","modified_gmt":"2020-07-15T21:45:32","slug":"12-3-cuales-son-los-organismos-responsables-de-garantizar-que-los-bebes-y-ninos-pequenos-accedan-a-los-servicios","status":"publish","type":"page","link":"https:\/\/serr.disabilityrightsca.org\/sp\/serr-manual\/capitulo-12-informacion-sobre-los-servicios-de-intervencion-temprana\/12-3-cuales-son-los-organismos-responsables-de-garantizar-que-los-bebes-y-ninos-pequenos-accedan-a-los-servicios\/","title":{"rendered":"(12.3) \u00bfCu\u00e1les son los organismos responsables de garantizar que los beb\u00e9s y ni\u00f1os peque\u00f1os accedan a los servicios?"},"content":{"rendered":"\n<p>Todos los distritos escolares y los centros\nregionales de California son responsables de brindar servicios educativos y de\nintervenci\u00f3n temprana para los beb\u00e9s y ni\u00f1os peque\u00f1os menores de tres a\u00f1os que\nresulten elegibles. Se ha designado al Departamento de Servicios del Desarrollo\n(Department of Developmental Services, DDS) como organismo principal\nresponsable de la administraci\u00f3n y coordinaci\u00f3n del sistema estatal de\nprestaci\u00f3n de servicios. [Cal. Gov. Code Secs. 95006 &amp; 95007].<\/p>\n\n\n\n<p>El Departamento de Educaci\u00f3n de California\n(California Department of Education, CDE) es responsable de administrar los\nservicios y brindar programas educativos para beb\u00e9s que cumplan con los\nsiguientes criterios:<\/p>\n\n\n\n<p>(1) tener exclusivamente discapacidades \u201cde\nbaja incidencia\u201d: afecciones presentes en menos del 1&nbsp;% de la poblaci\u00f3n\nescolar, que son exclusivamente deficiencias visuales y auditivas o problemas\nortop\u00e9dicos graves, o toda combinaci\u00f3n de estos;<\/p>\n\n\n\n<p>(2) necesitar educaci\u00f3n y servicios\nespeciales e intensivos. El centro regional del \u00e1rea local es responsable de\nprestar servicios de intervenci\u00f3n temprana a todos los dem\u00e1s beb\u00e9s elegibles,\nincluidos los ni\u00f1os con retrasos en el desarrollo o con riesgo de retraso.\n[Cal. Ed. Code Secs. 56026 &amp; 56026.5; Cal. Gov. Code Secs. 95008 and\n95014(b); 5 California Code of Regulations (C.C.R.) Sec. 3031].<\/p>\n","protected":false},"excerpt":{"rendered":"<p>Todos los distritos escolares y los centros regionales de California son responsables de brindar servicios educativos y de intervenci\u00f3n temprana para los beb\u00e9s y ni\u00f1os&hellip;<\/p>\n","protected":false},"author":1,"featured_media":0,"parent":355,"menu_order":3,"comment_status":"closed","ping_status":"closed","template":"","meta":{"footnotes":""},"class_list":["post-2840","page","type-page","status-publish","hentry"],"_links":{"self":[{"href":"https:\/\/serr.disabilityrightsca.org\/sp\/wp-json\/wp\/v2\/pages\/2840","targetHints":{"allow":["GET"]}}],"collection":[{"href":"https:\/\/serr.disabilityrightsca.org\/sp\/wp-json\/wp\/v2\/pages"}],"about":[{"href":"https:\/\/serr.disabilityrightsca.org\/sp\/wp-json\/wp\/v2\/types\/page"}],"author":[{"embeddable":true,"href":"https:\/\/serr.disabilityrightsca.org\/sp\/wp-json\/wp\/v2\/users\/1"}],"replies":[{"embeddable":true,"href":"https:\/\/serr.disabilityrightsca.org\/sp\/wp-json\/wp\/v2\/comments?post=2840"}],"version-history":[{"count":2,"href":"https:\/\/serr.disabilityrightsca.org\/sp\/wp-json\/wp\/v2\/pages\/2840\/revisions"}],"predecessor-version":[{"id":3884,"href":"https:\/\/serr.disabilityrightsca.org\/sp\/wp-json\/wp\/v2\/pages\/2840\/revisions\/3884"}],"up":[{"embeddable":true,"href":"https:\/\/serr.disabilityrightsca.org\/sp\/wp-json\/wp\/v2\/pages\/355"}],"wp:attachment":[{"href":"https:\/\/serr.disabilityrightsca.org\/sp\/wp-json\/wp\/v2\/media?parent=2840"}],"curies":[{"name":"wp","href":"https:\/\/api.w.org\/{rel}","templated":true}]}}